{"id":685,"date":"2019-12-17T20:32:32","date_gmt":"2019-12-17T19:32:32","guid":{"rendered":"https:\/\/centrevaldeloirebasketballpatrimoine.org\/?page_id=685"},"modified":"2025-05-17T15:10:34","modified_gmt":"2025-05-17T13:10:34","slug":"28-5","status":"publish","type":"page","link":"https:\/\/centrevaldeloirebasketballpatrimoine.org\/index.php\/28-5\/","title":{"rendered":"Les Joueurs Internationaux du 28"},"content":{"rendered":"\n<h2 class=\"wp-block-heading has-text-align-center\">Guerschon Yabusele<\/h2>\n\n\n<div class=\"wp-block-image\">\n<figure class=\"aligncenter size-full is-resized\"><img decoding=\"async\" width=\"599\" height=\"788\" data-src=\"https:\/\/centrevaldeloirebasketballpatrimoine.org\/wp-content\/uploads\/2023\/08\/Yabusele-photo-FFBB.jpg\" alt=\"\" class=\"wp-image-44450 lazyload\" style=\"--smush-placeholder-width: 599px; --smush-placeholder-aspect-ratio: 599\/788;width:213px;height:280px\" data-srcset=\"https:\/\/centrevaldeloirebasketballpatrimoine.org\/wp-content\/uploads\/2023\/08\/Yabusele-photo-FFBB.jpg 599w, https:\/\/centrevaldeloirebasketballpatrimoine.org\/wp-content\/uploads\/2023\/08\/Yabusele-photo-FFBB-228x300.jpg 228w\" data-sizes=\"(max-width: 599px) 100vw, 599px\" src=\"data:image\/gif;base64,R0lGODlhAQABAAAAACH5BAEKAAEALAAAAAABAAEAAAICTAEAOw==\" \/><\/figure>\n<\/div>\n\n\n<p class=\"has-text-align-center\">Source : M\u00e9diath\u00e8que FFBB<\/p>\n\n\n\n<p>n\u00e9 le 17 d\u00e9cembre 1995 \u00e0 Dreux (Eure et Loir)<\/p>\n\n\n\n<p>2m 03<\/p>\n\n\n\n<p>Ailier fort<\/p>\n\n\n\n<p>Il commence le Basket en poussin \u00e0 l&rsquo;Alliance de Dreux.<\/p>\n\n\n\n<p>De 2008 \u00e0 2010 il joue \u00e0 l&rsquo;Amicale de Luc\u00e9 Basket en minimes France.<\/p>\n\n\n\n<p>Pendant ces 2 ans il int\u00e8gre le P\u00f4le espoirs de Tours.<\/p>\n\n\n\n<p>En 2010, il rejoint le centre de formation de la Chorale de Roanne o\u00f9 il joue en Cadets France et en Espoirs de Pro A.<\/p>\n\n\n\n<p>Le 29 octobre 2013, \u00e2g\u00e9 seulement de 17 ans, il fait ses premiers pas en Pro A.<\/p>\n\n\n\n<p><em><strong><span class=\"has-inline-color has-primary-color\">Carri\u00e8re en \u00e9quipe de France<\/span><\/strong><\/em><\/p>\n\n\n\n<p>Nombre de s\u00e9lections 52<\/p>\n\n\n\n<p>Nombre de points 598<\/p>\n\n\n\n<p><strong><em><span class=\"has-inline-color has-primary-color\">Palmar\u00e8s en \u00e9quipe de France<\/span><\/em><\/strong><\/p>\n\n\n\n<p><img decoding=\"async\" width=\"16\" height=\"16\" data-srcset=\"\/\/upload.wikimedia.org\/wikipedia\/commons\/thumb\/6\/67\/Silver_medal_olympic.svg\/24px-Silver_medal_olympic.svg.png 1.5x, \/\/upload.wikimedia.org\/wikipedia\/commons\/thumb\/6\/67\/Silver_medal_olympic.svg\/32px-Silver_medal_olympic.svg.png 2x\" data-src=\"https:\/\/upload.wikimedia.org\/wikipedia\/commons\/thumb\/6\/67\/Silver_medal_olympic.svg\/16px-Silver_medal_olympic.svg.png\" alt=\"M\u00e9daille d'argent, Jeux olympiques\" src=\"data:image\/gif;base64,R0lGODlhAQABAAAAACH5BAEKAAEALAAAAAABAAEAAAICTAEAOw==\" class=\"lazyload\" style=\"--smush-placeholder-width: 16px; --smush-placeholder-aspect-ratio: 16\/16;\">&nbsp;M\u00e9daille d&rsquo;argent au Championnat d&rsquo;Europe 2022 en Allemagne<\/p>\n\n\n\n<p><img decoding=\"async\" width=\"16\" height=\"16\" data-srcset=\"\/\/upload.wikimedia.org\/wikipedia\/commons\/thumb\/6\/67\/Silver_medal_olympic.svg\/24px-Silver_medal_olympic.svg.png 1.5x, \/\/upload.wikimedia.org\/wikipedia\/commons\/thumb\/6\/67\/Silver_medal_olympic.svg\/32px-Silver_medal_olympic.svg.png 2x\" data-src=\"https:\/\/upload.wikimedia.org\/wikipedia\/commons\/thumb\/6\/67\/Silver_medal_olympic.svg\/16px-Silver_medal_olympic.svg.png\" alt=\"M\u00e9daille d'argent, Jeux olympiques\" src=\"data:image\/gif;base64,R0lGODlhAQABAAAAACH5BAEKAAEALAAAAAABAAEAAAICTAEAOw==\" class=\"lazyload\" style=\"--smush-placeholder-width: 16px; --smush-placeholder-aspect-ratio: 16\/16;\">&nbsp;M\u00e9daille d\u2019argent aux&nbsp;<a href=\"https:\/\/fr.wikipedia.org\/wiki\/Jeux_olympiques\">Jeux olympiques<\/a>&nbsp;en&nbsp;<a href=\"https:\/\/fr.wikipedia.org\/wiki\/Jeux_olympiques_d%E2%80%99%C3%A9t%C3%A9_de_2020\">2021<\/a>.<\/p>\n\n\n\n<p><img decoding=\"async\" width=\"16\" height=\"16\" data-srcset=\"\/\/upload.wikimedia.org\/wikipedia\/commons\/thumb\/6\/67\/Silver_medal_olympic.svg\/24px-Silver_medal_olympic.svg.png 1.5x, \/\/upload.wikimedia.org\/wikipedia\/commons\/thumb\/6\/67\/Silver_medal_olympic.svg\/32px-Silver_medal_olympic.svg.png 2x\" data-src=\"https:\/\/upload.wikimedia.org\/wikipedia\/commons\/thumb\/6\/67\/Silver_medal_olympic.svg\/16px-Silver_medal_olympic.svg.png\" alt=\"M\u00e9daille d'argent, Jeux olympiques\" src=\"data:image\/gif;base64,R0lGODlhAQABAAAAACH5BAEKAAEALAAAAAABAAEAAAICTAEAOw==\" class=\"lazyload\" style=\"--smush-placeholder-width: 16px; --smush-placeholder-aspect-ratio: 16\/16;\"> M\u00e9daille d&rsquo;argent aux Jeux Olympiques de Paris en 2024 (auteur d&rsquo;un dunk m\u00e9morable en finale sur LeBron James).<\/p>\n\n\n<div class=\"wp-block-image is-style-default\">\n<figure class=\"aligncenter size-full is-resized\"><img decoding=\"async\" width=\"328\" height=\"507\" data-src=\"https:\/\/centrevaldeloirebasketballpatrimoine.org\/wp-content\/uploads\/2025\/05\/Le-Dunk-Incroyable-de-Guershon-Yabusele.jpg\" alt=\"\" class=\"wp-image-74165 lazyload\" style=\"--smush-placeholder-width: 328px; --smush-placeholder-aspect-ratio: 328\/507;width:232px;height:auto\" data-srcset=\"https:\/\/centrevaldeloirebasketballpatrimoine.org\/wp-content\/uploads\/2025\/05\/Le-Dunk-Incroyable-de-Guershon-Yabusele.jpg 328w, https:\/\/centrevaldeloirebasketballpatrimoine.org\/wp-content\/uploads\/2025\/05\/Le-Dunk-Incroyable-de-Guershon-Yabusele-194x300.jpg 194w\" data-sizes=\"(max-width: 328px) 100vw, 328px\" src=\"data:image\/gif;base64,R0lGODlhAQABAAAAACH5BAEKAAEALAAAAAABAAEAAAICTAEAOw==\" \/><\/figure>\n<\/div>\n\n\n<p><strong><em><span class=\"has-inline-color has-primary-color\">Carri\u00e8re en club<\/span><\/em><\/strong><\/p>\n\n\n\n<ul class=\"wp-block-list\">\n<li>2013-2015&nbsp;:&nbsp;<a href=\"https:\/\/commons.wikimedia.org\/wiki\/File:Flag_of_France.svg?uselang=fr\"><\/a>&nbsp;<a href=\"https:\/\/fr.wikipedia.org\/wiki\/Chorale_Roanne_Basket\">Chorale de Roanne<\/a>&nbsp;(<a href=\"https:\/\/fr.wikipedia.org\/wiki\/Championnat_de_France_de_basket-ball\">Pro A<\/a>&nbsp;puis&nbsp;<a href=\"https:\/\/fr.wikipedia.org\/wiki\/Championnat_de_France_de_basket-ball_de_deuxi%C3%A8me_division\">Pro B<\/a>)<\/li>\n\n\n\n<li>2015-2016&nbsp;:&nbsp;<a href=\"https:\/\/commons.wikimedia.org\/wiki\/File:Flag_of_France.svg?uselang=fr\"><\/a>&nbsp;<a href=\"https:\/\/fr.wikipedia.org\/wiki\/Rouen_M%C3%A9tropole_Basket\">Rouen M\u00e9tropole Basket<\/a>&nbsp;(Pro A)<\/li>\n\n\n\n<li>2016-2017&nbsp;:&nbsp;<a href=\"https:\/\/commons.wikimedia.org\/wiki\/File:Flag_of_the_People%27s_Republic_of_China.svg?uselang=fr\"><\/a>&nbsp;<a href=\"https:\/\/fr.wikipedia.org\/wiki\/Shanghai_Sharks\">Shanghai Sharks<\/a> Chine &nbsp;(<a href=\"https:\/\/fr.wikipedia.org\/wiki\/Chinese_Basketball_Association\">CBA<\/a>)<\/li>\n\n\n\n<li>2017&nbsp;:&nbsp;<a href=\"https:\/\/commons.wikimedia.org\/wiki\/File:Flag_of_the_United_States.svg?uselang=fr\"><\/a>&nbsp;<a href=\"https:\/\/fr.wikipedia.org\/wiki\/Red_Claws_du_Maine\">Red Claws du Maine<\/a>&nbsp;Etats Unis (<a href=\"https:\/\/fr.wikipedia.org\/wiki\/D-League\">D-League<\/a>)<\/li>\n\n\n\n<li>2017-2019&nbsp;:&nbsp;<a href=\"https:\/\/commons.wikimedia.org\/wiki\/File:Flag_of_the_United_States.svg?uselang=fr\"><\/a>&nbsp;<a href=\"https:\/\/fr.wikipedia.org\/wiki\/Celtics_de_Boston\">Celtics de Boston<\/a>&nbsp;(<a href=\"https:\/\/fr.wikipedia.org\/wiki\/NBA\">NBA<\/a>) \/&nbsp;<a href=\"https:\/\/fr.wikipedia.org\/wiki\/Red_Claws_du_Maine\">Red Claws du Maine<\/a>                Etats Unis&nbsp;(<a href=\"https:\/\/fr.wikipedia.org\/wiki\/G-League\">G-League<\/a>)<\/li>\n\n\n\n<li>2019-2020&nbsp;:&nbsp;<a href=\"https:\/\/commons.wikimedia.org\/wiki\/File:Flag_of_the_People%27s_Republic_of_China.svg?uselang=fr\"><\/a>&nbsp;<a href=\"https:\/\/fr.wikipedia.org\/wiki\/Nanjing_Monkey_Kings\">Nanjing Monkey Kings<\/a>&nbsp;Chine (CBA)<\/li>\n\n\n\n<li>f\u00e9v. 2020-2021&nbsp;:&nbsp;<a href=\"https:\/\/commons.wikimedia.org\/wiki\/File:Flag_of_France.svg?uselang=fr\"><\/a>&nbsp;<a href=\"https:\/\/fr.wikipedia.org\/wiki\/ASVEL_Lyon-Villeurbanne\">ASVEL Lyon-Villeurbanne<\/a>&nbsp;(<a href=\"https:\/\/fr.wikipedia.org\/wiki\/Championnat_de_France_de_basket-ball\">Jeep \u00c9lite<\/a>)<\/li>\n\n\n\n<li> 2021-2024&nbsp;:&nbsp;<a href=\"https:\/\/commons.wikimedia.org\/wiki\/File:Flag_of_Spain.svg?uselang=fr\"><\/a>&nbsp;<a href=\"https:\/\/fr.wikipedia.org\/wiki\/Real_Madrid_(basket-ball)\">Real Madrid<\/a>&nbsp;Espagne (<a href=\"https:\/\/fr.wikipedia.org\/wiki\/Championnat_d%27Espagne_de_basket-ball\">Liga Endesa<\/a>)<\/li>\n\n\n\n<li>2024-2025 : 76ers de Philadelphie<\/li>\n<\/ul>\n\n\n\n<p><em><strong><span class=\"has-inline-color has-primary-color\">Palmar\u00e8s en club<\/span><\/strong><\/em><\/p>\n\n\n\n<ul class=\"wp-block-list\">\n<li>Vainqueur de la&nbsp;<a href=\"https:\/\/fr.wikipedia.org\/wiki\/Coupe_de_France_de_basket-ball_2020-2021\">Coupe de France 2020-2021<\/a>&nbsp;avec&nbsp;<a href=\"https:\/\/fr.wikipedia.org\/wiki\/ASVEL_Lyon-Villeurbanne\">ASVEL Lyon-Villeurbanne<\/a><\/li>\n\n\n\n<li><a href=\"https:\/\/fr.wikipedia.org\/wiki\/Championnat_de_France_de_basket-ball_2020-2021\">Champion de France 2020-2021<\/a>&nbsp;avec l&rsquo;ASVEL<\/li>\n\n\n\n<li>Champion d&rsquo;Espagne 2022 et 2024 avec la R\u00e9al Madrid<\/li>\n\n\n\n<li>Vainqueur de la Super Coupe d&rsquo;Espagne 2021,2022 et 2023 avec le R\u00e9al Madrid<\/li>\n\n\n\n<li>Vainqueur de l&rsquo;Euroligue en 2023 avec le R\u00e9al Madrid<\/li>\n\n\n\n<li>Vainqueur de la Coupe du Roi en 2024 avec la R\u00e9al Madrid<\/li>\n\n\n\n<li>Finaliste de l&rsquo;Euroligue 2024 avec le R\u00e9al Madrid<\/li>\n<\/ul>\n\n\n\n<p><strong><em><span class=\"has-inline-color has-primary-color\">Distinctions re\u00e7ues<\/span><\/em><\/strong><\/p>\n\n\n\n<ul class=\"wp-block-list\">\n<li>Meilleur&nbsp;<a href=\"https:\/\/fr.wikipedia.org\/wiki\/Ailier_fort\">ailier fort<\/a>&nbsp;du championnat Espoirs Pro A en 2013-2014.<\/li>\n\n\n\n<li>All-Star&nbsp;<a href=\"https:\/\/fr.wikipedia.org\/wiki\/Chinese_Basketball_Association\">CBA<\/a>&nbsp;en 2017.<\/li>\n\n\n\n<li>MVP du mois de Janvier 2022 en Euroligue<\/li>\n\n\n\n<li><a href=\"https:\/\/commons.wikimedia.org\/wiki\/File:Ordre_national_du_Merite_Chevalier_ribbon.svg?uselang=fr\"><\/a>&nbsp;<a href=\"https:\/\/fr.wikipedia.org\/wiki\/Ordre_national_du_M%C3%A9rite_(France)\">Chevalier de l&rsquo;ordre national du M\u00e9rite<\/a>&nbsp;(d\u00e9cret du&nbsp;8 septembre 2021)<\/li>\n\n\n\n<li>Elu dans la FIBA All-Second Team des Jeux Olympiques de Paris 2024<\/li>\n<\/ul>\n\n\n<div class=\"wp-block-image\">\n<figure class=\"aligncenter size-large is-resized\"><img decoding=\"async\" width=\"547\" height=\"1024\" data-src=\"https:\/\/centrevaldeloirebasketballpatrimoine.org\/wp-content\/uploads\/2021\/11\/3-GY-547x1024.jpg\" alt=\"\" class=\"wp-image-24609 lazyload\" style=\"--smush-placeholder-width: 547px; --smush-placeholder-aspect-ratio: 547\/1024;width:182px;height:341px\" data-srcset=\"https:\/\/centrevaldeloirebasketballpatrimoine.org\/wp-content\/uploads\/2021\/11\/3-GY-547x1024.jpg 547w, https:\/\/centrevaldeloirebasketballpatrimoine.org\/wp-content\/uploads\/2021\/11\/3-GY-160x300.jpg 160w, https:\/\/centrevaldeloirebasketballpatrimoine.org\/wp-content\/uploads\/2021\/11\/3-GY.jpg 598w\" data-sizes=\"(max-width: 547px) 100vw, 547px\" src=\"data:image\/gif;base64,R0lGODlhAQABAAAAACH5BAEKAAEALAAAAAABAAEAAAICTAEAOw==\" \/><figcaption class=\"wp-element-caption\"><em><strong><span class=\"has-inline-color has-primary-color\">Guerschon Yabusele<\/span><\/strong><\/em><\/figcaption><\/figure>\n<\/div>\n\n\n<p class=\"has-text-align-center\">Source : M\u00e9diath\u00e8que FFBB<\/p>\n\n\n\n<hr class=\"wp-block-separator has-css-opacity\"\/>\n","protected":false},"excerpt":{"rendered":"<p>Guerschon Yabusele Source : M\u00e9diath\u00e8que FFBB n\u00e9 le 17 d\u00e9cembre 1995 \u00e0 Dreux (Eure et Loir) 2m 03 Ailier fort Il commence le Basket en poussin \u00e0 l&rsquo;Alliance de Dreux. [&hellip;]<\/p>\n","protected":false},"author":6,"featured_media":0,"parent":0,"menu_order":0,"comment_status":"closed","ping_status":"closed","template":"","meta":{"footnotes":""},"class_list":["post-685","page","type-page","status-publish","hentry"],"yoast_head":"<!-- This site is optimized with the Yoast SEO plugin v27.5 - https:\/\/yoast.com\/product\/yoast-seo-wordpress\/ -->\n<title>Les Joueurs Internationaux du 28 - patrimoine<\/title>\n<meta name=\"description\" content=\"Patrimoine historique du basket en r\u00e9gion Centre-Val de Loire.\" \/>\n<meta name=\"robots\" content=\"index, follow, max-snippet:-1, max-image-preview:large, max-video-preview:-1\" \/>\n<link rel=\"canonical\" href=\"https:\/\/centrevaldeloirebasketballpatrimoine.org\/index.php\/28-5\/\" \/>\n<meta property=\"og:locale\" content=\"fr_FR\" \/>\n<meta property=\"og:type\" content=\"article\" \/>\n<meta property=\"og:title\" content=\"Les Joueurs Internationaux du 28 - patrimoine\" \/>\n<meta property=\"og:description\" content=\"Patrimoine historique du basket en r\u00e9gion Centre-Val de Loire.\" \/>\n<meta property=\"og:url\" content=\"https:\/\/centrevaldeloirebasketballpatrimoine.org\/index.php\/28-5\/\" \/>\n<meta property=\"article:publisher\" content=\"https:\/\/www.facebook.com\/LigueBasketCentre\" \/>\n<meta property=\"article:modified_time\" content=\"2025-05-17T13:10:34+00:00\" \/>\n<meta property=\"og:image\" content=\"https:\/\/centrevaldeloirebasketballpatrimoine.org\/wp-content\/uploads\/2023\/08\/Yabusele-photo-FFBB.jpg\" \/>\n\t<meta property=\"og:image:width\" content=\"599\" \/>\n\t<meta property=\"og:image:height\" content=\"788\" \/>\n\t<meta property=\"og:image:type\" content=\"image\/jpeg\" \/>\n<meta name=\"twitter:card\" content=\"summary_large_image\" \/>\n<meta name=\"twitter:site\" content=\"@BasketCentre\" \/>\n<meta name=\"twitter:label1\" content=\"Dur\u00e9e de lecture estim\u00e9e\" \/>\n\t<meta name=\"twitter:data1\" content=\"3 minutes\" \/>\n<script type=\"application\/ld+json\" class=\"yoast-schema-graph\">{\"@context\":\"https:\\\/\\\/schema.org\",\"@graph\":[{\"@type\":\"WebPage\",\"@id\":\"https:\\\/\\\/centrevaldeloirebasketballpatrimoine.org\\\/index.php\\\/28-5\\\/\",\"url\":\"https:\\\/\\\/centrevaldeloirebasketballpatrimoine.org\\\/index.php\\\/28-5\\\/\",\"name\":\"Les Joueurs Internationaux du 28 - patrimoine\",\"isPartOf\":{\"@id\":\"https:\\\/\\\/centrevaldeloirebasketballpatrimoine.org\\\/#website\"},\"primaryImageOfPage\":{\"@id\":\"https:\\\/\\\/centrevaldeloirebasketballpatrimoine.org\\\/index.php\\\/28-5\\\/#primaryimage\"},\"image\":{\"@id\":\"https:\\\/\\\/centrevaldeloirebasketballpatrimoine.org\\\/index.php\\\/28-5\\\/#primaryimage\"},\"thumbnailUrl\":\"https:\\\/\\\/centrevaldeloirebasketballpatrimoine.org\\\/wp-content\\\/uploads\\\/2023\\\/08\\\/Yabusele-photo-FFBB.jpg\",\"datePublished\":\"2019-12-17T19:32:32+00:00\",\"dateModified\":\"2025-05-17T13:10:34+00:00\",\"description\":\"Patrimoine historique du basket en r\u00e9gion Centre-Val de Loire.\",\"breadcrumb\":{\"@id\":\"https:\\\/\\\/centrevaldeloirebasketballpatrimoine.org\\\/index.php\\\/28-5\\\/#breadcrumb\"},\"inLanguage\":\"fr-FR\",\"potentialAction\":[{\"@type\":\"ReadAction\",\"target\":[\"https:\\\/\\\/centrevaldeloirebasketballpatrimoine.org\\\/index.php\\\/28-5\\\/\"]}]},{\"@type\":\"ImageObject\",\"inLanguage\":\"fr-FR\",\"@id\":\"https:\\\/\\\/centrevaldeloirebasketballpatrimoine.org\\\/index.php\\\/28-5\\\/#primaryimage\",\"url\":\"https:\\\/\\\/centrevaldeloirebasketballpatrimoine.org\\\/wp-content\\\/uploads\\\/2023\\\/08\\\/Yabusele-photo-FFBB.jpg\",\"contentUrl\":\"https:\\\/\\\/centrevaldeloirebasketballpatrimoine.org\\\/wp-content\\\/uploads\\\/2023\\\/08\\\/Yabusele-photo-FFBB.jpg\",\"width\":599,\"height\":788},{\"@type\":\"BreadcrumbList\",\"@id\":\"https:\\\/\\\/centrevaldeloirebasketballpatrimoine.org\\\/index.php\\\/28-5\\\/#breadcrumb\",\"itemListElement\":[{\"@type\":\"ListItem\",\"position\":1,\"name\":\"Accueil\",\"item\":\"https:\\\/\\\/centrevaldeloirebasketballpatrimoine.org\\\/\"},{\"@type\":\"ListItem\",\"position\":2,\"name\":\"Les Joueurs Internationaux du 28\"}]},{\"@type\":\"WebSite\",\"@id\":\"https:\\\/\\\/centrevaldeloirebasketballpatrimoine.org\\\/#website\",\"url\":\"https:\\\/\\\/centrevaldeloirebasketballpatrimoine.org\\\/\",\"name\":\"\",\"description\":\"Site officiel Commission Patrimoine de la Ligue Centre-Val de Loire de BasketBall\",\"publisher\":{\"@id\":\"https:\\\/\\\/centrevaldeloirebasketballpatrimoine.org\\\/#organization\"},\"potentialAction\":[{\"@type\":\"SearchAction\",\"target\":{\"@type\":\"EntryPoint\",\"urlTemplate\":\"https:\\\/\\\/centrevaldeloirebasketballpatrimoine.org\\\/?s={search_term_string}\"},\"query-input\":{\"@type\":\"PropertyValueSpecification\",\"valueRequired\":true,\"valueName\":\"search_term_string\"}}],\"inLanguage\":\"fr-FR\"},{\"@type\":\"Organization\",\"@id\":\"https:\\\/\\\/centrevaldeloirebasketballpatrimoine.org\\\/#organization\",\"name\":\"Patrimoine Basket Ligue Centre-Val de Loire\",\"url\":\"https:\\\/\\\/centrevaldeloirebasketballpatrimoine.org\\\/\",\"logo\":{\"@type\":\"ImageObject\",\"inLanguage\":\"fr-FR\",\"@id\":\"https:\\\/\\\/centrevaldeloirebasketballpatrimoine.org\\\/#\\\/schema\\\/logo\\\/image\\\/\",\"url\":\"https:\\\/\\\/i0.wp.com\\\/centrevaldeloirebasketballpatrimoine.org\\\/wp-content\\\/uploads\\\/2019\\\/06\\\/LigueRegionale-CENTRE-VAL-DE-LOIRE-Vertical-694x1024.jpg?fit=694%2C1024&ssl=1\",\"contentUrl\":\"https:\\\/\\\/i0.wp.com\\\/centrevaldeloirebasketballpatrimoine.org\\\/wp-content\\\/uploads\\\/2019\\\/06\\\/LigueRegionale-CENTRE-VAL-DE-LOIRE-Vertical-694x1024.jpg?fit=694%2C1024&ssl=1\",\"width\":694,\"height\":1024,\"caption\":\"Patrimoine Basket Ligue Centre-Val de Loire\"},\"image\":{\"@id\":\"https:\\\/\\\/centrevaldeloirebasketballpatrimoine.org\\\/#\\\/schema\\\/logo\\\/image\\\/\"},\"sameAs\":[\"https:\\\/\\\/www.facebook.com\\\/LigueBasketCentre\",\"https:\\\/\\\/x.com\\\/BasketCentre\",\"https:\\\/\\\/www.instagram.com\\\/liguebasketcentre\\\/\",\"https:\\\/\\\/www.linkedin.com\\\/company\\\/ligue-du-centre-val-de-loire-de-basketball\"]}]}<\/script>\n<!-- \/ Yoast SEO plugin. -->","yoast_head_json":{"title":"Les Joueurs Internationaux du 28 - patrimoine","description":"Patrimoine historique du basket en r\u00e9gion Centre-Val de Loire.","robots":{"index":"index","follow":"follow","max-snippet":"max-snippet:-1","max-image-preview":"max-image-preview:large","max-video-preview":"max-video-preview:-1"},"canonical":"https:\/\/centrevaldeloirebasketballpatrimoine.org\/index.php\/28-5\/","og_locale":"fr_FR","og_type":"article","og_title":"Les Joueurs Internationaux du 28 - patrimoine","og_description":"Patrimoine historique du basket en r\u00e9gion Centre-Val de Loire.","og_url":"https:\/\/centrevaldeloirebasketballpatrimoine.org\/index.php\/28-5\/","article_publisher":"https:\/\/www.facebook.com\/LigueBasketCentre","article_modified_time":"2025-05-17T13:10:34+00:00","og_image":[{"width":599,"height":788,"url":"https:\/\/centrevaldeloirebasketballpatrimoine.org\/wp-content\/uploads\/2023\/08\/Yabusele-photo-FFBB.jpg","type":"image\/jpeg"}],"twitter_card":"summary_large_image","twitter_site":"@BasketCentre","twitter_misc":{"Dur\u00e9e de lecture estim\u00e9e":"3 minutes"},"schema":{"@context":"https:\/\/schema.org","@graph":[{"@type":"WebPage","@id":"https:\/\/centrevaldeloirebasketballpatrimoine.org\/index.php\/28-5\/","url":"https:\/\/centrevaldeloirebasketballpatrimoine.org\/index.php\/28-5\/","name":"Les Joueurs Internationaux du 28 - patrimoine","isPartOf":{"@id":"https:\/\/centrevaldeloirebasketballpatrimoine.org\/#website"},"primaryImageOfPage":{"@id":"https:\/\/centrevaldeloirebasketballpatrimoine.org\/index.php\/28-5\/#primaryimage"},"image":{"@id":"https:\/\/centrevaldeloirebasketballpatrimoine.org\/index.php\/28-5\/#primaryimage"},"thumbnailUrl":"https:\/\/centrevaldeloirebasketballpatrimoine.org\/wp-content\/uploads\/2023\/08\/Yabusele-photo-FFBB.jpg","datePublished":"2019-12-17T19:32:32+00:00","dateModified":"2025-05-17T13:10:34+00:00","description":"Patrimoine historique du basket en r\u00e9gion Centre-Val de Loire.","breadcrumb":{"@id":"https:\/\/centrevaldeloirebasketballpatrimoine.org\/index.php\/28-5\/#breadcrumb"},"inLanguage":"fr-FR","potentialAction":[{"@type":"ReadAction","target":["https:\/\/centrevaldeloirebasketballpatrimoine.org\/index.php\/28-5\/"]}]},{"@type":"ImageObject","inLanguage":"fr-FR","@id":"https:\/\/centrevaldeloirebasketballpatrimoine.org\/index.php\/28-5\/#primaryimage","url":"https:\/\/centrevaldeloirebasketballpatrimoine.org\/wp-content\/uploads\/2023\/08\/Yabusele-photo-FFBB.jpg","contentUrl":"https:\/\/centrevaldeloirebasketballpatrimoine.org\/wp-content\/uploads\/2023\/08\/Yabusele-photo-FFBB.jpg","width":599,"height":788},{"@type":"BreadcrumbList","@id":"https:\/\/centrevaldeloirebasketballpatrimoine.org\/index.php\/28-5\/#breadcrumb","itemListElement":[{"@type":"ListItem","position":1,"name":"Accueil","item":"https:\/\/centrevaldeloirebasketballpatrimoine.org\/"},{"@type":"ListItem","position":2,"name":"Les Joueurs Internationaux du 28"}]},{"@type":"WebSite","@id":"https:\/\/centrevaldeloirebasketballpatrimoine.org\/#website","url":"https:\/\/centrevaldeloirebasketballpatrimoine.org\/","name":"","description":"Site officiel Commission Patrimoine de la Ligue Centre-Val de Loire de BasketBall","publisher":{"@id":"https:\/\/centrevaldeloirebasketballpatrimoine.org\/#organization"},"potentialAction":[{"@type":"SearchAction","target":{"@type":"EntryPoint","urlTemplate":"https:\/\/centrevaldeloirebasketballpatrimoine.org\/?s={search_term_string}"},"query-input":{"@type":"PropertyValueSpecification","valueRequired":true,"valueName":"search_term_string"}}],"inLanguage":"fr-FR"},{"@type":"Organization","@id":"https:\/\/centrevaldeloirebasketballpatrimoine.org\/#organization","name":"Patrimoine Basket Ligue Centre-Val de Loire","url":"https:\/\/centrevaldeloirebasketballpatrimoine.org\/","logo":{"@type":"ImageObject","inLanguage":"fr-FR","@id":"https:\/\/centrevaldeloirebasketballpatrimoine.org\/#\/schema\/logo\/image\/","url":"https:\/\/i0.wp.com\/centrevaldeloirebasketballpatrimoine.org\/wp-content\/uploads\/2019\/06\/LigueRegionale-CENTRE-VAL-DE-LOIRE-Vertical-694x1024.jpg?fit=694%2C1024&ssl=1","contentUrl":"https:\/\/i0.wp.com\/centrevaldeloirebasketballpatrimoine.org\/wp-content\/uploads\/2019\/06\/LigueRegionale-CENTRE-VAL-DE-LOIRE-Vertical-694x1024.jpg?fit=694%2C1024&ssl=1","width":694,"height":1024,"caption":"Patrimoine Basket Ligue Centre-Val de Loire"},"image":{"@id":"https:\/\/centrevaldeloirebasketballpatrimoine.org\/#\/schema\/logo\/image\/"},"sameAs":["https:\/\/www.facebook.com\/LigueBasketCentre","https:\/\/x.com\/BasketCentre","https:\/\/www.instagram.com\/liguebasketcentre\/","https:\/\/www.linkedin.com\/company\/ligue-du-centre-val-de-loire-de-basketball"]}]}},"_links":{"self":[{"href":"https:\/\/centrevaldeloirebasketballpatrimoine.org\/index.php\/wp-json\/wp\/v2\/pages\/685","targetHints":{"allow":["GET"]}}],"collection":[{"href":"https:\/\/centrevaldeloirebasketballpatrimoine.org\/index.php\/wp-json\/wp\/v2\/pages"}],"about":[{"href":"https:\/\/centrevaldeloirebasketballpatrimoine.org\/index.php\/wp-json\/wp\/v2\/types\/page"}],"author":[{"embeddable":true,"href":"https:\/\/centrevaldeloirebasketballpatrimoine.org\/index.php\/wp-json\/wp\/v2\/users\/6"}],"replies":[{"embeddable":true,"href":"https:\/\/centrevaldeloirebasketballpatrimoine.org\/index.php\/wp-json\/wp\/v2\/comments?post=685"}],"version-history":[{"count":0,"href":"https:\/\/centrevaldeloirebasketballpatrimoine.org\/index.php\/wp-json\/wp\/v2\/pages\/685\/revisions"}],"wp:attachment":[{"href":"https:\/\/centrevaldeloirebasketballpatrimoine.org\/index.php\/wp-json\/wp\/v2\/media?parent=685"}],"curies":[{"name":"wp","href":"https:\/\/api.w.org\/{rel}","templated":true}]}}