{"id":55649,"date":"2024-05-24T22:25:29","date_gmt":"2024-05-24T20:25:29","guid":{"rendered":"https:\/\/centrevaldeloirebasketballpatrimoine.org\/?page_id=55649"},"modified":"2024-06-08T14:41:13","modified_gmt":"2024-06-08T12:41:13","slug":"en-tenue","status":"publish","type":"page","link":"https:\/\/centrevaldeloirebasketballpatrimoine.org\/index.php\/en-tenue\/","title":{"rendered":"En tenue !"},"content":{"rendered":"\n<h1 class=\"wp-block-heading\">L&rsquo;\u00e9volution de la tenue des basketteuses<\/h1>\n\n\n\n<p id=\"block-5dccb375-3fca-492d-b74e-e372f7380ba2\"><strong>Dans les ann\u00e9es 1930 les dames pratiquent le basket en chemisier et jupe-culotte.<\/strong><\/p>\n\n\n\n<p class=\"has-text-align-center\"><strong><em>\u00e9quipe premi\u00e8re du CJF Les Aubrais<\/em><\/strong><\/p>\n\n\n<div class=\"wp-block-image\">\n<figure class=\"aligncenter\"><img decoding=\"async\" data-src=\"https:\/\/centrevaldeloirebasketballpatrimoine.org\/wp-content\/uploads\/2024\/05\/Capture7-CJF-1942.jpg\" alt=\"L\u2019attribut alt de cette image est vide, son nom de fichier est Capture7-CJF-1942.jpg.\" src=\"data:image\/gif;base64,R0lGODlhAQABAAAAACH5BAEKAAEALAAAAAABAAEAAAICTAEAOw==\" class=\"lazyload\" style=\"--smush-placeholder-width: 410px; --smush-placeholder-aspect-ratio: 410\/484;\" \/><\/figure>\n<\/div>\n\n\n<p class=\"has-text-align-center\"><strong>de G \u00e0 D : Paulin, Faure, Martineau, Jeune<\/strong><\/p>\n\n\n\n<p class=\"has-text-align-center\"><strong><em>Saison 1943-44 : La section f\u00e9minine du CJF Les Aubrais<\/em><\/strong><\/p>\n\n\n<div class=\"wp-block-image\">\n<figure class=\"aligncenter\"><img decoding=\"async\" data-src=\"https:\/\/centrevaldeloirebasketballpatrimoine.org\/wp-content\/uploads\/2024\/05\/Capture1943-CJF-F.jpg\" alt=\"L\u2019attribut alt de cette image est vide, son nom de fichier est Capture1943-CJF-F.jpg.\" src=\"data:image\/gif;base64,R0lGODlhAQABAAAAACH5BAEKAAEALAAAAAABAAEAAAICTAEAOw==\" class=\"lazyload\" style=\"--smush-placeholder-width: 761px; --smush-placeholder-aspect-ratio: 761\/411;\" \/><\/figure>\n<\/div>\n\n\n<p id=\"block-8ac2fc5b-89c6-4ea4-bfe6-bae95b998b04\"><strong>Dans les ann\u00e9es 1940, elles portent un chemisier et un bloomer<\/strong>.<\/p>\n\n\n<div class=\"wp-block-image\">\n<figure class=\"aligncenter\"><img decoding=\"async\" data-src=\"https:\/\/centrevaldeloirebasketballpatrimoine.org\/wp-content\/uploads\/2024\/05\/Capture-1947-F.jpg\" alt=\"L\u2019attribut alt de cette image est vide, son nom de fichier est Capture-1947-F.jpg.\" src=\"data:image\/gif;base64,R0lGODlhAQABAAAAACH5BAEKAAEALAAAAAABAAEAAAICTAEAOw==\" class=\"lazyload\" style=\"--smush-placeholder-width: 657px; --smush-placeholder-aspect-ratio: 657\/498;\" \/><\/figure>\n<\/div>\n\n\n<p id=\"block-0b54e7b2-b6db-4f5a-ac91-cc3a2466d49b\"><strong>Apr\u00e8s la guerre 1939-45, le bloomer est remplac\u00e9 par un short mais le chemisier subsiste.<\/strong><\/p>\n\n\n\n<p class=\"has-text-align-center\"><strong><em>1949 : \u00e9quipe f\u00e9minine de l&rsquo;AS St Marceau <\/em><\/strong><\/p>\n\n\n<div class=\"wp-block-image\">\n<figure class=\"aligncenter\"><img decoding=\"async\" data-src=\"https:\/\/centrevaldeloirebasketballpatrimoine.org\/wp-content\/uploads\/2024\/05\/Capture1949-ASST-M-F.jpg\" alt=\"L\u2019attribut alt de cette image est vide, son nom de fichier est Capture1949-ASST-M-F.jpg.\" src=\"data:image\/gif;base64,R0lGODlhAQABAAAAACH5BAEKAAEALAAAAAABAAEAAAICTAEAOw==\" class=\"lazyload\" style=\"--smush-placeholder-width: 681px; --smush-placeholder-aspect-ratio: 681\/597;\" \/><\/figure>\n<\/div>\n\n\n<p id=\"block-cf042505-aa77-43c4-a722-dfb28ec1e036\"><\/p>\n\n\n\n<h1 class=\"wp-block-heading\" id=\"block-271acc55-a406-43f0-b629-bd09000c9363\">L&rsquo;\u00e9volution de la tenue des basketteurs<\/h1>\n\n\n\n<p id=\"block-b6411b16-d655-42d3-b476-be0dd63efbad\"><strong>Dans les ann\u00e9es d&rsquo;avant-guerre, les basketteurs portent un maillot \u00e0 manches de longueurs diff\u00e9rentes et un short au dessus du genou.<\/strong><\/p>\n\n\n\n<p id=\"block-fba630b3-28c3-42d5-91ec-b563268f44b6\"><strong>Le b\u00e9ret est de mise.<\/strong><\/p>\n\n\n<div class=\"wp-block-image\">\n<figure class=\"aligncenter\"><img decoding=\"async\" data-src=\"https:\/\/centrevaldeloirebasketballpatrimoine.org\/wp-content\/uploads\/2024\/05\/Capture-Arago-1927.jpg\" alt=\"L\u2019attribut alt de cette image est vide, son nom de fichier est Capture-Arago-1927.jpg.\" src=\"data:image\/gif;base64,R0lGODlhAQABAAAAACH5BAEKAAEALAAAAAABAAEAAAICTAEAOw==\" class=\"lazyload\" style=\"--smush-placeholder-width: 754px; --smush-placeholder-aspect-ratio: 754\/482;\" \/><\/figure>\n<\/div>\n\n\n<p class=\"has-text-align-center\"><strong><em> 1930 &#8211; \u00e9quipe US St Martin Olivet<\/em><\/strong><\/p>\n\n\n<div class=\"wp-block-image\">\n<figure class=\"aligncenter\"><img decoding=\"async\" data-src=\"https:\/\/centrevaldeloirebasketballpatrimoine.org\/wp-content\/uploads\/2024\/05\/Capture20-beret-1930.jpg\" alt=\"L\u2019attribut alt de cette image est vide, son nom de fichier est Capture20-beret-1930.jpg.\" src=\"data:image\/gif;base64,R0lGODlhAQABAAAAACH5BAEKAAEALAAAAAABAAEAAAICTAEAOw==\" class=\"lazyload\" style=\"--smush-placeholder-width: 454px; --smush-placeholder-aspect-ratio: 454\/551;\" \/><\/figure>\n<\/div>\n\n\n<p class=\"has-text-align-center\"><strong>Debout de G \u00e0 D : L. Foucard, J. Veigner, R. Beaulieu<\/strong><\/p>\n\n\n\n<p class=\"has-text-align-center\"><strong>Accroupis de G \u00e0 D : L; Barlet, A. Goard<\/strong><\/p>\n\n\n\n<p class=\"has-text-align-center\"><strong><em>1932 : \u00e9quipe du CJF Les Aubrais<\/em><\/strong><\/p>\n\n\n<div class=\"wp-block-image\">\n<figure class=\"aligncenter\"><img decoding=\"async\" data-src=\"https:\/\/centrevaldeloirebasketballpatrimoine.org\/wp-content\/uploads\/2024\/05\/Capture-6-CJF-1932.jpg\" alt=\"L\u2019attribut alt de cette image est vide, son nom de fichier est Capture-6-CJF-1932.jpg.\" src=\"data:image\/gif;base64,R0lGODlhAQABAAAAACH5BAEKAAEALAAAAAABAAEAAAICTAEAOw==\" class=\"lazyload\" style=\"--smush-placeholder-width: 800px; --smush-placeholder-aspect-ratio: 800\/563;\" \/><\/figure>\n<\/div>\n\n\n<p id=\"block-08051a68-44bf-436c-bbce-d944722b846b\"><strong>Apr\u00e8s la guerre 1939-45, le maillot \u00e0 manches est remplac\u00e9 par le \u00ab\u00a0marcel\u00a0\u00bb, le short est raccourci et le b\u00e9ret a disparu.<\/strong><\/p>\n\n\n\n<p class=\"has-text-align-center\"><strong><em>1949 : \u00e9quipe des cadets de l&rsquo;USOP Orl\u00e9ans<\/em><\/strong><\/p>\n\n\n<div class=\"wp-block-image\">\n<figure class=\"aligncenter\"><img decoding=\"async\" data-src=\"https:\/\/centrevaldeloirebasketballpatrimoine.org\/wp-content\/uploads\/2024\/05\/Capture1947-PO-G.jpg\" alt=\"L\u2019attribut alt de cette image est vide, son nom de fichier est Capture1947-PO-G.jpg.\" src=\"data:image\/gif;base64,R0lGODlhAQABAAAAACH5BAEKAAEALAAAAAABAAEAAAICTAEAOw==\" class=\"lazyload\" style=\"--smush-placeholder-width: 712px; --smush-placeholder-aspect-ratio: 712\/695;\" \/><\/figure>\n<\/div>\n\n\n<p class=\"has-text-align-center\"><strong>de G \u00e0 D : Landon, Appart, Chenault, Delaleu, Savigny<\/strong><\/p>\n\n\n\n<p id=\"block-841d7b13-11f9-447a-8554-be675783f879\"><strong>Dans les ann\u00e9es 1950, le \u00ab\u00a0marcel\u00a0\u00bb est toujours \u00e0 la mode mais le short est devenu court et plus pr\u00e8s du corps.<\/strong><\/p>\n\n\n\n<p class=\"has-text-align-center\"><strong><em>Saison 1951-52 : \u00e9quipe premi\u00e8re du CJF Les Aubrais<\/em><\/strong><\/p>\n\n\n<div class=\"wp-block-image\">\n<figure class=\"aligncenter\"><img decoding=\"async\" data-src=\"https:\/\/centrevaldeloirebasketballpatrimoine.org\/wp-content\/uploads\/2024\/05\/Capture8-CJF-1950-1024x744.jpg\" alt=\"L\u2019attribut alt de cette image est vide, son nom de fichier est Capture8-CJF-1950-1024x744.jpg.\" src=\"data:image\/gif;base64,R0lGODlhAQABAAAAACH5BAEKAAEALAAAAAABAAEAAAICTAEAOw==\" class=\"lazyload\" style=\"--smush-placeholder-width: 1024px; --smush-placeholder-aspect-ratio: 1024\/744;\" \/><\/figure>\n<\/div>\n\n\n<p class=\"has-text-align-center\"><strong>de G \u00e0 D : Auger, Marty, Barre, Soll\u00e9, Giroux, H\u00e9raudet, Lecomte, Duris<\/strong><\/p>\n\n\n\n<p class=\"has-text-align-center\"><strong><em>1947 : \u00e9quipe juniors de l&rsquo;USOP Orl\u00e9ans<\/em><\/strong><\/p>\n\n\n<div class=\"wp-block-image\">\n<figure class=\"aligncenter\"><img decoding=\"async\" data-src=\"https:\/\/centrevaldeloirebasketballpatrimoine.org\/wp-content\/uploads\/2024\/05\/Capture-9USOPO-1950.jpg\" alt=\"L\u2019attribut alt de cette image est vide, son nom de fichier est Capture-9USOPO-1950.jpg.\" src=\"data:image\/gif;base64,R0lGODlhAQABAAAAACH5BAEKAAEALAAAAAABAAEAAAICTAEAOw==\" class=\"lazyload\" style=\"--smush-placeholder-width: 635px; --smush-placeholder-aspect-ratio: 635\/513;\" \/><\/figure>\n<\/div>\n\n\n<p class=\"has-text-align-center\"><strong>Debout de G \u00e0 D : Poirot, Defay, Galon, G\u00e9ron, coach Guillonneau<\/strong><\/p>\n\n\n\n<p class=\"has-text-align-center\"><strong>Accroupis de G \u00e0 D : Navasse, Desrut, Tr\u00e9miau, Montaron<\/strong><\/p>\n\n\n\n<h1 class=\"wp-block-heading\" id=\"block-bddcb970-f141-46a8-ae50-614e14c5be92\">A la fin du 20\u00e8me si\u00e8cle, la tenue \u00ab\u00a0s&rsquo;am\u00e9ricanise\u00a0\u00bb, la publicit\u00e9 fait son apparition sur pratiquement tous les maillots.<\/h1>\n\n\n\n<h1 class=\"wp-block-heading\" id=\"block-2052587e-7b2c-4daf-8d20-f3678ba2af8a\">Les tenues gar\u00e7ons et filles se ressemblent.<\/h1>\n\n\n\n<p class=\"has-text-align-center\" id=\"block-1fd5e3f6-420c-4ebf-b7e4-498db3eda2c7\"><strong><em>L&rsquo;\u00e9quipe f\u00e9minine du C&rsquo; Chartres F<\/em><\/strong><\/p>\n\n\n<div class=\"wp-block-image\">\n<figure class=\"aligncenter\"><img decoding=\"async\" data-src=\"https:\/\/centrevaldeloirebasketballpatrimoine.org\/wp-content\/uploads\/2024\/05\/Capture-chartres-F.jpg\" alt=\"L\u2019attribut alt de cette image est vide, son nom de fichier est Capture-chartres-F.jpg.\" src=\"data:image\/gif;base64,R0lGODlhAQABAAAAACH5BAEKAAEALAAAAAABAAEAAAICTAEAOw==\" class=\"lazyload\" style=\"--smush-placeholder-width: 918px; --smush-placeholder-aspect-ratio: 918\/598;\" \/><\/figure>\n<\/div>\n\n\n<p class=\"has-text-align-center\" id=\"block-7bf94b7e-7a46-481d-8a35-f6d0c920ccc1\"><strong><em>L&rsquo;\u00e9quipe f\u00e9minine du Tango Bourges Basket<\/em><\/strong><\/p>\n\n\n<div class=\"wp-block-image\">\n<figure class=\"aligncenter\"><img decoding=\"async\" data-src=\"https:\/\/centrevaldeloirebasketballpatrimoine.org\/wp-content\/uploads\/2024\/05\/Capture-Bourges-F-1024x622.jpg\" alt=\"L\u2019attribut alt de cette image est vide, son nom de fichier est Capture-Bourges-F-1024x622.jpg.\" src=\"data:image\/gif;base64,R0lGODlhAQABAAAAACH5BAEKAAEALAAAAAABAAEAAAICTAEAOw==\" class=\"lazyload\" style=\"--smush-placeholder-width: 1024px; --smush-placeholder-aspect-ratio: 1024\/622;\" \/><\/figure>\n<\/div>\n\n\n<p class=\"has-text-align-center\" id=\"block-29808546-89b1-4e7f-8c60-c487fcb51329\"><strong><em>L&rsquo;\u00e9quipe masculine de l&rsquo;A.D.A. Blois<\/em><\/strong><\/p>\n\n\n<div class=\"wp-block-image\">\n<figure class=\"aligncenter\"><img decoding=\"async\" data-src=\"https:\/\/centrevaldeloirebasketballpatrimoine.org\/wp-content\/uploads\/2024\/05\/Capture-ADA-Blois.jpg\" alt=\"L\u2019attribut alt de cette image est vide, son nom de fichier est Capture-ADA-Blois.jpg.\" src=\"data:image\/gif;base64,R0lGODlhAQABAAAAACH5BAEKAAEALAAAAAABAAEAAAICTAEAOw==\" class=\"lazyload\" style=\"--smush-placeholder-width: 978px; --smush-placeholder-aspect-ratio: 978\/525;\" \/><\/figure>\n<\/div>\n\n\n<p class=\"has-text-align-center\" id=\"block-5060a7d7-801b-429b-9053-8657aa6f1e3e\"><strong><em>L&rsquo;\u00e9quipe masculine d&rsquo;Orl\u00e9ans Loiret Basket (les petites manches r\u00e9apparaissent)<\/em><\/strong><\/p>\n\n\n<div class=\"wp-block-image\">\n<figure class=\"aligncenter\"><img decoding=\"async\" data-src=\"https:\/\/centrevaldeloirebasketballpatrimoine.org\/wp-content\/uploads\/2024\/05\/Capture-OLB.jpg\" alt=\"L\u2019attribut alt de cette image est vide, son nom de fichier est Capture-OLB.jpg.\" src=\"data:image\/gif;base64,R0lGODlhAQABAAAAACH5BAEKAAEALAAAAAABAAEAAAICTAEAOw==\" class=\"lazyload\" style=\"--smush-placeholder-width: 782px; --smush-placeholder-aspect-ratio: 782\/394;\" \/><\/figure>\n<\/div>\n\n\n<p id=\"block-221bfd27-392c-4755-819c-39e8732820f8\"><strong><em>Source : Toutes les photos sont issues des collections priv\u00e9es et clubs.<\/em><\/strong><\/p>\n","protected":false},"excerpt":{"rendered":"<p>L&rsquo;\u00e9volution de la tenue des basketteuses Dans les ann\u00e9es 1930 les dames pratiquent le basket en chemisier et jupe-culotte. \u00e9quipe premi\u00e8re du CJF Les Aubrais de G \u00e0 D : [&hellip;]<\/p>\n","protected":false},"author":1,"featured_media":0,"parent":0,"menu_order":0,"comment_status":"closed","ping_status":"closed","template":"","meta":{"footnotes":""},"class_list":["post-55649","page","type-page","status-publish","hentry"],"yoast_head":"<!-- This site is optimized with the Yoast SEO plugin v27.3 - https:\/\/yoast.com\/product\/yoast-seo-wordpress\/ -->\n<title>En tenue ! - patrimoine<\/title>\n<meta name=\"description\" content=\"Patrimoine historique du basket en r\u00e9gion Centre-Val de Loire.\" \/>\n<meta name=\"robots\" content=\"index, follow, max-snippet:-1, max-image-preview:large, max-video-preview:-1\" \/>\n<link rel=\"canonical\" href=\"https:\/\/centrevaldeloirebasketballpatrimoine.org\/index.php\/en-tenue\/\" \/>\n<meta property=\"og:locale\" content=\"fr_FR\" \/>\n<meta property=\"og:type\" content=\"article\" \/>\n<meta property=\"og:title\" content=\"En tenue ! - patrimoine\" \/>\n<meta property=\"og:description\" content=\"Patrimoine historique du basket en r\u00e9gion Centre-Val de Loire.\" \/>\n<meta property=\"og:url\" content=\"https:\/\/centrevaldeloirebasketballpatrimoine.org\/index.php\/en-tenue\/\" \/>\n<meta property=\"article:publisher\" content=\"https:\/\/www.facebook.com\/LigueBasketCentre\" \/>\n<meta property=\"article:modified_time\" content=\"2024-06-08T12:41:13+00:00\" \/>\n<meta property=\"og:image\" content=\"https:\/\/centrevaldeloirebasketballpatrimoine.org\/wp-content\/uploads\/2024\/05\/Capture7-CJF-1942.jpg\" \/>\n<meta name=\"twitter:card\" content=\"summary_large_image\" \/>\n<meta name=\"twitter:site\" content=\"@BasketCentre\" \/>\n<meta name=\"twitter:label1\" content=\"Dur\u00e9e de lecture estim\u00e9e\" \/>\n\t<meta name=\"twitter:data1\" content=\"5 minutes\" \/>\n<script type=\"application\/ld+json\" class=\"yoast-schema-graph\">{\"@context\":\"https:\\\/\\\/schema.org\",\"@graph\":[{\"@type\":\"WebPage\",\"@id\":\"https:\\\/\\\/centrevaldeloirebasketballpatrimoine.org\\\/index.php\\\/en-tenue\\\/\",\"url\":\"https:\\\/\\\/centrevaldeloirebasketballpatrimoine.org\\\/index.php\\\/en-tenue\\\/\",\"name\":\"En tenue ! - patrimoine\",\"isPartOf\":{\"@id\":\"https:\\\/\\\/centrevaldeloirebasketballpatrimoine.org\\\/#website\"},\"primaryImageOfPage\":{\"@id\":\"https:\\\/\\\/centrevaldeloirebasketballpatrimoine.org\\\/index.php\\\/en-tenue\\\/#primaryimage\"},\"image\":{\"@id\":\"https:\\\/\\\/centrevaldeloirebasketballpatrimoine.org\\\/index.php\\\/en-tenue\\\/#primaryimage\"},\"thumbnailUrl\":\"https:\\\/\\\/centrevaldeloirebasketballpatrimoine.org\\\/wp-content\\\/uploads\\\/2024\\\/05\\\/Capture7-CJF-1942.jpg\",\"datePublished\":\"2024-05-24T20:25:29+00:00\",\"dateModified\":\"2024-06-08T12:41:13+00:00\",\"description\":\"Patrimoine historique du basket en r\u00e9gion Centre-Val de Loire.\",\"breadcrumb\":{\"@id\":\"https:\\\/\\\/centrevaldeloirebasketballpatrimoine.org\\\/index.php\\\/en-tenue\\\/#breadcrumb\"},\"inLanguage\":\"fr-FR\",\"potentialAction\":[{\"@type\":\"ReadAction\",\"target\":[\"https:\\\/\\\/centrevaldeloirebasketballpatrimoine.org\\\/index.php\\\/en-tenue\\\/\"]}]},{\"@type\":\"ImageObject\",\"inLanguage\":\"fr-FR\",\"@id\":\"https:\\\/\\\/centrevaldeloirebasketballpatrimoine.org\\\/index.php\\\/en-tenue\\\/#primaryimage\",\"url\":\"https:\\\/\\\/centrevaldeloirebasketballpatrimoine.org\\\/wp-content\\\/uploads\\\/2024\\\/05\\\/Capture7-CJF-1942.jpg\",\"contentUrl\":\"https:\\\/\\\/centrevaldeloirebasketballpatrimoine.org\\\/wp-content\\\/uploads\\\/2024\\\/05\\\/Capture7-CJF-1942.jpg\",\"width\":410,\"height\":484},{\"@type\":\"BreadcrumbList\",\"@id\":\"https:\\\/\\\/centrevaldeloirebasketballpatrimoine.org\\\/index.php\\\/en-tenue\\\/#breadcrumb\",\"itemListElement\":[{\"@type\":\"ListItem\",\"position\":1,\"name\":\"Accueil\",\"item\":\"https:\\\/\\\/centrevaldeloirebasketballpatrimoine.org\\\/\"},{\"@type\":\"ListItem\",\"position\":2,\"name\":\"En tenue !\"}]},{\"@type\":\"WebSite\",\"@id\":\"https:\\\/\\\/centrevaldeloirebasketballpatrimoine.org\\\/#website\",\"url\":\"https:\\\/\\\/centrevaldeloirebasketballpatrimoine.org\\\/\",\"name\":\"\",\"description\":\"Site officiel Commission Patrimoine de la Ligue Centre-Val de Loire de BasketBall\",\"publisher\":{\"@id\":\"https:\\\/\\\/centrevaldeloirebasketballpatrimoine.org\\\/#organization\"},\"potentialAction\":[{\"@type\":\"SearchAction\",\"target\":{\"@type\":\"EntryPoint\",\"urlTemplate\":\"https:\\\/\\\/centrevaldeloirebasketballpatrimoine.org\\\/?s={search_term_string}\"},\"query-input\":{\"@type\":\"PropertyValueSpecification\",\"valueRequired\":true,\"valueName\":\"search_term_string\"}}],\"inLanguage\":\"fr-FR\"},{\"@type\":\"Organization\",\"@id\":\"https:\\\/\\\/centrevaldeloirebasketballpatrimoine.org\\\/#organization\",\"name\":\"Patrimoine Basket Ligue Centre-Val de Loire\",\"url\":\"https:\\\/\\\/centrevaldeloirebasketballpatrimoine.org\\\/\",\"logo\":{\"@type\":\"ImageObject\",\"inLanguage\":\"fr-FR\",\"@id\":\"https:\\\/\\\/centrevaldeloirebasketballpatrimoine.org\\\/#\\\/schema\\\/logo\\\/image\\\/\",\"url\":\"https:\\\/\\\/i0.wp.com\\\/centrevaldeloirebasketballpatrimoine.org\\\/wp-content\\\/uploads\\\/2019\\\/06\\\/LigueRegionale-CENTRE-VAL-DE-LOIRE-Vertical-694x1024.jpg?fit=694%2C1024&ssl=1\",\"contentUrl\":\"https:\\\/\\\/i0.wp.com\\\/centrevaldeloirebasketballpatrimoine.org\\\/wp-content\\\/uploads\\\/2019\\\/06\\\/LigueRegionale-CENTRE-VAL-DE-LOIRE-Vertical-694x1024.jpg?fit=694%2C1024&ssl=1\",\"width\":694,\"height\":1024,\"caption\":\"Patrimoine Basket Ligue Centre-Val de Loire\"},\"image\":{\"@id\":\"https:\\\/\\\/centrevaldeloirebasketballpatrimoine.org\\\/#\\\/schema\\\/logo\\\/image\\\/\"},\"sameAs\":[\"https:\\\/\\\/www.facebook.com\\\/LigueBasketCentre\",\"https:\\\/\\\/x.com\\\/BasketCentre\",\"https:\\\/\\\/www.instagram.com\\\/liguebasketcentre\\\/\",\"https:\\\/\\\/www.linkedin.com\\\/company\\\/ligue-du-centre-val-de-loire-de-basketball\"]}]}<\/script>\n<!-- \/ Yoast SEO plugin. -->","yoast_head_json":{"title":"En tenue ! - patrimoine","description":"Patrimoine historique du basket en r\u00e9gion Centre-Val de Loire.","robots":{"index":"index","follow":"follow","max-snippet":"max-snippet:-1","max-image-preview":"max-image-preview:large","max-video-preview":"max-video-preview:-1"},"canonical":"https:\/\/centrevaldeloirebasketballpatrimoine.org\/index.php\/en-tenue\/","og_locale":"fr_FR","og_type":"article","og_title":"En tenue ! - patrimoine","og_description":"Patrimoine historique du basket en r\u00e9gion Centre-Val de Loire.","og_url":"https:\/\/centrevaldeloirebasketballpatrimoine.org\/index.php\/en-tenue\/","article_publisher":"https:\/\/www.facebook.com\/LigueBasketCentre","article_modified_time":"2024-06-08T12:41:13+00:00","og_image":[{"url":"https:\/\/centrevaldeloirebasketballpatrimoine.org\/wp-content\/uploads\/2024\/05\/Capture7-CJF-1942.jpg","type":"","width":"","height":""}],"twitter_card":"summary_large_image","twitter_site":"@BasketCentre","twitter_misc":{"Dur\u00e9e de lecture estim\u00e9e":"5 minutes"},"schema":{"@context":"https:\/\/schema.org","@graph":[{"@type":"WebPage","@id":"https:\/\/centrevaldeloirebasketballpatrimoine.org\/index.php\/en-tenue\/","url":"https:\/\/centrevaldeloirebasketballpatrimoine.org\/index.php\/en-tenue\/","name":"En tenue ! - patrimoine","isPartOf":{"@id":"https:\/\/centrevaldeloirebasketballpatrimoine.org\/#website"},"primaryImageOfPage":{"@id":"https:\/\/centrevaldeloirebasketballpatrimoine.org\/index.php\/en-tenue\/#primaryimage"},"image":{"@id":"https:\/\/centrevaldeloirebasketballpatrimoine.org\/index.php\/en-tenue\/#primaryimage"},"thumbnailUrl":"https:\/\/centrevaldeloirebasketballpatrimoine.org\/wp-content\/uploads\/2024\/05\/Capture7-CJF-1942.jpg","datePublished":"2024-05-24T20:25:29+00:00","dateModified":"2024-06-08T12:41:13+00:00","description":"Patrimoine historique du basket en r\u00e9gion Centre-Val de Loire.","breadcrumb":{"@id":"https:\/\/centrevaldeloirebasketballpatrimoine.org\/index.php\/en-tenue\/#breadcrumb"},"inLanguage":"fr-FR","potentialAction":[{"@type":"ReadAction","target":["https:\/\/centrevaldeloirebasketballpatrimoine.org\/index.php\/en-tenue\/"]}]},{"@type":"ImageObject","inLanguage":"fr-FR","@id":"https:\/\/centrevaldeloirebasketballpatrimoine.org\/index.php\/en-tenue\/#primaryimage","url":"https:\/\/centrevaldeloirebasketballpatrimoine.org\/wp-content\/uploads\/2024\/05\/Capture7-CJF-1942.jpg","contentUrl":"https:\/\/centrevaldeloirebasketballpatrimoine.org\/wp-content\/uploads\/2024\/05\/Capture7-CJF-1942.jpg","width":410,"height":484},{"@type":"BreadcrumbList","@id":"https:\/\/centrevaldeloirebasketballpatrimoine.org\/index.php\/en-tenue\/#breadcrumb","itemListElement":[{"@type":"ListItem","position":1,"name":"Accueil","item":"https:\/\/centrevaldeloirebasketballpatrimoine.org\/"},{"@type":"ListItem","position":2,"name":"En tenue !"}]},{"@type":"WebSite","@id":"https:\/\/centrevaldeloirebasketballpatrimoine.org\/#website","url":"https:\/\/centrevaldeloirebasketballpatrimoine.org\/","name":"","description":"Site officiel Commission Patrimoine de la Ligue Centre-Val de Loire de BasketBall","publisher":{"@id":"https:\/\/centrevaldeloirebasketballpatrimoine.org\/#organization"},"potentialAction":[{"@type":"SearchAction","target":{"@type":"EntryPoint","urlTemplate":"https:\/\/centrevaldeloirebasketballpatrimoine.org\/?s={search_term_string}"},"query-input":{"@type":"PropertyValueSpecification","valueRequired":true,"valueName":"search_term_string"}}],"inLanguage":"fr-FR"},{"@type":"Organization","@id":"https:\/\/centrevaldeloirebasketballpatrimoine.org\/#organization","name":"Patrimoine Basket Ligue Centre-Val de Loire","url":"https:\/\/centrevaldeloirebasketballpatrimoine.org\/","logo":{"@type":"ImageObject","inLanguage":"fr-FR","@id":"https:\/\/centrevaldeloirebasketballpatrimoine.org\/#\/schema\/logo\/image\/","url":"https:\/\/i0.wp.com\/centrevaldeloirebasketballpatrimoine.org\/wp-content\/uploads\/2019\/06\/LigueRegionale-CENTRE-VAL-DE-LOIRE-Vertical-694x1024.jpg?fit=694%2C1024&ssl=1","contentUrl":"https:\/\/i0.wp.com\/centrevaldeloirebasketballpatrimoine.org\/wp-content\/uploads\/2019\/06\/LigueRegionale-CENTRE-VAL-DE-LOIRE-Vertical-694x1024.jpg?fit=694%2C1024&ssl=1","width":694,"height":1024,"caption":"Patrimoine Basket Ligue Centre-Val de Loire"},"image":{"@id":"https:\/\/centrevaldeloirebasketballpatrimoine.org\/#\/schema\/logo\/image\/"},"sameAs":["https:\/\/www.facebook.com\/LigueBasketCentre","https:\/\/x.com\/BasketCentre","https:\/\/www.instagram.com\/liguebasketcentre\/","https:\/\/www.linkedin.com\/company\/ligue-du-centre-val-de-loire-de-basketball"]}]}},"_links":{"self":[{"href":"https:\/\/centrevaldeloirebasketballpatrimoine.org\/index.php\/wp-json\/wp\/v2\/pages\/55649","targetHints":{"allow":["GET"]}}],"collection":[{"href":"https:\/\/centrevaldeloirebasketballpatrimoine.org\/index.php\/wp-json\/wp\/v2\/pages"}],"about":[{"href":"https:\/\/centrevaldeloirebasketballpatrimoine.org\/index.php\/wp-json\/wp\/v2\/types\/page"}],"author":[{"embeddable":true,"href":"https:\/\/centrevaldeloirebasketballpatrimoine.org\/index.php\/wp-json\/wp\/v2\/users\/1"}],"replies":[{"embeddable":true,"href":"https:\/\/centrevaldeloirebasketballpatrimoine.org\/index.php\/wp-json\/wp\/v2\/comments?post=55649"}],"version-history":[{"count":0,"href":"https:\/\/centrevaldeloirebasketballpatrimoine.org\/index.php\/wp-json\/wp\/v2\/pages\/55649\/revisions"}],"wp:attachment":[{"href":"https:\/\/centrevaldeloirebasketballpatrimoine.org\/index.php\/wp-json\/wp\/v2\/media?parent=55649"}],"curies":[{"name":"wp","href":"https:\/\/api.w.org\/{rel}","templated":true}]}}