{"id":52635,"date":"2024-03-30T18:19:03","date_gmt":"2024-03-30T17:19:03","guid":{"rendered":"https:\/\/centrevaldeloirebasketballpatrimoine.org\/?page_id=52635"},"modified":"2024-05-30T14:54:58","modified_gmt":"2024-05-30T12:54:58","slug":"les-differentes-pratiques","status":"publish","type":"page","link":"https:\/\/centrevaldeloirebasketballpatrimoine.org\/index.php\/les-differentes-pratiques\/","title":{"rendered":"Les diff\u00e9rentes pratiques"},"content":{"rendered":"\n<h2 class=\"wp-block-heading\">Le Micro basket<\/h2>\n\n\n\n<p>Le Micro basket c&rsquo;est :<\/p>\n\n\n\n<ul class=\"wp-block-list\">\n<li>Une pratique d&rsquo;\u00e9veil aux possibilit\u00e9s de la position verticale<\/li>\n\n\n\n<li>Un outil de construction et de d\u00e9veloppement des comp\u00e9tences psychomotrices et relationnelles des plus jeunes.<\/li>\n\n\n\n<li>Un temps d&rsquo;activit\u00e9s pour les plus petits et de pause pour les adultes et inversement.<\/li>\n\n\n\n<li>Une fa\u00e7on originale et d\u00e9tourn\u00e9e d&rsquo;amener de nouveaux adultes au Basket et dans un club.<\/li>\n\n\n\n<li>Un programme con\u00e7u par la F\u00e9d\u00e9ration Fran\u00e7aise de Basket Ball.<\/li>\n<\/ul>\n\n\n\n<h2 class=\"wp-block-heading\">Le Mini basket<\/h2>\n\n\n\n<p>Le Mini Basket a \u00e9t\u00e9 invent\u00e9 en 1950 par Ren\u00e9 LAVERGNE professeur d&rsquo; \u00e9ducation physique et sportive (d\u00e9c\u00e9d\u00e9 en 2007) associ\u00e9 \u00e0 Andr\u00e9 BARAIS.<\/p>\n\n\n\n<p>En 2008, la Commission des Jeunes de la F\u00e9d\u00e9ration Fran\u00e7aise de Basket a lanc\u00e9 un concours \u00ab\u00a0Ren\u00e9 LAVERGNE\u00a0\u00bb destin\u00e9 \u00e0 couronner chaque saison sportive une action in\u00e9dite et originale ayant pour th\u00e8me \u00ab\u00a0Le Mini Basket en France de sa cr\u00e9ation \u00e0 l&rsquo;an 2000\u00a0\u00bb. Ce concours est ouvert \u00e0 tous les licenci\u00e9 de la FFBB.<\/p>\n\n\n\n<p>Afin d&rsquo;encadrer et de valoriser le travail fait dans ses clubs, la FFBB amis en place depuis plusieurs ann\u00e9es diff\u00e9rents labels destin\u00e9s \u00e0 r\u00e9compenser et mettre en valeur la qualit\u00e9 de ses structures :<\/p>\n\n\n\n<ul class=\"wp-block-list\">\n<li>Label Ecole Fran\u00e7aise de Mini basket<\/li>\n\n\n\n<li>&#8211; Label Club Formateur<\/li>\n\n\n\n<li>&#8211; Label FFBB Citoyen MAIF<\/li>\n<\/ul>\n\n\n\n<h2 class=\"wp-block-heading\">Le Baby basket<\/h2>\n\n\n\n<p>Le Baby basket a \u00e9t\u00e9 cr\u00e9\u00e9 en 1984 par le Docteur Jacques Huguet.<\/p>\n\n\n\n<h2 class=\"wp-block-heading\">Le 3X3<\/h2>\n\n\n\n<p>Le 3&#215;3 est une pratique conviviale et libre. Discipline Olympique depuis 2017, le 3&#215;3 est g\u00e9r\u00e9 et organis\u00e9 par la F\u00e9d\u00e9ration Internationale de Basketball (FIBA) sur le plan mondial et par la F\u00e9d\u00e9ration Fran\u00e7aise de Basketball (FFBB) sur le plan national.<\/p>\n\n\n\n<p>C&rsquo;est une pratique qui se veut universelle et accessible \u00e0 tous : pour pratiquer il n&rsquo;y a besoin que <strong>d&rsquo;un ballon, un panier et 6 joueurs<\/strong>.<\/p>\n\n\n\n<p>C&rsquo;est une discipline qui a trouv\u00e9 ses racines dans la rue et qui s&rsquo;associe \u00e0 <strong>la culture urbaine<\/strong>.<\/p>\n","protected":false},"excerpt":{"rendered":"<p>Le Micro basket Le Micro basket c&rsquo;est : Le Mini basket Le Mini Basket a \u00e9t\u00e9 invent\u00e9 en 1950 par Ren\u00e9 LAVERGNE professeur d&rsquo; \u00e9ducation physique et sportive (d\u00e9c\u00e9d\u00e9 en [&hellip;]<\/p>\n","protected":false},"author":1,"featured_media":0,"parent":0,"menu_order":0,"comment_status":"closed","ping_status":"closed","template":"","meta":{"footnotes":""},"class_list":["post-52635","page","type-page","status-publish","hentry"],"yoast_head":"<!-- This site is optimized with the Yoast SEO plugin v27.3 - https:\/\/yoast.com\/product\/yoast-seo-wordpress\/ -->\n<title>Les diff\u00e9rentes pratiques - patrimoine<\/title>\n<meta name=\"description\" content=\"Patrimoine historique du basket en r\u00e9gion Centre-Val de Loire.\" \/>\n<meta name=\"robots\" content=\"index, follow, max-snippet:-1, max-image-preview:large, max-video-preview:-1\" \/>\n<link rel=\"canonical\" href=\"https:\/\/centrevaldeloirebasketballpatrimoine.org\/index.php\/les-differentes-pratiques\/\" \/>\n<meta property=\"og:locale\" content=\"fr_FR\" \/>\n<meta property=\"og:type\" content=\"article\" \/>\n<meta property=\"og:title\" content=\"Les diff\u00e9rentes pratiques - patrimoine\" \/>\n<meta property=\"og:description\" content=\"Patrimoine historique du basket en r\u00e9gion Centre-Val de Loire.\" \/>\n<meta property=\"og:url\" content=\"https:\/\/centrevaldeloirebasketballpatrimoine.org\/index.php\/les-differentes-pratiques\/\" \/>\n<meta property=\"article:publisher\" content=\"https:\/\/www.facebook.com\/LigueBasketCentre\" \/>\n<meta property=\"article:modified_time\" content=\"2024-05-30T12:54:58+00:00\" \/>\n<meta name=\"twitter:card\" content=\"summary_large_image\" \/>\n<meta name=\"twitter:site\" content=\"@BasketCentre\" \/>\n<meta name=\"twitter:label1\" content=\"Dur\u00e9e de lecture estim\u00e9e\" \/>\n\t<meta name=\"twitter:data1\" content=\"2 minutes\" \/>\n<script type=\"application\/ld+json\" class=\"yoast-schema-graph\">{\"@context\":\"https:\\\/\\\/schema.org\",\"@graph\":[{\"@type\":\"WebPage\",\"@id\":\"https:\\\/\\\/centrevaldeloirebasketballpatrimoine.org\\\/index.php\\\/les-differentes-pratiques\\\/\",\"url\":\"https:\\\/\\\/centrevaldeloirebasketballpatrimoine.org\\\/index.php\\\/les-differentes-pratiques\\\/\",\"name\":\"Les diff\u00e9rentes pratiques - patrimoine\",\"isPartOf\":{\"@id\":\"https:\\\/\\\/centrevaldeloirebasketballpatrimoine.org\\\/#website\"},\"datePublished\":\"2024-03-30T17:19:03+00:00\",\"dateModified\":\"2024-05-30T12:54:58+00:00\",\"description\":\"Patrimoine historique du basket en r\u00e9gion Centre-Val de Loire.\",\"breadcrumb\":{\"@id\":\"https:\\\/\\\/centrevaldeloirebasketballpatrimoine.org\\\/index.php\\\/les-differentes-pratiques\\\/#breadcrumb\"},\"inLanguage\":\"fr-FR\",\"potentialAction\":[{\"@type\":\"ReadAction\",\"target\":[\"https:\\\/\\\/centrevaldeloirebasketballpatrimoine.org\\\/index.php\\\/les-differentes-pratiques\\\/\"]}]},{\"@type\":\"BreadcrumbList\",\"@id\":\"https:\\\/\\\/centrevaldeloirebasketballpatrimoine.org\\\/index.php\\\/les-differentes-pratiques\\\/#breadcrumb\",\"itemListElement\":[{\"@type\":\"ListItem\",\"position\":1,\"name\":\"Accueil\",\"item\":\"https:\\\/\\\/centrevaldeloirebasketballpatrimoine.org\\\/\"},{\"@type\":\"ListItem\",\"position\":2,\"name\":\"Les diff\u00e9rentes pratiques\"}]},{\"@type\":\"WebSite\",\"@id\":\"https:\\\/\\\/centrevaldeloirebasketballpatrimoine.org\\\/#website\",\"url\":\"https:\\\/\\\/centrevaldeloirebasketballpatrimoine.org\\\/\",\"name\":\"\",\"description\":\"Site officiel Commission Patrimoine de la Ligue Centre-Val de Loire de BasketBall\",\"publisher\":{\"@id\":\"https:\\\/\\\/centrevaldeloirebasketballpatrimoine.org\\\/#organization\"},\"potentialAction\":[{\"@type\":\"SearchAction\",\"target\":{\"@type\":\"EntryPoint\",\"urlTemplate\":\"https:\\\/\\\/centrevaldeloirebasketballpatrimoine.org\\\/?s={search_term_string}\"},\"query-input\":{\"@type\":\"PropertyValueSpecification\",\"valueRequired\":true,\"valueName\":\"search_term_string\"}}],\"inLanguage\":\"fr-FR\"},{\"@type\":\"Organization\",\"@id\":\"https:\\\/\\\/centrevaldeloirebasketballpatrimoine.org\\\/#organization\",\"name\":\"Patrimoine Basket Ligue Centre-Val de Loire\",\"url\":\"https:\\\/\\\/centrevaldeloirebasketballpatrimoine.org\\\/\",\"logo\":{\"@type\":\"ImageObject\",\"inLanguage\":\"fr-FR\",\"@id\":\"https:\\\/\\\/centrevaldeloirebasketballpatrimoine.org\\\/#\\\/schema\\\/logo\\\/image\\\/\",\"url\":\"https:\\\/\\\/i0.wp.com\\\/centrevaldeloirebasketballpatrimoine.org\\\/wp-content\\\/uploads\\\/2019\\\/06\\\/LigueRegionale-CENTRE-VAL-DE-LOIRE-Vertical-694x1024.jpg?fit=694%2C1024&ssl=1\",\"contentUrl\":\"https:\\\/\\\/i0.wp.com\\\/centrevaldeloirebasketballpatrimoine.org\\\/wp-content\\\/uploads\\\/2019\\\/06\\\/LigueRegionale-CENTRE-VAL-DE-LOIRE-Vertical-694x1024.jpg?fit=694%2C1024&ssl=1\",\"width\":694,\"height\":1024,\"caption\":\"Patrimoine Basket Ligue Centre-Val de Loire\"},\"image\":{\"@id\":\"https:\\\/\\\/centrevaldeloirebasketballpatrimoine.org\\\/#\\\/schema\\\/logo\\\/image\\\/\"},\"sameAs\":[\"https:\\\/\\\/www.facebook.com\\\/LigueBasketCentre\",\"https:\\\/\\\/x.com\\\/BasketCentre\",\"https:\\\/\\\/www.instagram.com\\\/liguebasketcentre\\\/\",\"https:\\\/\\\/www.linkedin.com\\\/company\\\/ligue-du-centre-val-de-loire-de-basketball\"]}]}<\/script>\n<!-- \/ Yoast SEO plugin. -->","yoast_head_json":{"title":"Les diff\u00e9rentes pratiques - patrimoine","description":"Patrimoine historique du basket en r\u00e9gion Centre-Val de Loire.","robots":{"index":"index","follow":"follow","max-snippet":"max-snippet:-1","max-image-preview":"max-image-preview:large","max-video-preview":"max-video-preview:-1"},"canonical":"https:\/\/centrevaldeloirebasketballpatrimoine.org\/index.php\/les-differentes-pratiques\/","og_locale":"fr_FR","og_type":"article","og_title":"Les diff\u00e9rentes pratiques - patrimoine","og_description":"Patrimoine historique du basket en r\u00e9gion Centre-Val de Loire.","og_url":"https:\/\/centrevaldeloirebasketballpatrimoine.org\/index.php\/les-differentes-pratiques\/","article_publisher":"https:\/\/www.facebook.com\/LigueBasketCentre","article_modified_time":"2024-05-30T12:54:58+00:00","twitter_card":"summary_large_image","twitter_site":"@BasketCentre","twitter_misc":{"Dur\u00e9e de lecture estim\u00e9e":"2 minutes"},"schema":{"@context":"https:\/\/schema.org","@graph":[{"@type":"WebPage","@id":"https:\/\/centrevaldeloirebasketballpatrimoine.org\/index.php\/les-differentes-pratiques\/","url":"https:\/\/centrevaldeloirebasketballpatrimoine.org\/index.php\/les-differentes-pratiques\/","name":"Les diff\u00e9rentes pratiques - patrimoine","isPartOf":{"@id":"https:\/\/centrevaldeloirebasketballpatrimoine.org\/#website"},"datePublished":"2024-03-30T17:19:03+00:00","dateModified":"2024-05-30T12:54:58+00:00","description":"Patrimoine historique du basket en r\u00e9gion Centre-Val de Loire.","breadcrumb":{"@id":"https:\/\/centrevaldeloirebasketballpatrimoine.org\/index.php\/les-differentes-pratiques\/#breadcrumb"},"inLanguage":"fr-FR","potentialAction":[{"@type":"ReadAction","target":["https:\/\/centrevaldeloirebasketballpatrimoine.org\/index.php\/les-differentes-pratiques\/"]}]},{"@type":"BreadcrumbList","@id":"https:\/\/centrevaldeloirebasketballpatrimoine.org\/index.php\/les-differentes-pratiques\/#breadcrumb","itemListElement":[{"@type":"ListItem","position":1,"name":"Accueil","item":"https:\/\/centrevaldeloirebasketballpatrimoine.org\/"},{"@type":"ListItem","position":2,"name":"Les diff\u00e9rentes pratiques"}]},{"@type":"WebSite","@id":"https:\/\/centrevaldeloirebasketballpatrimoine.org\/#website","url":"https:\/\/centrevaldeloirebasketballpatrimoine.org\/","name":"","description":"Site officiel Commission Patrimoine de la Ligue Centre-Val de Loire de BasketBall","publisher":{"@id":"https:\/\/centrevaldeloirebasketballpatrimoine.org\/#organization"},"potentialAction":[{"@type":"SearchAction","target":{"@type":"EntryPoint","urlTemplate":"https:\/\/centrevaldeloirebasketballpatrimoine.org\/?s={search_term_string}"},"query-input":{"@type":"PropertyValueSpecification","valueRequired":true,"valueName":"search_term_string"}}],"inLanguage":"fr-FR"},{"@type":"Organization","@id":"https:\/\/centrevaldeloirebasketballpatrimoine.org\/#organization","name":"Patrimoine Basket Ligue Centre-Val de Loire","url":"https:\/\/centrevaldeloirebasketballpatrimoine.org\/","logo":{"@type":"ImageObject","inLanguage":"fr-FR","@id":"https:\/\/centrevaldeloirebasketballpatrimoine.org\/#\/schema\/logo\/image\/","url":"https:\/\/i0.wp.com\/centrevaldeloirebasketballpatrimoine.org\/wp-content\/uploads\/2019\/06\/LigueRegionale-CENTRE-VAL-DE-LOIRE-Vertical-694x1024.jpg?fit=694%2C1024&ssl=1","contentUrl":"https:\/\/i0.wp.com\/centrevaldeloirebasketballpatrimoine.org\/wp-content\/uploads\/2019\/06\/LigueRegionale-CENTRE-VAL-DE-LOIRE-Vertical-694x1024.jpg?fit=694%2C1024&ssl=1","width":694,"height":1024,"caption":"Patrimoine Basket Ligue Centre-Val de Loire"},"image":{"@id":"https:\/\/centrevaldeloirebasketballpatrimoine.org\/#\/schema\/logo\/image\/"},"sameAs":["https:\/\/www.facebook.com\/LigueBasketCentre","https:\/\/x.com\/BasketCentre","https:\/\/www.instagram.com\/liguebasketcentre\/","https:\/\/www.linkedin.com\/company\/ligue-du-centre-val-de-loire-de-basketball"]}]}},"_links":{"self":[{"href":"https:\/\/centrevaldeloirebasketballpatrimoine.org\/index.php\/wp-json\/wp\/v2\/pages\/52635","targetHints":{"allow":["GET"]}}],"collection":[{"href":"https:\/\/centrevaldeloirebasketballpatrimoine.org\/index.php\/wp-json\/wp\/v2\/pages"}],"about":[{"href":"https:\/\/centrevaldeloirebasketballpatrimoine.org\/index.php\/wp-json\/wp\/v2\/types\/page"}],"author":[{"embeddable":true,"href":"https:\/\/centrevaldeloirebasketballpatrimoine.org\/index.php\/wp-json\/wp\/v2\/users\/1"}],"replies":[{"embeddable":true,"href":"https:\/\/centrevaldeloirebasketballpatrimoine.org\/index.php\/wp-json\/wp\/v2\/comments?post=52635"}],"version-history":[{"count":0,"href":"https:\/\/centrevaldeloirebasketballpatrimoine.org\/index.php\/wp-json\/wp\/v2\/pages\/52635\/revisions"}],"wp:attachment":[{"href":"https:\/\/centrevaldeloirebasketballpatrimoine.org\/index.php\/wp-json\/wp\/v2\/media?parent=52635"}],"curies":[{"name":"wp","href":"https:\/\/api.w.org\/{rel}","templated":true}]}}