{"id":52025,"date":"2024-03-25T08:24:00","date_gmt":"2024-03-25T07:24:00","guid":{"rendered":"https:\/\/centrevaldeloirebasketballpatrimoine.org\/?page_id=52025"},"modified":"2025-03-03T10:58:49","modified_gmt":"2025-03-03T09:58:49","slug":"2020-2029-evenements-internationaux","status":"publish","type":"page","link":"https:\/\/centrevaldeloirebasketballpatrimoine.org\/index.php\/2020-2029-evenements-internationaux\/","title":{"rendered":"2020-2029 \u00c9v\u00e9nements Internationaux"},"content":{"rendered":"\n<p><strong>06 au 09 F\u00e9vrier 2020<\/strong> \u00e0 Bourges Tournoi Qualificatif Olympique F\u00e9minin (Australie, Br\u00e9sil, Canada, France)<\/p>\n\n\n\n<p><strong>05 au 07 Avril 2022 <\/strong>\u00e0 Bourges : Final Four Eurocoupe F\u00e9minin (Bourges Basket, Galatarasay, Valence, Venise)<\/p>\n\n\n\n<p><strong>19 au 25 Juin 2023<\/strong> \u00e0 Orl\u00e9ans 3&#215;3 Women&rsquo;s S\u00e9ries et Challenger Europ\u00e9en<\/p>\n\n\n\n<p><strong>7 ao\u00fbt 2023 <\/strong>\u00e0 CO&rsquo;Met Arena \u00e0 Orl\u00e9ans France-V\u00e9n\u00e9zuela seniors masculins<\/p>\n\n\n\n<p><strong>9 ao\u00fbt 2023<\/strong>  CO&rsquo;Met Arena \u00e0 Orl\u00e9ans France-Lituanie seniors masculins<\/p>\n\n\n\n<p><a href=\"https:\/\/centrevaldeloirebasketballpatrimoine.org\/index.php\/2024\/07\/25\/saison-2024-2025-lequipe-de-france-masculine-se-prepare-pour-les-jo-a-orleans\/\"><strong>19 Juillet 2024 <\/strong>CO&rsquo;Met Arena \u00e0 Orl\u00e9ans Pr\u00e9paration des JO : France-Canada 73 \u00e0 85 et Porto-Rico-Australie 75 \u00e0 90<\/a><\/p>\n\n\n\n<p><a href=\"https:\/\/centrevaldeloirebasketballpatrimoine.org\/index.php\/2024\/07\/25\/saison-2024-2025-lequipe-de-france-masculine-en-preparation-pour-les-jo-a-orleans-le-21-juillet-france-australie\/\"><strong>21 Juillet 2024<\/strong> CO&rsquo;Met Arena \u00e0 Orl\u00e9ans Pr\u00e9paration des JO : France-Australie 82 \u00e0 83 et Porto-Rico- Canada 93 \u00e0 103<\/a><\/p>\n\n\n\n<p><a href=\"https:\/\/centrevaldeloirebasketballpatrimoine.org\/index.php\/2025\/02\/24\/saison-2024-2025-la-france-rencontre-la-bosnie-herzegovine-pour-la-qualification\"><strong>25 F\u00e9vrier 2025<\/strong> CO&rsquo;Met Arena \u00e0 Orl\u00e9ans Qualification pour le Championnat d&rsquo;Europe : France bat Bosnie-Herz\u00e9govine 76 \u00e0 74<\/a><\/p>\n\n\n<div id=\"mega-menu-wrap-max_mega_menu_6\" class=\"mega-menu-wrap\"><div class=\"mega-menu-toggle\"><div class=\"mega-toggle-blocks-left\"><\/div><div class=\"mega-toggle-blocks-center\"><\/div><div class=\"mega-toggle-blocks-right\"><div class='mega-toggle-block mega-menu-toggle-block mega-toggle-block-1' id='mega-toggle-block-1' tabindex='0'><button class='mega-toggle-standard mega-toggle-label' aria-expanded='false'><span class='mega-toggle-label-closed'>MENU<\/span><span class='mega-toggle-label-open'>MENU<\/span><\/button><\/div><\/div><\/div><ul id=\"mega-menu-max_mega_menu_6\" class=\"mega-menu max-mega-menu mega-menu-horizontal mega-no-js\" data-event=\"hover_intent\" data-effect=\"fade_up\" data-effect-speed=\"200\" data-effect-mobile=\"disabled\" data-effect-speed-mobile=\"0\" data-mobile-force-width=\"false\" data-second-click=\"go\" data-document-click=\"collapse\" data-vertical-behaviour=\"standard\" data-breakpoint=\"600\" data-unbind=\"true\" data-mobile-state=\"collapse_all\" data-mobile-direction=\"vertical\" data-hover-intent-timeout=\"300\" data-hover-intent-interval=\"100\"><li class=\"mega-menu-item mega-menu-item-type-post_type mega-menu-item-object-page mega-align-bottom-left mega-menu-flyout mega-menu-item-242\" id=\"mega-menu-item-242\"><a class=\"mega-menu-link\" href=\"https:\/\/centrevaldeloirebasketballpatrimoine.org\/index.php\/1900-1909-grands-evenements\/\" tabindex=\"0\">1900-1909<\/a><\/li><li class=\"mega-menu-item mega-menu-item-type-post_type mega-menu-item-object-page mega-align-bottom-left mega-menu-flyout mega-menu-item-243\" id=\"mega-menu-item-243\"><a class=\"mega-menu-link\" href=\"https:\/\/centrevaldeloirebasketballpatrimoine.org\/index.php\/10-19-grands-evenements\/\" tabindex=\"0\">10-19<\/a><\/li><li class=\"mega-menu-item mega-menu-item-type-post_type mega-menu-item-object-page mega-align-bottom-left mega-menu-flyout mega-menu-item-244\" id=\"mega-menu-item-244\"><a class=\"mega-menu-link\" href=\"https:\/\/centrevaldeloirebasketballpatrimoine.org\/index.php\/20-29-grands-evenements\/\" tabindex=\"0\">20-29<\/a><\/li><li class=\"mega-menu-item mega-menu-item-type-post_type mega-menu-item-object-page mega-align-bottom-left mega-menu-flyout mega-menu-item-245\" id=\"mega-menu-item-245\"><a class=\"mega-menu-link\" href=\"https:\/\/centrevaldeloirebasketballpatrimoine.org\/index.php\/30-39-grands-evenements\/\" tabindex=\"0\">30-39<\/a><\/li><li class=\"mega-menu-item mega-menu-item-type-post_type mega-menu-item-object-page mega-align-bottom-left mega-menu-flyout mega-menu-item-230\" id=\"mega-menu-item-230\"><a class=\"mega-menu-link\" href=\"https:\/\/centrevaldeloirebasketballpatrimoine.org\/index.php\/40-49-grands-evenements\/\" tabindex=\"0\">40-49<\/a><\/li><li class=\"mega-menu-item mega-menu-item-type-post_type mega-menu-item-object-page mega-align-bottom-left mega-menu-flyout mega-menu-item-231\" id=\"mega-menu-item-231\"><a class=\"mega-menu-link\" href=\"https:\/\/centrevaldeloirebasketballpatrimoine.org\/index.php\/50-59-grands-evenements\/\" tabindex=\"0\">50-59<\/a><\/li><li class=\"mega-menu-item mega-menu-item-type-post_type mega-menu-item-object-page mega-align-bottom-left mega-menu-flyout mega-menu-item-229\" id=\"mega-menu-item-229\"><a class=\"mega-menu-link\" href=\"https:\/\/centrevaldeloirebasketballpatrimoine.org\/index.php\/60-69-grands-evenements\/\" tabindex=\"0\">60-69<\/a><\/li><li class=\"mega-menu-item mega-menu-item-type-post_type mega-menu-item-object-page mega-align-bottom-left mega-menu-flyout mega-menu-item-228\" id=\"mega-menu-item-228\"><a class=\"mega-menu-link\" href=\"https:\/\/centrevaldeloirebasketballpatrimoine.org\/index.php\/70-79-grands-evenements\/\" tabindex=\"0\">70-79<\/a><\/li><li class=\"mega-menu-item mega-menu-item-type-post_type mega-menu-item-object-page mega-align-bottom-left mega-menu-flyout mega-menu-item-227\" id=\"mega-menu-item-227\"><a class=\"mega-menu-link\" href=\"https:\/\/centrevaldeloirebasketballpatrimoine.org\/index.php\/80-89-grands-evenements\/\" tabindex=\"0\">80-89<\/a><\/li><li class=\"mega-menu-item mega-menu-item-type-post_type mega-menu-item-object-page mega-align-bottom-left mega-menu-flyout mega-menu-item-226\" id=\"mega-menu-item-226\"><a class=\"mega-menu-link\" href=\"https:\/\/centrevaldeloirebasketballpatrimoine.org\/index.php\/90-99-grands-evenements\/\" tabindex=\"0\">90-99<\/a><\/li><li class=\"mega-menu-item mega-menu-item-type-post_type mega-menu-item-object-page mega-align-bottom-left mega-menu-flyout mega-menu-item-251\" id=\"mega-menu-item-251\"><a class=\"mega-menu-link\" href=\"https:\/\/centrevaldeloirebasketballpatrimoine.org\/index.php\/2000-2009-grands-evenements\/\" tabindex=\"0\">2000-2009<\/a><\/li><li class=\"mega-menu-item mega-menu-item-type-post_type mega-menu-item-object-page mega-align-bottom-left mega-menu-flyout mega-menu-item-250\" id=\"mega-menu-item-250\"><a class=\"mega-menu-link\" href=\"https:\/\/centrevaldeloirebasketballpatrimoine.org\/index.php\/2010-2019-grands-evenements\/\" tabindex=\"0\">2010-2019<\/a><\/li><li class=\"mega-menu-item mega-menu-item-type-post_type mega-menu-item-object-page mega-align-bottom-left mega-menu-flyout mega-menu-item-52029\" id=\"mega-menu-item-52029\"><a class=\"mega-menu-link\" href=\"https:\/\/centrevaldeloirebasketballpatrimoine.org\/index.php\/2020-2029-evenements-internationaux\/\" tabindex=\"0\">2020-2029<\/a><\/li><\/ul><\/div>\n","protected":false},"excerpt":{"rendered":"<p>06 au 09 F\u00e9vrier 2020 \u00e0 Bourges Tournoi Qualificatif Olympique F\u00e9minin (Australie, Br\u00e9sil, Canada, France) 05 au 07 Avril 2022 \u00e0 Bourges : Final Four Eurocoupe F\u00e9minin (Bourges Basket, Galatarasay, [&hellip;]<\/p>\n","protected":false},"author":1,"featured_media":0,"parent":0,"menu_order":0,"comment_status":"closed","ping_status":"closed","template":"","meta":{"footnotes":""},"class_list":["post-52025","page","type-page","status-publish","hentry"],"yoast_head":"<!-- This site is optimized with the Yoast SEO plugin v27.3 - https:\/\/yoast.com\/product\/yoast-seo-wordpress\/ -->\n<title>2020-2029 \u00c9v\u00e9nements Internationaux - patrimoine<\/title>\n<meta name=\"description\" content=\"Patrimoine historique du basket en r\u00e9gion Centre-Val de Loire.\" \/>\n<meta name=\"robots\" content=\"index, follow, max-snippet:-1, max-image-preview:large, max-video-preview:-1\" \/>\n<link rel=\"canonical\" href=\"https:\/\/centrevaldeloirebasketballpatrimoine.org\/index.php\/2020-2029-evenements-internationaux\/\" \/>\n<meta property=\"og:locale\" content=\"fr_FR\" \/>\n<meta property=\"og:type\" content=\"article\" \/>\n<meta property=\"og:title\" content=\"2020-2029 \u00c9v\u00e9nements Internationaux - patrimoine\" \/>\n<meta property=\"og:description\" content=\"Patrimoine historique du basket en r\u00e9gion Centre-Val de Loire.\" \/>\n<meta property=\"og:url\" content=\"https:\/\/centrevaldeloirebasketballpatrimoine.org\/index.php\/2020-2029-evenements-internationaux\/\" \/>\n<meta property=\"article:publisher\" content=\"https:\/\/www.facebook.com\/LigueBasketCentre\" \/>\n<meta property=\"article:modified_time\" content=\"2025-03-03T09:58:49+00:00\" \/>\n<meta name=\"twitter:card\" content=\"summary_large_image\" \/>\n<meta name=\"twitter:site\" content=\"@BasketCentre\" \/>\n<meta name=\"twitter:label1\" content=\"Dur\u00e9e de lecture estim\u00e9e\" \/>\n\t<meta name=\"twitter:data1\" content=\"1 minute\" \/>\n<script type=\"application\/ld+json\" class=\"yoast-schema-graph\">{\"@context\":\"https:\\\/\\\/schema.org\",\"@graph\":[{\"@type\":\"WebPage\",\"@id\":\"https:\\\/\\\/centrevaldeloirebasketballpatrimoine.org\\\/index.php\\\/2020-2029-evenements-internationaux\\\/\",\"url\":\"https:\\\/\\\/centrevaldeloirebasketballpatrimoine.org\\\/index.php\\\/2020-2029-evenements-internationaux\\\/\",\"name\":\"2020-2029 \u00c9v\u00e9nements Internationaux - patrimoine\",\"isPartOf\":{\"@id\":\"https:\\\/\\\/centrevaldeloirebasketballpatrimoine.org\\\/#website\"},\"datePublished\":\"2024-03-25T07:24:00+00:00\",\"dateModified\":\"2025-03-03T09:58:49+00:00\",\"description\":\"Patrimoine historique du basket en r\u00e9gion Centre-Val de Loire.\",\"breadcrumb\":{\"@id\":\"https:\\\/\\\/centrevaldeloirebasketballpatrimoine.org\\\/index.php\\\/2020-2029-evenements-internationaux\\\/#breadcrumb\"},\"inLanguage\":\"fr-FR\",\"potentialAction\":[{\"@type\":\"ReadAction\",\"target\":[\"https:\\\/\\\/centrevaldeloirebasketballpatrimoine.org\\\/index.php\\\/2020-2029-evenements-internationaux\\\/\"]}]},{\"@type\":\"BreadcrumbList\",\"@id\":\"https:\\\/\\\/centrevaldeloirebasketballpatrimoine.org\\\/index.php\\\/2020-2029-evenements-internationaux\\\/#breadcrumb\",\"itemListElement\":[{\"@type\":\"ListItem\",\"position\":1,\"name\":\"Accueil\",\"item\":\"https:\\\/\\\/centrevaldeloirebasketballpatrimoine.org\\\/\"},{\"@type\":\"ListItem\",\"position\":2,\"name\":\"2020-2029 \u00c9v\u00e9nements Internationaux\"}]},{\"@type\":\"WebSite\",\"@id\":\"https:\\\/\\\/centrevaldeloirebasketballpatrimoine.org\\\/#website\",\"url\":\"https:\\\/\\\/centrevaldeloirebasketballpatrimoine.org\\\/\",\"name\":\"\",\"description\":\"Site officiel Commission Patrimoine de la Ligue Centre-Val de Loire de BasketBall\",\"publisher\":{\"@id\":\"https:\\\/\\\/centrevaldeloirebasketballpatrimoine.org\\\/#organization\"},\"potentialAction\":[{\"@type\":\"SearchAction\",\"target\":{\"@type\":\"EntryPoint\",\"urlTemplate\":\"https:\\\/\\\/centrevaldeloirebasketballpatrimoine.org\\\/?s={search_term_string}\"},\"query-input\":{\"@type\":\"PropertyValueSpecification\",\"valueRequired\":true,\"valueName\":\"search_term_string\"}}],\"inLanguage\":\"fr-FR\"},{\"@type\":\"Organization\",\"@id\":\"https:\\\/\\\/centrevaldeloirebasketballpatrimoine.org\\\/#organization\",\"name\":\"Patrimoine Basket Ligue Centre-Val de Loire\",\"url\":\"https:\\\/\\\/centrevaldeloirebasketballpatrimoine.org\\\/\",\"logo\":{\"@type\":\"ImageObject\",\"inLanguage\":\"fr-FR\",\"@id\":\"https:\\\/\\\/centrevaldeloirebasketballpatrimoine.org\\\/#\\\/schema\\\/logo\\\/image\\\/\",\"url\":\"https:\\\/\\\/i0.wp.com\\\/centrevaldeloirebasketballpatrimoine.org\\\/wp-content\\\/uploads\\\/2019\\\/06\\\/LigueRegionale-CENTRE-VAL-DE-LOIRE-Vertical-694x1024.jpg?fit=694%2C1024&ssl=1\",\"contentUrl\":\"https:\\\/\\\/i0.wp.com\\\/centrevaldeloirebasketballpatrimoine.org\\\/wp-content\\\/uploads\\\/2019\\\/06\\\/LigueRegionale-CENTRE-VAL-DE-LOIRE-Vertical-694x1024.jpg?fit=694%2C1024&ssl=1\",\"width\":694,\"height\":1024,\"caption\":\"Patrimoine Basket Ligue Centre-Val de Loire\"},\"image\":{\"@id\":\"https:\\\/\\\/centrevaldeloirebasketballpatrimoine.org\\\/#\\\/schema\\\/logo\\\/image\\\/\"},\"sameAs\":[\"https:\\\/\\\/www.facebook.com\\\/LigueBasketCentre\",\"https:\\\/\\\/x.com\\\/BasketCentre\",\"https:\\\/\\\/www.instagram.com\\\/liguebasketcentre\\\/\",\"https:\\\/\\\/www.linkedin.com\\\/company\\\/ligue-du-centre-val-de-loire-de-basketball\"]}]}<\/script>\n<!-- \/ Yoast SEO plugin. -->","yoast_head_json":{"title":"2020-2029 \u00c9v\u00e9nements Internationaux - patrimoine","description":"Patrimoine historique du basket en r\u00e9gion Centre-Val de Loire.","robots":{"index":"index","follow":"follow","max-snippet":"max-snippet:-1","max-image-preview":"max-image-preview:large","max-video-preview":"max-video-preview:-1"},"canonical":"https:\/\/centrevaldeloirebasketballpatrimoine.org\/index.php\/2020-2029-evenements-internationaux\/","og_locale":"fr_FR","og_type":"article","og_title":"2020-2029 \u00c9v\u00e9nements Internationaux - patrimoine","og_description":"Patrimoine historique du basket en r\u00e9gion Centre-Val de Loire.","og_url":"https:\/\/centrevaldeloirebasketballpatrimoine.org\/index.php\/2020-2029-evenements-internationaux\/","article_publisher":"https:\/\/www.facebook.com\/LigueBasketCentre","article_modified_time":"2025-03-03T09:58:49+00:00","twitter_card":"summary_large_image","twitter_site":"@BasketCentre","twitter_misc":{"Dur\u00e9e de lecture estim\u00e9e":"1 minute"},"schema":{"@context":"https:\/\/schema.org","@graph":[{"@type":"WebPage","@id":"https:\/\/centrevaldeloirebasketballpatrimoine.org\/index.php\/2020-2029-evenements-internationaux\/","url":"https:\/\/centrevaldeloirebasketballpatrimoine.org\/index.php\/2020-2029-evenements-internationaux\/","name":"2020-2029 \u00c9v\u00e9nements Internationaux - patrimoine","isPartOf":{"@id":"https:\/\/centrevaldeloirebasketballpatrimoine.org\/#website"},"datePublished":"2024-03-25T07:24:00+00:00","dateModified":"2025-03-03T09:58:49+00:00","description":"Patrimoine historique du basket en r\u00e9gion Centre-Val de Loire.","breadcrumb":{"@id":"https:\/\/centrevaldeloirebasketballpatrimoine.org\/index.php\/2020-2029-evenements-internationaux\/#breadcrumb"},"inLanguage":"fr-FR","potentialAction":[{"@type":"ReadAction","target":["https:\/\/centrevaldeloirebasketballpatrimoine.org\/index.php\/2020-2029-evenements-internationaux\/"]}]},{"@type":"BreadcrumbList","@id":"https:\/\/centrevaldeloirebasketballpatrimoine.org\/index.php\/2020-2029-evenements-internationaux\/#breadcrumb","itemListElement":[{"@type":"ListItem","position":1,"name":"Accueil","item":"https:\/\/centrevaldeloirebasketballpatrimoine.org\/"},{"@type":"ListItem","position":2,"name":"2020-2029 \u00c9v\u00e9nements Internationaux"}]},{"@type":"WebSite","@id":"https:\/\/centrevaldeloirebasketballpatrimoine.org\/#website","url":"https:\/\/centrevaldeloirebasketballpatrimoine.org\/","name":"","description":"Site officiel Commission Patrimoine de la Ligue Centre-Val de Loire de BasketBall","publisher":{"@id":"https:\/\/centrevaldeloirebasketballpatrimoine.org\/#organization"},"potentialAction":[{"@type":"SearchAction","target":{"@type":"EntryPoint","urlTemplate":"https:\/\/centrevaldeloirebasketballpatrimoine.org\/?s={search_term_string}"},"query-input":{"@type":"PropertyValueSpecification","valueRequired":true,"valueName":"search_term_string"}}],"inLanguage":"fr-FR"},{"@type":"Organization","@id":"https:\/\/centrevaldeloirebasketballpatrimoine.org\/#organization","name":"Patrimoine Basket Ligue Centre-Val de Loire","url":"https:\/\/centrevaldeloirebasketballpatrimoine.org\/","logo":{"@type":"ImageObject","inLanguage":"fr-FR","@id":"https:\/\/centrevaldeloirebasketballpatrimoine.org\/#\/schema\/logo\/image\/","url":"https:\/\/i0.wp.com\/centrevaldeloirebasketballpatrimoine.org\/wp-content\/uploads\/2019\/06\/LigueRegionale-CENTRE-VAL-DE-LOIRE-Vertical-694x1024.jpg?fit=694%2C1024&ssl=1","contentUrl":"https:\/\/i0.wp.com\/centrevaldeloirebasketballpatrimoine.org\/wp-content\/uploads\/2019\/06\/LigueRegionale-CENTRE-VAL-DE-LOIRE-Vertical-694x1024.jpg?fit=694%2C1024&ssl=1","width":694,"height":1024,"caption":"Patrimoine Basket Ligue Centre-Val de Loire"},"image":{"@id":"https:\/\/centrevaldeloirebasketballpatrimoine.org\/#\/schema\/logo\/image\/"},"sameAs":["https:\/\/www.facebook.com\/LigueBasketCentre","https:\/\/x.com\/BasketCentre","https:\/\/www.instagram.com\/liguebasketcentre\/","https:\/\/www.linkedin.com\/company\/ligue-du-centre-val-de-loire-de-basketball"]}]}},"_links":{"self":[{"href":"https:\/\/centrevaldeloirebasketballpatrimoine.org\/index.php\/wp-json\/wp\/v2\/pages\/52025","targetHints":{"allow":["GET"]}}],"collection":[{"href":"https:\/\/centrevaldeloirebasketballpatrimoine.org\/index.php\/wp-json\/wp\/v2\/pages"}],"about":[{"href":"https:\/\/centrevaldeloirebasketballpatrimoine.org\/index.php\/wp-json\/wp\/v2\/types\/page"}],"author":[{"embeddable":true,"href":"https:\/\/centrevaldeloirebasketballpatrimoine.org\/index.php\/wp-json\/wp\/v2\/users\/1"}],"replies":[{"embeddable":true,"href":"https:\/\/centrevaldeloirebasketballpatrimoine.org\/index.php\/wp-json\/wp\/v2\/comments?post=52025"}],"version-history":[{"count":0,"href":"https:\/\/centrevaldeloirebasketballpatrimoine.org\/index.php\/wp-json\/wp\/v2\/pages\/52025\/revisions"}],"wp:attachment":[{"href":"https:\/\/centrevaldeloirebasketballpatrimoine.org\/index.php\/wp-json\/wp\/v2\/media?parent=52025"}],"curies":[{"name":"wp","href":"https:\/\/api.w.org\/{rel}","templated":true}]}}