{"id":51320,"date":"2024-03-12T11:26:31","date_gmt":"2024-03-12T10:26:31","guid":{"rendered":"https:\/\/centrevaldeloirebasketballpatrimoine.org\/?page_id=51320"},"modified":"2024-06-08T17:22:13","modified_gmt":"2024-06-08T15:22:13","slug":"le-basket-de-ses-origines","status":"publish","type":"page","link":"https:\/\/centrevaldeloirebasketballpatrimoine.org\/index.php\/le-basket-de-ses-origines\/","title":{"rendered":"Le basket, ses origines"},"content":{"rendered":"\n<div id=\"ez-toc-container\" class=\"ez-toc-v2_0_74 counter-hierarchy ez-toc-counter ez-toc-grey ez-toc-container-direction\">\n<p class=\"ez-toc-title\" style=\"cursor:inherit\">Les origines<\/p>\n<label for=\"ez-toc-cssicon-toggle-item-69f76de87bce9\" class=\"ez-toc-cssicon-toggle-label\"><span class=\"\"><span class=\"eztoc-hide\" style=\"display:none;\">Toggle<\/span><span class=\"ez-toc-icon-toggle-span\"><svg style=\"fill: #999;color:#999\" xmlns=\"http:\/\/www.w3.org\/2000\/svg\" class=\"list-377408\" width=\"20px\" height=\"20px\" viewBox=\"0 0 24 24\" fill=\"none\"><path d=\"M6 6H4v2h2V6zm14 0H8v2h12V6zM4 11h2v2H4v-2zm16 0H8v2h12v-2zM4 16h2v2H4v-2zm16 0H8v2h12v-2z\" fill=\"currentColor\"><\/path><\/svg><svg style=\"fill: #999;color:#999\" class=\"arrow-unsorted-368013\" xmlns=\"http:\/\/www.w3.org\/2000\/svg\" width=\"10px\" height=\"10px\" viewBox=\"0 0 24 24\" version=\"1.2\" baseProfile=\"tiny\"><path d=\"M18.2 9.3l-6.2-6.3-6.2 6.3c-.2.2-.3.4-.3.7s.1.5.3.7c.2.2.4.3.7.3h11c.3 0 .5-.1.7-.3.2-.2.3-.5.3-.7s-.1-.5-.3-.7zM5.8 14.7l6.2 6.3 6.2-6.3c.2-.2.3-.5.3-.7s-.1-.5-.3-.7c-.2-.2-.4-.3-.7-.3h-11c-.3 0-.5.1-.7.3-.2.2-.3.5-.3.7s.1.5.3.7z\"\/><\/svg><\/span><\/span><\/label><input type=\"checkbox\"  id=\"ez-toc-cssicon-toggle-item-69f76de87bce9\"  aria-label=\"Toggle\" \/><nav><ul class='ez-toc-list ez-toc-list-level-1 ' ><li class='ez-toc-page-1 ez-toc-heading-level-2'><a class=\"ez-toc-link ez-toc-heading-1\" href=\"https:\/\/centrevaldeloirebasketballpatrimoine.org\/index.php\/le-basket-de-ses-origines\/#Premier_match_de_basket_en_France\" >Premier match de basket en France<\/a><\/li><li class='ez-toc-page-1 ez-toc-heading-level-2'><a class=\"ez-toc-link ez-toc-heading-2\" href=\"https:\/\/centrevaldeloirebasketballpatrimoine.org\/index.php\/le-basket-de-ses-origines\/#Le_premier_match_avec_des_femmes_a_eu_lieu_en_1893\" >Le premier match avec des femmes a eu lieu en 1893<\/a><\/li><li class='ez-toc-page-1 ez-toc-heading-level-2'><a class=\"ez-toc-link ez-toc-heading-3\" href=\"https:\/\/centrevaldeloirebasketballpatrimoine.org\/index.php\/le-basket-de-ses-origines\/#Les_13_premieres_regles_du_Basketball_etablies_par_Dr_Naismith_publiees_la_premiere_fois_en_janvier_1892_dans_The_Triangle_le_journal_du_Springfield_College\" >Les 13 premi\u00e8res r\u00e8gles du&nbsp;Basketball&nbsp;\u00e9tablies par&nbsp;Dr Naismith&nbsp;publi\u00e9es la premi\u00e8re fois en janvier 1892 dans&nbsp;The Triangle,&nbsp;le journal du Springfield College.<\/a><\/li><li class='ez-toc-page-1 ez-toc-heading-level-2'><a class=\"ez-toc-link ez-toc-heading-4\" href=\"https:\/\/centrevaldeloirebasketballpatrimoine.org\/index.php\/le-basket-de-ses-origines\/#Biographie_de_James_NAISMITH\" >Biographie de James NAISMITH<\/a><\/li><\/ul><\/nav><\/div>\n<h2 class=\"wp-block-heading\"><span class=\"ez-toc-section\" id=\"Premier_match_de_basket_en_France\"><\/span><strong>Premier match de basket en France<\/strong><span class=\"ez-toc-section-end\"><\/span><\/h2>\n\n\n\n<p><img decoding=\"async\" width=\"358\" height=\"591\" class=\"wp-image-56100 lazyload\" style=\"--smush-placeholder-width: 358px; --smush-placeholder-aspect-ratio: 358\/591;float: right\" data-src=\"https:\/\/centrevaldeloirebasketballpatrimoine.org\/wp-content\/uploads\/2024\/06\/Le-journal-des-debats-\u00ad-dimanche-matin-31-decembre-1893.png\" alt=\"\" data-srcset=\"https:\/\/centrevaldeloirebasketballpatrimoine.org\/wp-content\/uploads\/2024\/06\/Le-journal-des-debats-\u00ad-dimanche-matin-31-decembre-1893.png 358w, https:\/\/centrevaldeloirebasketballpatrimoine.org\/wp-content\/uploads\/2024\/06\/Le-journal-des-debats-\u00ad-dimanche-matin-31-decembre-1893-182x300.png 182w\" data-sizes=\"(max-width: 358px) 100vw, 358px\" src=\"data:image\/gif;base64,R0lGODlhAQABAAAAACH5BAEKAAEALAAAAAABAAEAAAICTAEAOw==\" \/>\u00ab Pas de cross-country aujourd\u2019hui.<br> L\u2019apr\u00e8s-midi, dans presque tous les cercles sera consacr\u00e9 au football\u2026.A l\u2019Union chr\u00e9tienne : hier apr\u00e8s-midi a eu lieu au gymnase mod\u00e8le de l\u2019union chr\u00e9tienne des jeunes gens de Paris ; le premier match de basket ball ;<br>Dans la grande salle, d\u00e9barrass\u00e9e des agr\u00e8s inutiles, deux \u00e9quipes, l\u2019une et blanc, capitaine Fuschs, l\u2019autre bleu et blanc, capitaine La Vigne se sont rang\u00e9es sous les ordres de l\u2019habile directeur des exercices physique, M. Rideout. <br>Nous avons dit quelques mots de ce jeu qui est une esp\u00e8ce de foot-ball \u00ab en chambre \u00bb, en parlant de l\u2019inauguration du gymnase. <br>Ajoutons que le nombre des \u00e9quipiers, qui \u00e9tait hier, de huit y compris le capitaine, n\u2019est pas immuable comme au foot-ball. Il peut varier suivant les dimensions de la salle. Il est permis de lancer le ballon dans toutes les directions, de le frapper avec une ou les deux mains. Par contre, il est d\u00e9fendu de le porter : ou le jeter du point m\u00eame o\u00f9 on l\u2019a saisi. D\u00e9fendu \u00e9galement de pousser, faire tomber ou frapper un adversaire qui tient le ballon entre les mains. Un goal compte points, trois fautes (on les appelle \u00ab d\u00e9lits \u00bb), \u00e9galement points. Points contre \u00e0 celui de M. La Vigne.<br>Le camp de Fuschs a gagn\u00e9 cette premi\u00e8re partie par 8 points contre 4 points de M. La Vigne. \u00bb<br><em>Le journal des d\u00e9bats \u00ad- dimanche matin 31 d\u00e9cembre 1893 <\/em><\/p>\n\n\n\n<p><em>\u00ad<\/em><a href=\"https:\/\/www.ffbb.com\/ffbb\/presentation-generale\" target=\"_blank\" rel=\"noreferrer noopener\">Pr\u00e9sentation g\u00e9n\u00e9rale | FFBB<\/a><\/p>\n\n\n\n<h2 class=\"wp-block-heading\"><span class=\"ez-toc-section\" id=\"Le_premier_match_avec_des_femmes_a_eu_lieu_en_1893\"><\/span>Le premier match avec des femmes a eu lieu en 1893<span class=\"ez-toc-section-end\"><\/span><\/h2>\n\n\n\n<p>L&rsquo;histoire du&nbsp;<a href=\"https:\/\/fr.wikipedia.org\/wiki\/Basket-ball_f\u00e9minin\" target=\"_blank\" rel=\"noreferrer noopener\">basket-ball f\u00e9minin<\/a>&nbsp;d\u00e9bute en 1892 au&nbsp;<a href=\"https:\/\/fr.wikipedia.org\/wiki\/Smith_College\" target=\"_blank\" rel=\"noreferrer noopener\"><em>Smith College<\/em><\/a>&nbsp;(<a href=\"https:\/\/fr.wikipedia.org\/wiki\/Massachusetts\">Massachusetts<\/a>), lorsque la professeure d&rsquo;\u00e9ducation physique&nbsp;<a href=\"https:\/\/fr.wikipedia.org\/wiki\/Senda_Berenson_Abbott\" target=\"_blank\" rel=\"noreferrer noopener\">Senda Berenson Abbott<\/a>&nbsp;adapte les r\u00e8gles du jeu pour les femmes. Ainsi, elle interdit d&rsquo;arracher le ballon \u00e0 l&rsquo;adversaire ou de dribbler au sol plus de trois fois, afin de ne pas&nbsp;\u00ab&nbsp;d\u00e9velopper une tendance \u00e0 la nervosit\u00e9 et perdre la gr\u00e2ce, la dignit\u00e9 et l&rsquo;estime de soi&nbsp;\u00bb. Peu apr\u00e8s avoir \u00e9t\u00e9 embauch\u00e9e, elle rencontre&nbsp;<a href=\"https:\/\/fr.wikipedia.org\/wiki\/James_Naismith\" target=\"_blank\" rel=\"noreferrer noopener\">Naismith<\/a>&nbsp;afin d&rsquo;en apprendre davantage sur le basket-ball. Convaincue de l&rsquo;int\u00e9r\u00eat de ce sport et des valeurs qu&rsquo;il peut v\u00e9hiculer, elle organise le premier match universitaire f\u00e9minin au&nbsp;<em>Smith College<\/em>&nbsp;le&nbsp;21 mars 1893.<\/p>\n\n\n\n<h2 class=\"wp-block-heading\"><span class=\"ez-toc-section\" id=\"Les_13_premieres_regles_du_Basketball_etablies_par_Dr_Naismith_publiees_la_premiere_fois_en_janvier_1892_dans_The_Triangle_le_journal_du_Springfield_College\"><\/span><strong><u>Les 13 premi\u00e8res r\u00e8gles du&nbsp;Basketball&nbsp;\u00e9tablies par&nbsp;Dr Naismith<\/u><\/strong><u>&nbsp;<\/u><strong><u>publi\u00e9es la premi\u00e8re fois en janvier 1892 dans<\/u><\/strong><u>&nbsp;<\/u><strong><u>The Triangle<\/u><\/strong><u>,<\/u><strong><u>&nbsp;le journal du Springfield College.<\/u><\/strong><span class=\"ez-toc-section-end\"><\/span><\/h2>\n\n\n<ul>\n<li>1 &#8211; la balle peut \u00eatre lanc\u00e9e dans n\u2019importe quelle direction d\u2019une ou deux mains.<\/li>\n<li>2 &#8211; la balle peut \u00eatre lanc\u00e9e dans n\u2019importe quelle direction en frappant du plat de la main, d\u2019une ou deux mains, jamais avec le poing.<\/li>\n<li>3 &#8211; un joueur ne peut pas courir en tenant la balle ; le joueur doit la relancer de l\u2019endroit o\u00f9 il la r\u00e9cup\u00e8re, sauf s\u2019il l\u2019attrape alors qu\u2019il court \u00e0 bonne vitesse.<\/li>\n<li>4 &#8211; la balle doit \u00eatre maintenue dans ou entre les mains, il ne faut jamais utiliser les bras ou le corps pour la maintenir.<\/li>\n<li>5 &#8211; il est interdit de donner des coups d\u2019\u00e9paule, de tenir, de pousser, de faire tomber ou de frapper de quelque mani\u00e8re que ce soit un adversaire. La premi\u00e8re violation de cette r\u00e8gle entra\u00eene un lancer franc, la seconde exclut le joueur du terrain jusqu\u2019au prochain panier.<\/li>\n<li>6 &#8211; frapper la balle du poing constitue une faute, conform\u00e9ment aux articles 3 et 4, et tel que cela est d\u00e9crit dans l\u2019article 5.<\/li>\n<li>7 &#8211; si une \u00e9quipe commet 3 fautes cons\u00e9cutives (sans que l\u2019autre n\u2019en commette), un panier sera compt\u00e9 pour les adversaires.<\/li>\n<li>8 &#8211; on appelle panier une balle envoy\u00e9e dans le panier depuis le sol, \u00e0 condition que la balle reste dedans et que les d\u00e9fenseurs ne touchent pas la balle ni n\u2019emp\u00eachent le panier si la balle rebondit. Si la balle reste en \u00e9quilibre sur le bord du panier et que les adversaires bougent le panier, on dit que le panier est marqu\u00e9.<\/li>\n<li>9 &#8211; lorsque la balle sort des limites, elle devra \u00eatre remise sur le terrain et jou\u00e9e par le premier joueur qui la touche. En cas de litige, l\u2019arbitre de touche relance la balle dans le terrain. Le joueur charg\u00e9 de la remise en jeu dispose de 5 secondes ; s\u2019il d\u00e9passe le d\u00e9lai imparti, la balle change de camp. Si les deux \u00e9quipes jouent la montre, l\u2019arbitre de touche signale une faute pour les joueurs coupables.<\/li>\n<li>10 &#8211; l\u2019arbitre de touche jugera les hommes, comptera les fautes et signalera \u00e0 l\u2019arbitre les triples fautes cons\u00e9cutives. Il sera habilit\u00e9 \u00e0 disqualifier des joueurs selon l\u2019article 5.<\/li>\n<li>11 &#8211; l\u2019arbitre chef sera seul juge de la balle et devra d\u00e9cider si la balle est jou\u00e9e hors limites, \u00e0 quelle \u00e9quipe elle appartient et garder un \u0153il sur la pendule. C\u2019est lui qui accorde les paniers et qui les compte.<\/li>\n<li>12 &#8211; la dur\u00e9e d\u2019une partie sera de 2 fois 15 minutes, avec une mi-temps de 5 minutes.<\/li>\n<li>13 &#8211; l\u2019\u00e9quipe marquant le plus de paniers sera d\u00e9sign\u00e9e comme gagnante. En cas de match nul, il peut y avoir prolongation jusqu\u2019\u00e0 ce qu\u2019un panier fasse la d\u00e9cision.<\/li>\n<\/ul>\n\n\n<p><a href=\"https:\/\/basket-retro.com\/2021\/01\/15\/il-etait-une-fois-la-naissance-de-la-balle-au-panier\/\" target=\"_blank\" rel=\"noreferrer noopener\">Il y a 129 ans, les 13 r\u00e8gles de James Naismith \u00e9taient publi\u00e9es pour la premi\u00e8re fois \u2013 Basket Retro (basket-retro.com)<\/a><\/p>\n\n\n\n<h2 class=\"wp-block-heading\"><span class=\"ez-toc-section\" id=\"Biographie_de_James_NAISMITH\"><\/span><strong>Biographie de James NAISMITH<\/strong><span class=\"ez-toc-section-end\"><\/span><\/h2>\n\n\n<div class=\"wp-block-image\">\n<figure class=\"aligncenter size-large\"><img decoding=\"async\" width=\"839\" height=\"1024\" data-src=\"https:\/\/centrevaldeloirebasketballpatrimoine.org\/wp-content\/uploads\/2024\/05\/Scan-9-839x1024.jpg\" alt=\"\" class=\"wp-image-55679 lazyload\" data-srcset=\"https:\/\/centrevaldeloirebasketballpatrimoine.org\/wp-content\/uploads\/2024\/05\/Scan-9-839x1024.jpg 839w, https:\/\/centrevaldeloirebasketballpatrimoine.org\/wp-content\/uploads\/2024\/05\/Scan-9-246x300.jpg 246w, https:\/\/centrevaldeloirebasketballpatrimoine.org\/wp-content\/uploads\/2024\/05\/Scan-9-768x937.jpg 768w, https:\/\/centrevaldeloirebasketballpatrimoine.org\/wp-content\/uploads\/2024\/05\/Scan-9-1259x1536.jpg 1259w, https:\/\/centrevaldeloirebasketballpatrimoine.org\/wp-content\/uploads\/2024\/05\/Scan-9.jpg 1288w\" data-sizes=\"(max-width: 839px) 100vw, 839px\" src=\"data:image\/gif;base64,R0lGODlhAQABAAAAACH5BAEKAAEALAAAAAABAAEAAAICTAEAOw==\" style=\"--smush-placeholder-width: 839px; --smush-placeholder-aspect-ratio: 839\/1024;\" \/><\/figure>\n<\/div>\n\n<div class=\"wp-block-image\">\n<figure class=\"aligncenter size-large\"><img decoding=\"async\" width=\"842\" height=\"1024\" data-src=\"https:\/\/centrevaldeloirebasketballpatrimoine.org\/wp-content\/uploads\/2024\/05\/Scan1-76-842x1024.jpg\" alt=\"\" class=\"wp-image-55680 lazyload\" data-srcset=\"https:\/\/centrevaldeloirebasketballpatrimoine.org\/wp-content\/uploads\/2024\/05\/Scan1-76-842x1024.jpg 842w, https:\/\/centrevaldeloirebasketballpatrimoine.org\/wp-content\/uploads\/2024\/05\/Scan1-76-247x300.jpg 247w, https:\/\/centrevaldeloirebasketballpatrimoine.org\/wp-content\/uploads\/2024\/05\/Scan1-76-768x934.jpg 768w, https:\/\/centrevaldeloirebasketballpatrimoine.org\/wp-content\/uploads\/2024\/05\/Scan1-76-1263x1536.jpg 1263w, https:\/\/centrevaldeloirebasketballpatrimoine.org\/wp-content\/uploads\/2024\/05\/Scan1-76.jpg 1306w\" data-sizes=\"(max-width: 842px) 100vw, 842px\" src=\"data:image\/gif;base64,R0lGODlhAQABAAAAACH5BAEKAAEALAAAAAABAAEAAAICTAEAOw==\" style=\"--smush-placeholder-width: 842px; --smush-placeholder-aspect-ratio: 842\/1024;\" \/><\/figure>\n<\/div>\n\n\n<p><strong><em>Source : Revue Basketball N\u00b0 452 Mars, Avril, Mai 1976<\/em><\/strong><\/p>\n","protected":false},"excerpt":{"rendered":"<p>Premier match de basket en France \u00ab Pas de cross-country aujourd\u2019hui. L\u2019apr\u00e8s-midi, dans presque tous les cercles sera consacr\u00e9 au football\u2026.A l\u2019Union chr\u00e9tienne : hier apr\u00e8s-midi a eu lieu au [&hellip;]<\/p>\n","protected":false},"author":1,"featured_media":0,"parent":0,"menu_order":0,"comment_status":"closed","ping_status":"closed","template":"","meta":{"footnotes":""},"class_list":["post-51320","page","type-page","status-publish","hentry"],"yoast_head":"<!-- This site is optimized with the Yoast SEO plugin v27.5 - https:\/\/yoast.com\/product\/yoast-seo-wordpress\/ -->\n<title>Le basket, ses origines - patrimoine<\/title>\n<meta name=\"description\" content=\"Le basket ses origines, historique du basket en r\u00e9gion Centre-Val de Loire. De James NAISMITH et ses premi\u00e8res r\u00e8gles au 3x3\" \/>\n<meta name=\"robots\" content=\"index, follow, max-snippet:-1, max-image-preview:large, max-video-preview:-1\" \/>\n<link rel=\"canonical\" href=\"https:\/\/centrevaldeloirebasketballpatrimoine.org\/index.php\/le-basket-de-ses-origines\/\" \/>\n<meta property=\"og:locale\" content=\"fr_FR\" \/>\n<meta property=\"og:type\" content=\"article\" \/>\n<meta property=\"og:title\" content=\"Le basket, ses origines - patrimoine\" \/>\n<meta property=\"og:description\" content=\"Le basket ses origines, historique du basket en r\u00e9gion Centre-Val de Loire. De James NAISMITH et ses premi\u00e8res r\u00e8gles au 3x3\" \/>\n<meta property=\"og:url\" content=\"https:\/\/centrevaldeloirebasketballpatrimoine.org\/index.php\/le-basket-de-ses-origines\/\" \/>\n<meta property=\"article:publisher\" content=\"https:\/\/www.facebook.com\/LigueBasketCentre\" \/>\n<meta property=\"article:modified_time\" content=\"2024-06-08T15:22:13+00:00\" \/>\n<meta property=\"og:image\" content=\"https:\/\/centrevaldeloirebasketballpatrimoine.org\/wp-content\/uploads\/2024\/05\/Scan-9-839x1024.jpg\" \/>\n<meta name=\"twitter:card\" content=\"summary_large_image\" \/>\n<meta name=\"twitter:site\" content=\"@BasketCentre\" \/>\n<meta name=\"twitter:label1\" content=\"Dur\u00e9e de lecture estim\u00e9e\" \/>\n\t<meta name=\"twitter:data1\" content=\"5 minutes\" \/>\n<script type=\"application\/ld+json\" class=\"yoast-schema-graph\">{\"@context\":\"https:\\\/\\\/schema.org\",\"@graph\":[{\"@type\":\"WebPage\",\"@id\":\"https:\\\/\\\/centrevaldeloirebasketballpatrimoine.org\\\/index.php\\\/le-basket-de-ses-origines\\\/\",\"url\":\"https:\\\/\\\/centrevaldeloirebasketballpatrimoine.org\\\/index.php\\\/le-basket-de-ses-origines\\\/\",\"name\":\"Le basket, ses origines - patrimoine\",\"isPartOf\":{\"@id\":\"https:\\\/\\\/centrevaldeloirebasketballpatrimoine.org\\\/#website\"},\"primaryImageOfPage\":{\"@id\":\"https:\\\/\\\/centrevaldeloirebasketballpatrimoine.org\\\/index.php\\\/le-basket-de-ses-origines\\\/#primaryimage\"},\"image\":{\"@id\":\"https:\\\/\\\/centrevaldeloirebasketballpatrimoine.org\\\/index.php\\\/le-basket-de-ses-origines\\\/#primaryimage\"},\"thumbnailUrl\":\"https:\\\/\\\/centrevaldeloirebasketballpatrimoine.org\\\/wp-content\\\/uploads\\\/2024\\\/05\\\/Scan-9-839x1024.jpg\",\"datePublished\":\"2024-03-12T10:26:31+00:00\",\"dateModified\":\"2024-06-08T15:22:13+00:00\",\"description\":\"Le basket ses origines, historique du basket en r\u00e9gion Centre-Val de Loire. De James NAISMITH et ses premi\u00e8res r\u00e8gles au 3x3\",\"breadcrumb\":{\"@id\":\"https:\\\/\\\/centrevaldeloirebasketballpatrimoine.org\\\/index.php\\\/le-basket-de-ses-origines\\\/#breadcrumb\"},\"inLanguage\":\"fr-FR\",\"potentialAction\":[{\"@type\":\"ReadAction\",\"target\":[\"https:\\\/\\\/centrevaldeloirebasketballpatrimoine.org\\\/index.php\\\/le-basket-de-ses-origines\\\/\"]}]},{\"@type\":\"ImageObject\",\"inLanguage\":\"fr-FR\",\"@id\":\"https:\\\/\\\/centrevaldeloirebasketballpatrimoine.org\\\/index.php\\\/le-basket-de-ses-origines\\\/#primaryimage\",\"url\":\"https:\\\/\\\/centrevaldeloirebasketballpatrimoine.org\\\/wp-content\\\/uploads\\\/2024\\\/05\\\/Scan-9.jpg\",\"contentUrl\":\"https:\\\/\\\/centrevaldeloirebasketballpatrimoine.org\\\/wp-content\\\/uploads\\\/2024\\\/05\\\/Scan-9.jpg\",\"width\":1288,\"height\":1572},{\"@type\":\"BreadcrumbList\",\"@id\":\"https:\\\/\\\/centrevaldeloirebasketballpatrimoine.org\\\/index.php\\\/le-basket-de-ses-origines\\\/#breadcrumb\",\"itemListElement\":[{\"@type\":\"ListItem\",\"position\":1,\"name\":\"Accueil\",\"item\":\"https:\\\/\\\/centrevaldeloirebasketballpatrimoine.org\\\/\"},{\"@type\":\"ListItem\",\"position\":2,\"name\":\"Le basket, ses origines\"}]},{\"@type\":\"WebSite\",\"@id\":\"https:\\\/\\\/centrevaldeloirebasketballpatrimoine.org\\\/#website\",\"url\":\"https:\\\/\\\/centrevaldeloirebasketballpatrimoine.org\\\/\",\"name\":\"\",\"description\":\"Site officiel Commission Patrimoine de la Ligue Centre-Val de Loire de BasketBall\",\"publisher\":{\"@id\":\"https:\\\/\\\/centrevaldeloirebasketballpatrimoine.org\\\/#organization\"},\"potentialAction\":[{\"@type\":\"SearchAction\",\"target\":{\"@type\":\"EntryPoint\",\"urlTemplate\":\"https:\\\/\\\/centrevaldeloirebasketballpatrimoine.org\\\/?s={search_term_string}\"},\"query-input\":{\"@type\":\"PropertyValueSpecification\",\"valueRequired\":true,\"valueName\":\"search_term_string\"}}],\"inLanguage\":\"fr-FR\"},{\"@type\":\"Organization\",\"@id\":\"https:\\\/\\\/centrevaldeloirebasketballpatrimoine.org\\\/#organization\",\"name\":\"Patrimoine Basket Ligue Centre-Val de Loire\",\"url\":\"https:\\\/\\\/centrevaldeloirebasketballpatrimoine.org\\\/\",\"logo\":{\"@type\":\"ImageObject\",\"inLanguage\":\"fr-FR\",\"@id\":\"https:\\\/\\\/centrevaldeloirebasketballpatrimoine.org\\\/#\\\/schema\\\/logo\\\/image\\\/\",\"url\":\"https:\\\/\\\/i0.wp.com\\\/centrevaldeloirebasketballpatrimoine.org\\\/wp-content\\\/uploads\\\/2019\\\/06\\\/LigueRegionale-CENTRE-VAL-DE-LOIRE-Vertical-694x1024.jpg?fit=694%2C1024&ssl=1\",\"contentUrl\":\"https:\\\/\\\/i0.wp.com\\\/centrevaldeloirebasketballpatrimoine.org\\\/wp-content\\\/uploads\\\/2019\\\/06\\\/LigueRegionale-CENTRE-VAL-DE-LOIRE-Vertical-694x1024.jpg?fit=694%2C1024&ssl=1\",\"width\":694,\"height\":1024,\"caption\":\"Patrimoine Basket Ligue Centre-Val de Loire\"},\"image\":{\"@id\":\"https:\\\/\\\/centrevaldeloirebasketballpatrimoine.org\\\/#\\\/schema\\\/logo\\\/image\\\/\"},\"sameAs\":[\"https:\\\/\\\/www.facebook.com\\\/LigueBasketCentre\",\"https:\\\/\\\/x.com\\\/BasketCentre\",\"https:\\\/\\\/www.instagram.com\\\/liguebasketcentre\\\/\",\"https:\\\/\\\/www.linkedin.com\\\/company\\\/ligue-du-centre-val-de-loire-de-basketball\"]}]}<\/script>\n<!-- \/ Yoast SEO plugin. -->","yoast_head_json":{"title":"Le basket, ses origines - patrimoine","description":"Le basket ses origines, historique du basket en r\u00e9gion Centre-Val de Loire. De James NAISMITH et ses premi\u00e8res r\u00e8gles au 3x3","robots":{"index":"index","follow":"follow","max-snippet":"max-snippet:-1","max-image-preview":"max-image-preview:large","max-video-preview":"max-video-preview:-1"},"canonical":"https:\/\/centrevaldeloirebasketballpatrimoine.org\/index.php\/le-basket-de-ses-origines\/","og_locale":"fr_FR","og_type":"article","og_title":"Le basket, ses origines - patrimoine","og_description":"Le basket ses origines, historique du basket en r\u00e9gion Centre-Val de Loire. De James NAISMITH et ses premi\u00e8res r\u00e8gles au 3x3","og_url":"https:\/\/centrevaldeloirebasketballpatrimoine.org\/index.php\/le-basket-de-ses-origines\/","article_publisher":"https:\/\/www.facebook.com\/LigueBasketCentre","article_modified_time":"2024-06-08T15:22:13+00:00","og_image":[{"url":"https:\/\/centrevaldeloirebasketballpatrimoine.org\/wp-content\/uploads\/2024\/05\/Scan-9-839x1024.jpg","type":"","width":"","height":""}],"twitter_card":"summary_large_image","twitter_site":"@BasketCentre","twitter_misc":{"Dur\u00e9e de lecture estim\u00e9e":"5 minutes"},"schema":{"@context":"https:\/\/schema.org","@graph":[{"@type":"WebPage","@id":"https:\/\/centrevaldeloirebasketballpatrimoine.org\/index.php\/le-basket-de-ses-origines\/","url":"https:\/\/centrevaldeloirebasketballpatrimoine.org\/index.php\/le-basket-de-ses-origines\/","name":"Le basket, ses origines - patrimoine","isPartOf":{"@id":"https:\/\/centrevaldeloirebasketballpatrimoine.org\/#website"},"primaryImageOfPage":{"@id":"https:\/\/centrevaldeloirebasketballpatrimoine.org\/index.php\/le-basket-de-ses-origines\/#primaryimage"},"image":{"@id":"https:\/\/centrevaldeloirebasketballpatrimoine.org\/index.php\/le-basket-de-ses-origines\/#primaryimage"},"thumbnailUrl":"https:\/\/centrevaldeloirebasketballpatrimoine.org\/wp-content\/uploads\/2024\/05\/Scan-9-839x1024.jpg","datePublished":"2024-03-12T10:26:31+00:00","dateModified":"2024-06-08T15:22:13+00:00","description":"Le basket ses origines, historique du basket en r\u00e9gion Centre-Val de Loire. De James NAISMITH et ses premi\u00e8res r\u00e8gles au 3x3","breadcrumb":{"@id":"https:\/\/centrevaldeloirebasketballpatrimoine.org\/index.php\/le-basket-de-ses-origines\/#breadcrumb"},"inLanguage":"fr-FR","potentialAction":[{"@type":"ReadAction","target":["https:\/\/centrevaldeloirebasketballpatrimoine.org\/index.php\/le-basket-de-ses-origines\/"]}]},{"@type":"ImageObject","inLanguage":"fr-FR","@id":"https:\/\/centrevaldeloirebasketballpatrimoine.org\/index.php\/le-basket-de-ses-origines\/#primaryimage","url":"https:\/\/centrevaldeloirebasketballpatrimoine.org\/wp-content\/uploads\/2024\/05\/Scan-9.jpg","contentUrl":"https:\/\/centrevaldeloirebasketballpatrimoine.org\/wp-content\/uploads\/2024\/05\/Scan-9.jpg","width":1288,"height":1572},{"@type":"BreadcrumbList","@id":"https:\/\/centrevaldeloirebasketballpatrimoine.org\/index.php\/le-basket-de-ses-origines\/#breadcrumb","itemListElement":[{"@type":"ListItem","position":1,"name":"Accueil","item":"https:\/\/centrevaldeloirebasketballpatrimoine.org\/"},{"@type":"ListItem","position":2,"name":"Le basket, ses origines"}]},{"@type":"WebSite","@id":"https:\/\/centrevaldeloirebasketballpatrimoine.org\/#website","url":"https:\/\/centrevaldeloirebasketballpatrimoine.org\/","name":"","description":"Site officiel Commission Patrimoine de la Ligue Centre-Val de Loire de BasketBall","publisher":{"@id":"https:\/\/centrevaldeloirebasketballpatrimoine.org\/#organization"},"potentialAction":[{"@type":"SearchAction","target":{"@type":"EntryPoint","urlTemplate":"https:\/\/centrevaldeloirebasketballpatrimoine.org\/?s={search_term_string}"},"query-input":{"@type":"PropertyValueSpecification","valueRequired":true,"valueName":"search_term_string"}}],"inLanguage":"fr-FR"},{"@type":"Organization","@id":"https:\/\/centrevaldeloirebasketballpatrimoine.org\/#organization","name":"Patrimoine Basket Ligue Centre-Val de Loire","url":"https:\/\/centrevaldeloirebasketballpatrimoine.org\/","logo":{"@type":"ImageObject","inLanguage":"fr-FR","@id":"https:\/\/centrevaldeloirebasketballpatrimoine.org\/#\/schema\/logo\/image\/","url":"https:\/\/i0.wp.com\/centrevaldeloirebasketballpatrimoine.org\/wp-content\/uploads\/2019\/06\/LigueRegionale-CENTRE-VAL-DE-LOIRE-Vertical-694x1024.jpg?fit=694%2C1024&ssl=1","contentUrl":"https:\/\/i0.wp.com\/centrevaldeloirebasketballpatrimoine.org\/wp-content\/uploads\/2019\/06\/LigueRegionale-CENTRE-VAL-DE-LOIRE-Vertical-694x1024.jpg?fit=694%2C1024&ssl=1","width":694,"height":1024,"caption":"Patrimoine Basket Ligue Centre-Val de Loire"},"image":{"@id":"https:\/\/centrevaldeloirebasketballpatrimoine.org\/#\/schema\/logo\/image\/"},"sameAs":["https:\/\/www.facebook.com\/LigueBasketCentre","https:\/\/x.com\/BasketCentre","https:\/\/www.instagram.com\/liguebasketcentre\/","https:\/\/www.linkedin.com\/company\/ligue-du-centre-val-de-loire-de-basketball"]}]}},"_links":{"self":[{"href":"https:\/\/centrevaldeloirebasketballpatrimoine.org\/index.php\/wp-json\/wp\/v2\/pages\/51320","targetHints":{"allow":["GET"]}}],"collection":[{"href":"https:\/\/centrevaldeloirebasketballpatrimoine.org\/index.php\/wp-json\/wp\/v2\/pages"}],"about":[{"href":"https:\/\/centrevaldeloirebasketballpatrimoine.org\/index.php\/wp-json\/wp\/v2\/types\/page"}],"author":[{"embeddable":true,"href":"https:\/\/centrevaldeloirebasketballpatrimoine.org\/index.php\/wp-json\/wp\/v2\/users\/1"}],"replies":[{"embeddable":true,"href":"https:\/\/centrevaldeloirebasketballpatrimoine.org\/index.php\/wp-json\/wp\/v2\/comments?post=51320"}],"version-history":[{"count":0,"href":"https:\/\/centrevaldeloirebasketballpatrimoine.org\/index.php\/wp-json\/wp\/v2\/pages\/51320\/revisions"}],"wp:attachment":[{"href":"https:\/\/centrevaldeloirebasketballpatrimoine.org\/index.php\/wp-json\/wp\/v2\/media?parent=51320"}],"curies":[{"name":"wp","href":"https:\/\/api.w.org\/{rel}","templated":true}]}}