{"id":224,"date":"2019-10-02T11:27:26","date_gmt":"2019-10-02T09:27:26","guid":{"rendered":"http:\/\/centrevaldeloirebasketballpatrimoine.org\/?page_id=224"},"modified":"2025-03-11T15:47:52","modified_gmt":"2025-03-11T14:47:52","slug":"90-99-grands-evenements","status":"publish","type":"page","link":"https:\/\/centrevaldeloirebasketballpatrimoine.org\/index.php\/90-99-grands-evenements\/","title":{"rendered":"90-99 \u00c9v\u00e9nements Internationaux"},"content":{"rendered":"<div id=\"mega-menu-wrap-max_mega_menu_6\" class=\"mega-menu-wrap\"><div class=\"mega-menu-toggle\"><div class=\"mega-toggle-blocks-left\"><\/div><div class=\"mega-toggle-blocks-center\"><\/div><div class=\"mega-toggle-blocks-right\"><div class='mega-toggle-block mega-menu-toggle-block mega-toggle-block-1' id='mega-toggle-block-1' tabindex='0'><button class='mega-toggle-standard mega-toggle-label' aria-expanded='false'><span class='mega-toggle-label-closed'>MENU<\/span><span class='mega-toggle-label-open'>MENU<\/span><\/button><\/div><\/div><\/div><ul id=\"mega-menu-max_mega_menu_6\" class=\"mega-menu max-mega-menu mega-menu-horizontal mega-no-js\" data-event=\"hover_intent\" data-effect=\"fade_up\" data-effect-speed=\"200\" data-effect-mobile=\"disabled\" data-effect-speed-mobile=\"0\" data-mobile-force-width=\"false\" data-second-click=\"go\" data-document-click=\"collapse\" data-vertical-behaviour=\"standard\" data-breakpoint=\"600\" data-unbind=\"true\" data-mobile-state=\"collapse_all\" data-mobile-direction=\"vertical\" data-hover-intent-timeout=\"300\" data-hover-intent-interval=\"100\"><li class=\"mega-menu-item mega-menu-item-type-post_type mega-menu-item-object-page mega-align-bottom-left mega-menu-flyout mega-menu-item-242\" id=\"mega-menu-item-242\"><a class=\"mega-menu-link\" href=\"https:\/\/centrevaldeloirebasketballpatrimoine.org\/index.php\/1900-1909-grands-evenements\/\" tabindex=\"0\">1900-1909<\/a><\/li><li class=\"mega-menu-item mega-menu-item-type-post_type mega-menu-item-object-page mega-align-bottom-left mega-menu-flyout mega-menu-item-243\" id=\"mega-menu-item-243\"><a class=\"mega-menu-link\" href=\"https:\/\/centrevaldeloirebasketballpatrimoine.org\/index.php\/10-19-grands-evenements\/\" tabindex=\"0\">10-19<\/a><\/li><li class=\"mega-menu-item mega-menu-item-type-post_type mega-menu-item-object-page mega-align-bottom-left mega-menu-flyout mega-menu-item-244\" id=\"mega-menu-item-244\"><a class=\"mega-menu-link\" href=\"https:\/\/centrevaldeloirebasketballpatrimoine.org\/index.php\/20-29-grands-evenements\/\" tabindex=\"0\">20-29<\/a><\/li><li class=\"mega-menu-item mega-menu-item-type-post_type mega-menu-item-object-page mega-align-bottom-left mega-menu-flyout mega-menu-item-245\" id=\"mega-menu-item-245\"><a class=\"mega-menu-link\" href=\"https:\/\/centrevaldeloirebasketballpatrimoine.org\/index.php\/30-39-grands-evenements\/\" tabindex=\"0\">30-39<\/a><\/li><li class=\"mega-menu-item mega-menu-item-type-post_type mega-menu-item-object-page mega-align-bottom-left mega-menu-flyout mega-menu-item-230\" id=\"mega-menu-item-230\"><a class=\"mega-menu-link\" href=\"https:\/\/centrevaldeloirebasketballpatrimoine.org\/index.php\/40-49-grands-evenements\/\" tabindex=\"0\">40-49<\/a><\/li><li class=\"mega-menu-item mega-menu-item-type-post_type mega-menu-item-object-page mega-align-bottom-left mega-menu-flyout mega-menu-item-231\" id=\"mega-menu-item-231\"><a class=\"mega-menu-link\" href=\"https:\/\/centrevaldeloirebasketballpatrimoine.org\/index.php\/50-59-grands-evenements\/\" tabindex=\"0\">50-59<\/a><\/li><li class=\"mega-menu-item mega-menu-item-type-post_type mega-menu-item-object-page mega-align-bottom-left mega-menu-flyout mega-menu-item-229\" id=\"mega-menu-item-229\"><a class=\"mega-menu-link\" href=\"https:\/\/centrevaldeloirebasketballpatrimoine.org\/index.php\/60-69-grands-evenements\/\" tabindex=\"0\">60-69<\/a><\/li><li class=\"mega-menu-item mega-menu-item-type-post_type mega-menu-item-object-page mega-align-bottom-left mega-menu-flyout mega-menu-item-228\" id=\"mega-menu-item-228\"><a class=\"mega-menu-link\" href=\"https:\/\/centrevaldeloirebasketballpatrimoine.org\/index.php\/70-79-grands-evenements\/\" tabindex=\"0\">70-79<\/a><\/li><li class=\"mega-menu-item mega-menu-item-type-post_type mega-menu-item-object-page mega-align-bottom-left mega-menu-flyout mega-menu-item-227\" id=\"mega-menu-item-227\"><a class=\"mega-menu-link\" href=\"https:\/\/centrevaldeloirebasketballpatrimoine.org\/index.php\/80-89-grands-evenements\/\" tabindex=\"0\">80-89<\/a><\/li><li class=\"mega-menu-item mega-menu-item-type-post_type mega-menu-item-object-page mega-align-bottom-left mega-menu-flyout mega-menu-item-226\" id=\"mega-menu-item-226\"><a class=\"mega-menu-link\" href=\"https:\/\/centrevaldeloirebasketballpatrimoine.org\/index.php\/90-99-grands-evenements\/\" tabindex=\"0\">90-99<\/a><\/li><li class=\"mega-menu-item mega-menu-item-type-post_type mega-menu-item-object-page mega-align-bottom-left mega-menu-flyout mega-menu-item-251\" id=\"mega-menu-item-251\"><a class=\"mega-menu-link\" href=\"https:\/\/centrevaldeloirebasketballpatrimoine.org\/index.php\/2000-2009-grands-evenements\/\" tabindex=\"0\">2000-2009<\/a><\/li><li class=\"mega-menu-item mega-menu-item-type-post_type mega-menu-item-object-page mega-align-bottom-left mega-menu-flyout mega-menu-item-250\" id=\"mega-menu-item-250\"><a class=\"mega-menu-link\" href=\"https:\/\/centrevaldeloirebasketballpatrimoine.org\/index.php\/2010-2019-grands-evenements\/\" tabindex=\"0\">2010-2019<\/a><\/li><li class=\"mega-menu-item mega-menu-item-type-post_type mega-menu-item-object-page mega-align-bottom-left mega-menu-flyout mega-menu-item-52029\" id=\"mega-menu-item-52029\"><a class=\"mega-menu-link\" href=\"https:\/\/centrevaldeloirebasketballpatrimoine.org\/index.php\/2020-2029-evenements-internationaux\/\" tabindex=\"0\">2020-2029<\/a><\/li><\/ul><\/div>\n\n\n\n<p><strong>1990 <\/strong>\u00e0 Ch\u00e2teauroux : Tournoi International F\u00e9minin, Bordeaux, Clermont, Budapest, Poznan, Bourges, Montferrand<\/p>\n\n\n\n<p><a href=\"https:\/\/centrevaldeloirebasketballpatrimoine.org\/index.php\/2024\/08\/01\/saison-1989-1990-huitieme-tournoi-mondial-feminin-a-tours-et-orleans\/\"><strong>28, 29 et 30 Avril 1990<\/strong> \u00e0 Tours Phase de poule du 8\u00e8meTournoi Mondial F\u00e9minin avec les \u00e9quipes suivantes&nbsp;: Tch\u00e9coslovaquie, RFA, Yougoslavie, Pays Bas, Danemark et France.<\/a><\/p>\n\n\n\n<p><a href=\"https:\/\/centrevaldeloirebasketballpatrimoine.org\/index.php\/2024\/03\/11\/saison-1989-90-match-france-tchecoslovaquie-feminin-a-blois\/\" target=\"_blank\" rel=\"noreferrer noopener\"><strong>30 Avril 1990<\/strong> \u00e0 Blois : France\/ Tch\u00e9coslovaquie F\u00e9minin (83-82)<\/a><\/p>\n\n\n\n<p><a href=\"https:\/\/centrevaldeloirebasketballpatrimoine.org\/index.php\/2024\/08\/01\/saison-1989-1990-huitieme-tournoi-mondial-feminin-a-tours-et-orleans\/\"><strong>1<sup>er<\/sup> Mai 1990 <\/strong>\u00e0 Orl\u00e9ans : Finales du 8<sup>\u00e8me<\/sup> Tournoi Mondial F\u00e9minin avec la participation des \u00e9quipes suivantes&nbsp;: Pays Bas, Danemark, RFA, Tch\u00e9coslovaquie, Yougoslavie, France.<\/a><\/p>\n\n\n\n<p><strong>3 au 6 Mai <\/strong>\u00e0 Argenton, Le Blanc, Le Poin\u00e7onnet, D\u00e9ols et Ch\u00e2teauroux&nbsp;: Tournoi international Cadets.<\/p>\n\n\n\n<p><a href=\"https:\/\/centrevaldeloirebasketballpatrimoine.org\/index.php\/2024\/08\/03\/saison-1989-1990-le-5-mai-1990-les-harlem-globe-trotters-seront-a-orleans\/\"><strong>4 Mai 1990<\/strong> Les Harlem Globe Trotters \u00e0 Orl\u00e9ans<\/a><\/p>\n\n\n\n<p><a href=\"https:\/\/centrevaldeloirebasketballpatrimoine.org\/index.php\/2024\/08\/14\/saison-1989-1990-les-19-et-20-mai-0-fleury-les-aubrais-tournoi-europeen-minime-filles\/\"><strong>19 et 20 Mai 1990<\/strong> \u00e0 Fleury les Aubrais Tournoi europ\u00e9en minimes filles aves la s\u00e9lection du Brahant (Belgique), Stade Poitevin, Nemours, San S\u00e9bastien (Espagne), Clisson, Racing et une s\u00e9lection du Loiret.<\/a><\/p>\n\n\n\n<p><a href=\"https:\/\/centrevaldeloirebasketballpatrimoine.org\/index.php\/2024\/09\/04\/saison-1989-1990-la-b-c-saint-jean-de-braye-accueille-le-sparta-de-prague\/\"><strong>26 Mai 1990<\/strong> \u00e0 Saint Jean de Braye : ABC Saint Jean de Braye contre Sparta de Prague (Tch\u00e9coslovaquie) 83-105<\/a><\/p>\n\n\n\n<p><strong>1990<\/strong> \u00e0 Blois : France &#8211; Tch\u00e9coslovaquie f\u00e9minin<\/p>\n\n\n\n<p><strong>12 juin<\/strong> <strong>1990 <\/strong>\u00e0 Blois : <strong>&nbsp;<\/strong>Rencontre Abeille des Aydes de Blois\/S\u00e9lection de l\u2019\u00eele Maurice<\/p>\n\n\n\n<p><a href=\"https:\/\/centrevaldeloirebasketballpatrimoine.org\/index.php\/2024\/03\/27\/saison-1990-91-l-a-d-a-blois-recoit-les-bo\"><strong>10 Mai 1991<\/strong> \u00e0 Blois :ADA Blois contre Boh\u00e8mians Prague (ADA Blois 98 Prague 78)<\/a><\/p>\n\n\n\n<p><strong>13 juin 1991 <\/strong>\u00e0 Salbris : France\/Allemagne Juniors F\u00e9minines<\/p>\n\n\n\n<p><a href=\"https:\/\/centrevaldeloirebasketballpatrimoine.org\/index.php\/2024\/04\/09\/saison-1991-92-l-a-d-a-blois-recoit-ostrava-tchecoslovaquie\"><strong>28 ao\u00fbt 1991<\/strong> \u00e0 Blois : ADA Blois contre Ostrava (95-104)<\/a><\/p>\n\n\n\n<p><a href=\"https:\/\/centrevaldeloirebasketballpatrimoine.org\/index.php\/2024\/04\/10\/saison-1991-92-l-a-d-a-blois-accueille-us-prague\/\"><strong>3 Septembre 1991 <\/strong>\u00e0 Blois : ADA Blois contre VS de Prague  Tch\u00e9coslovaquie  (98-108)<\/a><\/p>\n\n\n\n<p><a href=\"https:\/\/centrevaldeloirebasketballpatrimoine.org\/index.php\/2024\/04\/10\/saison-1991-92-a-d-a-blois-recoit-sparta-de-prague-tchecoslovaquie\/\"><strong>5 Septembre 1991<\/strong> \u00e0 Blois : ADA Blois contre Sparta de Prague Tch\u00e9coslovaquie (89-92)<\/a><\/p>\n\n\n\n<p><a href=\"https:\/\/centrevaldeloirebasketballpatrimoine.org\/index.php\/2024\/04\/10\/saison-1991-92-la-d-a-blois-accueille-lequipe-nationale-dalgerie-en-stage-a-salbris\/\"><strong>9 Septembre 1991<\/strong> \u00e0 Blois : ADA Blois contre \u00e9quipe nationale d&rsquo;Alg\u00e9rie (87-74)<\/a><\/p>\n\n\n\n<p><strong>29 Novembre 1991 <\/strong>au Poin\u00e7onnet : Match International masculin&nbsp;: Racing Paris Basket-VEF Rigor Lettonie<\/p>\n\n\n\n<p><a href=\"https:\/\/centrevaldeloirebasketballpatrimoine.org\/index.php\/2024\/05\/09\/saison-1991-92-france-russie-\"><strong>19 et 20 F\u00e9vrier 1992<\/strong> \u00e0 Salbris : France-Russie (Cadettes) Russie bat France 66 \u00e0 51 et France bat Russie 79 \u00e0 75<\/a><\/p>\n\n\n\n<p><strong>9 Mai 1992 <\/strong>\u00e0 Chartres : France \/ URSS F\u00e9minin<\/p>\n\n\n\n<p><strong>13 au 17 Mai 1992<\/strong> \u00e0 Chartres : Challenge Round Europ\u00e9en F\u00e9minin. Qualificatif Cht d&rsquo;Europe 1993. (France, Gr\u00e8ce, Italis, Pays Bas, Pologne, Roumanie)<\/p>\n\n\n\n<p>1<strong>992<\/strong> \u00e0 Ch\u00e2teauroux : Tournoi International F\u00e9minin, Banka Bistryka (YOU) Saragosse (ESP) Den Helder (Pays Bas), Munich (ALL), Bordeaux, CJM Bourges, Valenciennes-Orchies<\/p>\n\n\n\n<p><a href=\"https:\/\/centrevaldeloirebasketballpatrimoine.org\/index.php\/2024\/05\/13\/saison-1992-93-l-a-d-a-blois-recoit-le-spartak-de-prague\/\"><strong>1er Septembre 1992<\/strong> \u00e0 Blois ADA Blois-Spartak de Prague 71 \u00e0 76<\/a><\/p>\n\n\n\n<p><strong>14 juin<\/strong> <strong>1992 <\/strong>\u00e0 Salbris : France Russie Juniors F\u00e9minines<\/p>\n\n\n\n<p><strong>30 Avril au 2 Mai 1993 <\/strong>\u00e0 Ch\u00e2teauroux Tournoi international Cadets avec la participation des \u00e9quipes suivantes&nbsp;: Levallois BC, Tours BC, Lyon CRO, Entente de Ch\u00e2teauroux, Ath\u00e8nes, Lisbonne, Bruxelles et Les Am\u00e9ricains \u00ab&nbsp;les Dodd\u2019s&nbsp;\u00bb<\/p>\n\n\n\n<p><strong>3 au 8\nJuillet 1993 <\/strong>Jeux de l\u2019Avenir<\/p>\n\n\n\n<p><a href=\"https:\/\/centrevaldeloirebasketballpatrimoine.org\/index.php\/2025\/01\/29\/saison-1993-1994-en-match-amical-lada-blois-simpose-face-au-sparta-de-prague\/\"><strong>31 ao\u00fbt 1993<\/strong> \u00e0 Blois l&rsquo;ADA Blois bat le Sparta de Prague 76 \u00e0 63<\/a><\/p>\n\n\n\n<p><strong>16 juin<\/strong> <strong>1994&nbsp; <\/strong>\u00e0 Blois : ADA Blois\/Sparta de Prague<\/p>\n\n\n\n<p><a href=\"https:\/\/centrevaldeloirebasketballpatrimoine.org\/index.php\/1994\/08\/30\/saison-1994-1995-lada-blois-recoit-le-sparta-de-prague\/\"><strong>20 ao\u00fbt 1994<\/strong> \u00e0 Blois ADA Blois contre Sparta de Prague 64 \u00e0 70<\/a><\/p>\n\n\n\n<p><strong>5 Juin 1995 <\/strong>\u00e0 Orl\u00e9ans : France\/R\u00e9publique Tch\u00e8que Masculins<\/p>\n\n\n\n<p><strong>1995 :<\/strong> Tournoi International F\u00e9minin (Samuel Arroyo)<\/p>\n\n\n\n<p><strong>19 Avril 1996<\/strong> \u00e0 Orl\u00e9ans Harlem Globe Trotters<\/p>\n\n\n\n<p><strong>6 Mai1996 <\/strong>\u00e0 Ch\u00e2teauroux : Harlem Globe Trotters International Hall Stars<\/p>\n\n\n\n<p><strong>1997<\/strong> \u00e0 Issoudun : Harlem Globe Trotters<\/p>\n\n\n\n<p><strong>26 f\u00e9vrier 1998<\/strong> \u00e0 Orl\u00e9ans : France-Yougoslavie masculins <\/p>\n\n\n\n<p><strong>7 au 9 Avril 1998 <\/strong>\u00e0 Bourges Final Four de l\u2019Euroligue F\u00e9minin avec les \u00e9quipes suivantes&nbsp;: CJM Bourges (Vainqueur), C\u00f4me, Valenciennes, Madrid.<\/p>\n\n\n\n<p><strong>9 Mai 1999 <\/strong>\u00e0 Tours : Tournoi Europ\u00e9en Benjamins (4 \u00e9quipes \u00e9trang\u00e8res)<\/p>\n\n\n\n<p><strong>21 juin1999 <\/strong>\u00e0 Tours : Tournoi Europ\u00e9en Benjamins organis\u00e9s par le Tours BC.<\/p>\n\n\n\n<p><strong>28 Novembre 1999 <\/strong>\u00e0 Tours : France\/Turquie Masculins (75-56)<\/p>\n\n\n\n<p><strong>30 Novembre 1999 <\/strong>\u00e0 Orl\u00e9ans : France\/Turquie Masculins (67 \u00e0 72)<\/p>\n","protected":false},"excerpt":{"rendered":"<p>1990 \u00e0 Ch\u00e2teauroux : Tournoi International F\u00e9minin, Bordeaux, Clermont, Budapest, Poznan, Bourges, Montferrand 28, 29 et 30 Avril 1990 \u00e0 Tours Phase de poule du 8\u00e8meTournoi Mondial F\u00e9minin avec les [&hellip;]<\/p>\n","protected":false},"author":1,"featured_media":0,"parent":0,"menu_order":0,"comment_status":"closed","ping_status":"closed","template":"","meta":{"footnotes":""},"class_list":["post-224","page","type-page","status-publish","hentry"],"yoast_head":"<!-- This site is optimized with the Yoast SEO plugin v27.4 - https:\/\/yoast.com\/product\/yoast-seo-wordpress\/ -->\n<title>90-99 \u00c9v\u00e9nements Internationaux - patrimoine<\/title>\n<meta name=\"description\" content=\"Patrimoine historique du basket en r\u00e9gion Centre-Val de Loire.\" \/>\n<meta name=\"robots\" content=\"index, follow, max-snippet:-1, max-image-preview:large, max-video-preview:-1\" \/>\n<link rel=\"canonical\" href=\"https:\/\/centrevaldeloirebasketballpatrimoine.org\/index.php\/90-99-grands-evenements\/\" \/>\n<meta property=\"og:locale\" content=\"fr_FR\" \/>\n<meta property=\"og:type\" content=\"article\" \/>\n<meta property=\"og:title\" content=\"90-99 \u00c9v\u00e9nements Internationaux - patrimoine\" \/>\n<meta property=\"og:description\" content=\"Patrimoine historique du basket en r\u00e9gion Centre-Val de Loire.\" \/>\n<meta property=\"og:url\" content=\"https:\/\/centrevaldeloirebasketballpatrimoine.org\/index.php\/90-99-grands-evenements\/\" \/>\n<meta property=\"article:publisher\" content=\"https:\/\/www.facebook.com\/LigueBasketCentre\" \/>\n<meta property=\"article:modified_time\" content=\"2025-03-11T14:47:52+00:00\" \/>\n<meta name=\"twitter:card\" content=\"summary_large_image\" \/>\n<meta name=\"twitter:site\" content=\"@BasketCentre\" \/>\n<meta name=\"twitter:label1\" content=\"Dur\u00e9e de lecture estim\u00e9e\" \/>\n\t<meta name=\"twitter:data1\" content=\"3 minutes\" \/>\n<script type=\"application\/ld+json\" class=\"yoast-schema-graph\">{\"@context\":\"https:\\\/\\\/schema.org\",\"@graph\":[{\"@type\":\"WebPage\",\"@id\":\"https:\\\/\\\/centrevaldeloirebasketballpatrimoine.org\\\/index.php\\\/90-99-grands-evenements\\\/\",\"url\":\"https:\\\/\\\/centrevaldeloirebasketballpatrimoine.org\\\/index.php\\\/90-99-grands-evenements\\\/\",\"name\":\"90-99 \u00c9v\u00e9nements Internationaux - patrimoine\",\"isPartOf\":{\"@id\":\"https:\\\/\\\/centrevaldeloirebasketballpatrimoine.org\\\/#website\"},\"datePublished\":\"2019-10-02T09:27:26+00:00\",\"dateModified\":\"2025-03-11T14:47:52+00:00\",\"description\":\"Patrimoine historique du basket en r\u00e9gion Centre-Val de Loire.\",\"breadcrumb\":{\"@id\":\"https:\\\/\\\/centrevaldeloirebasketballpatrimoine.org\\\/index.php\\\/90-99-grands-evenements\\\/#breadcrumb\"},\"inLanguage\":\"fr-FR\",\"potentialAction\":[{\"@type\":\"ReadAction\",\"target\":[\"https:\\\/\\\/centrevaldeloirebasketballpatrimoine.org\\\/index.php\\\/90-99-grands-evenements\\\/\"]}]},{\"@type\":\"BreadcrumbList\",\"@id\":\"https:\\\/\\\/centrevaldeloirebasketballpatrimoine.org\\\/index.php\\\/90-99-grands-evenements\\\/#breadcrumb\",\"itemListElement\":[{\"@type\":\"ListItem\",\"position\":1,\"name\":\"Accueil\",\"item\":\"https:\\\/\\\/centrevaldeloirebasketballpatrimoine.org\\\/\"},{\"@type\":\"ListItem\",\"position\":2,\"name\":\"90-99 \u00c9v\u00e9nements Internationaux\"}]},{\"@type\":\"WebSite\",\"@id\":\"https:\\\/\\\/centrevaldeloirebasketballpatrimoine.org\\\/#website\",\"url\":\"https:\\\/\\\/centrevaldeloirebasketballpatrimoine.org\\\/\",\"name\":\"\",\"description\":\"Site officiel Commission Patrimoine de la Ligue Centre-Val de Loire de BasketBall\",\"publisher\":{\"@id\":\"https:\\\/\\\/centrevaldeloirebasketballpatrimoine.org\\\/#organization\"},\"potentialAction\":[{\"@type\":\"SearchAction\",\"target\":{\"@type\":\"EntryPoint\",\"urlTemplate\":\"https:\\\/\\\/centrevaldeloirebasketballpatrimoine.org\\\/?s={search_term_string}\"},\"query-input\":{\"@type\":\"PropertyValueSpecification\",\"valueRequired\":true,\"valueName\":\"search_term_string\"}}],\"inLanguage\":\"fr-FR\"},{\"@type\":\"Organization\",\"@id\":\"https:\\\/\\\/centrevaldeloirebasketballpatrimoine.org\\\/#organization\",\"name\":\"Patrimoine Basket Ligue Centre-Val de Loire\",\"url\":\"https:\\\/\\\/centrevaldeloirebasketballpatrimoine.org\\\/\",\"logo\":{\"@type\":\"ImageObject\",\"inLanguage\":\"fr-FR\",\"@id\":\"https:\\\/\\\/centrevaldeloirebasketballpatrimoine.org\\\/#\\\/schema\\\/logo\\\/image\\\/\",\"url\":\"https:\\\/\\\/i0.wp.com\\\/centrevaldeloirebasketballpatrimoine.org\\\/wp-content\\\/uploads\\\/2019\\\/06\\\/LigueRegionale-CENTRE-VAL-DE-LOIRE-Vertical-694x1024.jpg?fit=694%2C1024&ssl=1\",\"contentUrl\":\"https:\\\/\\\/i0.wp.com\\\/centrevaldeloirebasketballpatrimoine.org\\\/wp-content\\\/uploads\\\/2019\\\/06\\\/LigueRegionale-CENTRE-VAL-DE-LOIRE-Vertical-694x1024.jpg?fit=694%2C1024&ssl=1\",\"width\":694,\"height\":1024,\"caption\":\"Patrimoine Basket Ligue Centre-Val de Loire\"},\"image\":{\"@id\":\"https:\\\/\\\/centrevaldeloirebasketballpatrimoine.org\\\/#\\\/schema\\\/logo\\\/image\\\/\"},\"sameAs\":[\"https:\\\/\\\/www.facebook.com\\\/LigueBasketCentre\",\"https:\\\/\\\/x.com\\\/BasketCentre\",\"https:\\\/\\\/www.instagram.com\\\/liguebasketcentre\\\/\",\"https:\\\/\\\/www.linkedin.com\\\/company\\\/ligue-du-centre-val-de-loire-de-basketball\"]}]}<\/script>\n<!-- \/ Yoast SEO plugin. -->","yoast_head_json":{"title":"90-99 \u00c9v\u00e9nements Internationaux - patrimoine","description":"Patrimoine historique du basket en r\u00e9gion Centre-Val de Loire.","robots":{"index":"index","follow":"follow","max-snippet":"max-snippet:-1","max-image-preview":"max-image-preview:large","max-video-preview":"max-video-preview:-1"},"canonical":"https:\/\/centrevaldeloirebasketballpatrimoine.org\/index.php\/90-99-grands-evenements\/","og_locale":"fr_FR","og_type":"article","og_title":"90-99 \u00c9v\u00e9nements Internationaux - patrimoine","og_description":"Patrimoine historique du basket en r\u00e9gion Centre-Val de Loire.","og_url":"https:\/\/centrevaldeloirebasketballpatrimoine.org\/index.php\/90-99-grands-evenements\/","article_publisher":"https:\/\/www.facebook.com\/LigueBasketCentre","article_modified_time":"2025-03-11T14:47:52+00:00","twitter_card":"summary_large_image","twitter_site":"@BasketCentre","twitter_misc":{"Dur\u00e9e de lecture estim\u00e9e":"3 minutes"},"schema":{"@context":"https:\/\/schema.org","@graph":[{"@type":"WebPage","@id":"https:\/\/centrevaldeloirebasketballpatrimoine.org\/index.php\/90-99-grands-evenements\/","url":"https:\/\/centrevaldeloirebasketballpatrimoine.org\/index.php\/90-99-grands-evenements\/","name":"90-99 \u00c9v\u00e9nements Internationaux - patrimoine","isPartOf":{"@id":"https:\/\/centrevaldeloirebasketballpatrimoine.org\/#website"},"datePublished":"2019-10-02T09:27:26+00:00","dateModified":"2025-03-11T14:47:52+00:00","description":"Patrimoine historique du basket en r\u00e9gion Centre-Val de Loire.","breadcrumb":{"@id":"https:\/\/centrevaldeloirebasketballpatrimoine.org\/index.php\/90-99-grands-evenements\/#breadcrumb"},"inLanguage":"fr-FR","potentialAction":[{"@type":"ReadAction","target":["https:\/\/centrevaldeloirebasketballpatrimoine.org\/index.php\/90-99-grands-evenements\/"]}]},{"@type":"BreadcrumbList","@id":"https:\/\/centrevaldeloirebasketballpatrimoine.org\/index.php\/90-99-grands-evenements\/#breadcrumb","itemListElement":[{"@type":"ListItem","position":1,"name":"Accueil","item":"https:\/\/centrevaldeloirebasketballpatrimoine.org\/"},{"@type":"ListItem","position":2,"name":"90-99 \u00c9v\u00e9nements Internationaux"}]},{"@type":"WebSite","@id":"https:\/\/centrevaldeloirebasketballpatrimoine.org\/#website","url":"https:\/\/centrevaldeloirebasketballpatrimoine.org\/","name":"","description":"Site officiel Commission Patrimoine de la Ligue Centre-Val de Loire de BasketBall","publisher":{"@id":"https:\/\/centrevaldeloirebasketballpatrimoine.org\/#organization"},"potentialAction":[{"@type":"SearchAction","target":{"@type":"EntryPoint","urlTemplate":"https:\/\/centrevaldeloirebasketballpatrimoine.org\/?s={search_term_string}"},"query-input":{"@type":"PropertyValueSpecification","valueRequired":true,"valueName":"search_term_string"}}],"inLanguage":"fr-FR"},{"@type":"Organization","@id":"https:\/\/centrevaldeloirebasketballpatrimoine.org\/#organization","name":"Patrimoine Basket Ligue Centre-Val de Loire","url":"https:\/\/centrevaldeloirebasketballpatrimoine.org\/","logo":{"@type":"ImageObject","inLanguage":"fr-FR","@id":"https:\/\/centrevaldeloirebasketballpatrimoine.org\/#\/schema\/logo\/image\/","url":"https:\/\/i0.wp.com\/centrevaldeloirebasketballpatrimoine.org\/wp-content\/uploads\/2019\/06\/LigueRegionale-CENTRE-VAL-DE-LOIRE-Vertical-694x1024.jpg?fit=694%2C1024&ssl=1","contentUrl":"https:\/\/i0.wp.com\/centrevaldeloirebasketballpatrimoine.org\/wp-content\/uploads\/2019\/06\/LigueRegionale-CENTRE-VAL-DE-LOIRE-Vertical-694x1024.jpg?fit=694%2C1024&ssl=1","width":694,"height":1024,"caption":"Patrimoine Basket Ligue Centre-Val de Loire"},"image":{"@id":"https:\/\/centrevaldeloirebasketballpatrimoine.org\/#\/schema\/logo\/image\/"},"sameAs":["https:\/\/www.facebook.com\/LigueBasketCentre","https:\/\/x.com\/BasketCentre","https:\/\/www.instagram.com\/liguebasketcentre\/","https:\/\/www.linkedin.com\/company\/ligue-du-centre-val-de-loire-de-basketball"]}]}},"_links":{"self":[{"href":"https:\/\/centrevaldeloirebasketballpatrimoine.org\/index.php\/wp-json\/wp\/v2\/pages\/224","targetHints":{"allow":["GET"]}}],"collection":[{"href":"https:\/\/centrevaldeloirebasketballpatrimoine.org\/index.php\/wp-json\/wp\/v2\/pages"}],"about":[{"href":"https:\/\/centrevaldeloirebasketballpatrimoine.org\/index.php\/wp-json\/wp\/v2\/types\/page"}],"author":[{"embeddable":true,"href":"https:\/\/centrevaldeloirebasketballpatrimoine.org\/index.php\/wp-json\/wp\/v2\/users\/1"}],"replies":[{"embeddable":true,"href":"https:\/\/centrevaldeloirebasketballpatrimoine.org\/index.php\/wp-json\/wp\/v2\/comments?post=224"}],"version-history":[{"count":0,"href":"https:\/\/centrevaldeloirebasketballpatrimoine.org\/index.php\/wp-json\/wp\/v2\/pages\/224\/revisions"}],"wp:attachment":[{"href":"https:\/\/centrevaldeloirebasketballpatrimoine.org\/index.php\/wp-json\/wp\/v2\/media?parent=224"}],"curies":[{"name":"wp","href":"https:\/\/api.w.org\/{rel}","templated":true}]}}