{"id":22,"date":"2019-06-21T21:15:00","date_gmt":"2019-06-21T19:15:00","guid":{"rendered":"http:\/\/centrevaldeloirebasketballpatrimoine.org\/?page_id=22"},"modified":"2019-09-17T18:59:53","modified_gmt":"2019-09-17T16:59:53","slug":"mediatheque","status":"publish","type":"page","link":"https:\/\/centrevaldeloirebasketballpatrimoine.org\/index.php\/mediatheque\/","title":{"rendered":"M\u00e9diath\u00e8que"},"content":{"rendered":"<div id=\"mega-menu-wrap-max_mega_menu_5\" class=\"mega-menu-wrap\"><div class=\"mega-menu-toggle\"><div class=\"mega-toggle-blocks-left\"><\/div><div class=\"mega-toggle-blocks-center\"><\/div><div class=\"mega-toggle-blocks-right\"><div class='mega-toggle-block mega-menu-toggle-block mega-toggle-block-1' id='mega-toggle-block-1' tabindex='0'><button class='mega-toggle-standard mega-toggle-label' aria-expanded='false'><span class='mega-toggle-label-closed'>MENU<\/span><span class='mega-toggle-label-open'>MENU<\/span><\/button><\/div><\/div><\/div><ul id=\"mega-menu-max_mega_menu_5\" class=\"mega-menu max-mega-menu mega-menu-horizontal mega-no-js\" data-event=\"hover_intent\" data-effect=\"fade_up\" data-effect-speed=\"200\" data-effect-mobile=\"disabled\" data-effect-speed-mobile=\"0\" data-mobile-force-width=\"false\" data-second-click=\"go\" data-document-click=\"collapse\" data-vertical-behaviour=\"standard\" data-breakpoint=\"600\" data-unbind=\"true\" data-mobile-state=\"collapse_all\" data-mobile-direction=\"vertical\" data-hover-intent-timeout=\"300\" data-hover-intent-interval=\"100\"><li class=\"mega-menu-item mega-menu-item-type-post_type mega-menu-item-object-page mega-align-bottom-left mega-menu-flyout mega-menu-item-146\" id=\"mega-menu-item-146\"><a class=\"mega-menu-link\" href=\"https:\/\/centrevaldeloirebasketballpatrimoine.org\/index.php\/18-2\/\" tabindex=\"0\">M\u00e9dias du 18<\/a><\/li><li class=\"mega-menu-item mega-menu-item-type-post_type mega-menu-item-object-page mega-align-bottom-left mega-menu-flyout mega-menu-item-147\" id=\"mega-menu-item-147\"><a class=\"mega-menu-link\" href=\"https:\/\/centrevaldeloirebasketballpatrimoine.org\/index.php\/28-2\/\" tabindex=\"0\">M\u00e9dias du 28<\/a><\/li><li class=\"mega-menu-item mega-menu-item-type-post_type mega-menu-item-object-page mega-align-bottom-left mega-menu-flyout mega-menu-item-148\" id=\"mega-menu-item-148\"><a class=\"mega-menu-link\" href=\"https:\/\/centrevaldeloirebasketballpatrimoine.org\/index.php\/36-2\/\" tabindex=\"0\">M\u00e9dias du 36<\/a><\/li><li class=\"mega-menu-item mega-menu-item-type-post_type mega-menu-item-object-page mega-align-bottom-left mega-menu-flyout mega-menu-item-149\" id=\"mega-menu-item-149\"><a class=\"mega-menu-link\" href=\"https:\/\/centrevaldeloirebasketballpatrimoine.org\/index.php\/37-2\/\" tabindex=\"0\">M\u00e9dias du 37<\/a><\/li><li class=\"mega-menu-item mega-menu-item-type-post_type mega-menu-item-object-page mega-align-bottom-left mega-menu-flyout mega-menu-item-150\" id=\"mega-menu-item-150\"><a class=\"mega-menu-link\" href=\"https:\/\/centrevaldeloirebasketballpatrimoine.org\/index.php\/41-2\/\" tabindex=\"0\">M\u00e9dias du 41<\/a><\/li><li class=\"mega-menu-item mega-menu-item-type-post_type mega-menu-item-object-page mega-align-bottom-left mega-menu-flyout mega-menu-item-151\" id=\"mega-menu-item-151\"><a class=\"mega-menu-link\" href=\"https:\/\/centrevaldeloirebasketballpatrimoine.org\/index.php\/45-2\/\" tabindex=\"0\">M\u00e9dias du 45<\/a><\/li><li class=\"mega-menu-item mega-menu-item-type-post_type mega-menu-item-object-page mega-align-bottom-left mega-menu-flyout mega-menu-item-621\" id=\"mega-menu-item-621\"><a class=\"mega-menu-link\" href=\"https:\/\/centrevaldeloirebasketballpatrimoine.org\/index.php\/ligue\/\" tabindex=\"0\">Ligue<\/a><\/li><\/ul><\/div>\n\n\n\n<p> D\u00e9couvrez ici les vid\u00e9os qui retracent les grands moments du basket-ball r\u00e9gional.<\/p>\n","protected":false},"excerpt":{"rendered":"<p>D\u00e9couvrez ici les vid\u00e9os qui retracent les grands moments du basket-ball r\u00e9gional.<\/p>\n","protected":false},"author":1,"featured_media":0,"parent":0,"menu_order":0,"comment_status":"closed","ping_status":"closed","template":"","meta":{"footnotes":""},"class_list":["post-22","page","type-page","status-publish","hentry"],"yoast_head":"<!-- This site is optimized with the Yoast SEO plugin v27.5 - https:\/\/yoast.com\/product\/yoast-seo-wordpress\/ -->\n<title>M\u00e9diath\u00e8que - patrimoine<\/title>\n<meta name=\"description\" content=\"Patrimoine historique du basket en r\u00e9gion Centre-Val de Loire.\" \/>\n<meta name=\"robots\" content=\"index, follow, max-snippet:-1, max-image-preview:large, max-video-preview:-1\" \/>\n<link rel=\"canonical\" href=\"https:\/\/centrevaldeloirebasketballpatrimoine.org\/index.php\/mediatheque\/\" \/>\n<meta property=\"og:locale\" content=\"fr_FR\" \/>\n<meta property=\"og:type\" content=\"article\" \/>\n<meta property=\"og:title\" content=\"M\u00e9diath\u00e8que - patrimoine\" \/>\n<meta property=\"og:description\" content=\"Patrimoine historique du basket en r\u00e9gion Centre-Val de Loire.\" \/>\n<meta property=\"og:url\" content=\"https:\/\/centrevaldeloirebasketballpatrimoine.org\/index.php\/mediatheque\/\" \/>\n<meta property=\"article:publisher\" content=\"https:\/\/www.facebook.com\/LigueBasketCentre\" \/>\n<meta property=\"article:modified_time\" content=\"2019-09-17T16:59:53+00:00\" \/>\n<meta name=\"twitter:card\" content=\"summary_large_image\" \/>\n<meta name=\"twitter:site\" content=\"@BasketCentre\" \/>\n<script type=\"application\/ld+json\" class=\"yoast-schema-graph\">{\"@context\":\"https:\\\/\\\/schema.org\",\"@graph\":[{\"@type\":\"WebPage\",\"@id\":\"https:\\\/\\\/centrevaldeloirebasketballpatrimoine.org\\\/index.php\\\/mediatheque\\\/\",\"url\":\"https:\\\/\\\/centrevaldeloirebasketballpatrimoine.org\\\/index.php\\\/mediatheque\\\/\",\"name\":\"M\u00e9diath\u00e8que - patrimoine\",\"isPartOf\":{\"@id\":\"https:\\\/\\\/centrevaldeloirebasketballpatrimoine.org\\\/#website\"},\"datePublished\":\"2019-06-21T19:15:00+00:00\",\"dateModified\":\"2019-09-17T16:59:53+00:00\",\"description\":\"Patrimoine historique du basket en r\u00e9gion Centre-Val de Loire.\",\"breadcrumb\":{\"@id\":\"https:\\\/\\\/centrevaldeloirebasketballpatrimoine.org\\\/index.php\\\/mediatheque\\\/#breadcrumb\"},\"inLanguage\":\"fr-FR\",\"potentialAction\":[{\"@type\":\"ReadAction\",\"target\":[\"https:\\\/\\\/centrevaldeloirebasketballpatrimoine.org\\\/index.php\\\/mediatheque\\\/\"]}]},{\"@type\":\"BreadcrumbList\",\"@id\":\"https:\\\/\\\/centrevaldeloirebasketballpatrimoine.org\\\/index.php\\\/mediatheque\\\/#breadcrumb\",\"itemListElement\":[{\"@type\":\"ListItem\",\"position\":1,\"name\":\"Accueil\",\"item\":\"https:\\\/\\\/centrevaldeloirebasketballpatrimoine.org\\\/\"},{\"@type\":\"ListItem\",\"position\":2,\"name\":\"M\u00e9diath\u00e8que\"}]},{\"@type\":\"WebSite\",\"@id\":\"https:\\\/\\\/centrevaldeloirebasketballpatrimoine.org\\\/#website\",\"url\":\"https:\\\/\\\/centrevaldeloirebasketballpatrimoine.org\\\/\",\"name\":\"\",\"description\":\"Site officiel Commission Patrimoine de la Ligue Centre-Val de Loire de BasketBall\",\"publisher\":{\"@id\":\"https:\\\/\\\/centrevaldeloirebasketballpatrimoine.org\\\/#organization\"},\"potentialAction\":[{\"@type\":\"SearchAction\",\"target\":{\"@type\":\"EntryPoint\",\"urlTemplate\":\"https:\\\/\\\/centrevaldeloirebasketballpatrimoine.org\\\/?s={search_term_string}\"},\"query-input\":{\"@type\":\"PropertyValueSpecification\",\"valueRequired\":true,\"valueName\":\"search_term_string\"}}],\"inLanguage\":\"fr-FR\"},{\"@type\":\"Organization\",\"@id\":\"https:\\\/\\\/centrevaldeloirebasketballpatrimoine.org\\\/#organization\",\"name\":\"Patrimoine Basket Ligue Centre-Val de Loire\",\"url\":\"https:\\\/\\\/centrevaldeloirebasketballpatrimoine.org\\\/\",\"logo\":{\"@type\":\"ImageObject\",\"inLanguage\":\"fr-FR\",\"@id\":\"https:\\\/\\\/centrevaldeloirebasketballpatrimoine.org\\\/#\\\/schema\\\/logo\\\/image\\\/\",\"url\":\"https:\\\/\\\/i0.wp.com\\\/centrevaldeloirebasketballpatrimoine.org\\\/wp-content\\\/uploads\\\/2019\\\/06\\\/LigueRegionale-CENTRE-VAL-DE-LOIRE-Vertical-694x1024.jpg?fit=694%2C1024&ssl=1\",\"contentUrl\":\"https:\\\/\\\/i0.wp.com\\\/centrevaldeloirebasketballpatrimoine.org\\\/wp-content\\\/uploads\\\/2019\\\/06\\\/LigueRegionale-CENTRE-VAL-DE-LOIRE-Vertical-694x1024.jpg?fit=694%2C1024&ssl=1\",\"width\":694,\"height\":1024,\"caption\":\"Patrimoine Basket Ligue Centre-Val de Loire\"},\"image\":{\"@id\":\"https:\\\/\\\/centrevaldeloirebasketballpatrimoine.org\\\/#\\\/schema\\\/logo\\\/image\\\/\"},\"sameAs\":[\"https:\\\/\\\/www.facebook.com\\\/LigueBasketCentre\",\"https:\\\/\\\/x.com\\\/BasketCentre\",\"https:\\\/\\\/www.instagram.com\\\/liguebasketcentre\\\/\",\"https:\\\/\\\/www.linkedin.com\\\/company\\\/ligue-du-centre-val-de-loire-de-basketball\"]}]}<\/script>\n<!-- \/ Yoast SEO plugin. -->","yoast_head_json":{"title":"M\u00e9diath\u00e8que - patrimoine","description":"Patrimoine historique du basket en r\u00e9gion Centre-Val de Loire.","robots":{"index":"index","follow":"follow","max-snippet":"max-snippet:-1","max-image-preview":"max-image-preview:large","max-video-preview":"max-video-preview:-1"},"canonical":"https:\/\/centrevaldeloirebasketballpatrimoine.org\/index.php\/mediatheque\/","og_locale":"fr_FR","og_type":"article","og_title":"M\u00e9diath\u00e8que - patrimoine","og_description":"Patrimoine historique du basket en r\u00e9gion Centre-Val de Loire.","og_url":"https:\/\/centrevaldeloirebasketballpatrimoine.org\/index.php\/mediatheque\/","article_publisher":"https:\/\/www.facebook.com\/LigueBasketCentre","article_modified_time":"2019-09-17T16:59:53+00:00","twitter_card":"summary_large_image","twitter_site":"@BasketCentre","schema":{"@context":"https:\/\/schema.org","@graph":[{"@type":"WebPage","@id":"https:\/\/centrevaldeloirebasketballpatrimoine.org\/index.php\/mediatheque\/","url":"https:\/\/centrevaldeloirebasketballpatrimoine.org\/index.php\/mediatheque\/","name":"M\u00e9diath\u00e8que - patrimoine","isPartOf":{"@id":"https:\/\/centrevaldeloirebasketballpatrimoine.org\/#website"},"datePublished":"2019-06-21T19:15:00+00:00","dateModified":"2019-09-17T16:59:53+00:00","description":"Patrimoine historique du basket en r\u00e9gion Centre-Val de Loire.","breadcrumb":{"@id":"https:\/\/centrevaldeloirebasketballpatrimoine.org\/index.php\/mediatheque\/#breadcrumb"},"inLanguage":"fr-FR","potentialAction":[{"@type":"ReadAction","target":["https:\/\/centrevaldeloirebasketballpatrimoine.org\/index.php\/mediatheque\/"]}]},{"@type":"BreadcrumbList","@id":"https:\/\/centrevaldeloirebasketballpatrimoine.org\/index.php\/mediatheque\/#breadcrumb","itemListElement":[{"@type":"ListItem","position":1,"name":"Accueil","item":"https:\/\/centrevaldeloirebasketballpatrimoine.org\/"},{"@type":"ListItem","position":2,"name":"M\u00e9diath\u00e8que"}]},{"@type":"WebSite","@id":"https:\/\/centrevaldeloirebasketballpatrimoine.org\/#website","url":"https:\/\/centrevaldeloirebasketballpatrimoine.org\/","name":"","description":"Site officiel Commission Patrimoine de la Ligue Centre-Val de Loire de BasketBall","publisher":{"@id":"https:\/\/centrevaldeloirebasketballpatrimoine.org\/#organization"},"potentialAction":[{"@type":"SearchAction","target":{"@type":"EntryPoint","urlTemplate":"https:\/\/centrevaldeloirebasketballpatrimoine.org\/?s={search_term_string}"},"query-input":{"@type":"PropertyValueSpecification","valueRequired":true,"valueName":"search_term_string"}}],"inLanguage":"fr-FR"},{"@type":"Organization","@id":"https:\/\/centrevaldeloirebasketballpatrimoine.org\/#organization","name":"Patrimoine Basket Ligue Centre-Val de Loire","url":"https:\/\/centrevaldeloirebasketballpatrimoine.org\/","logo":{"@type":"ImageObject","inLanguage":"fr-FR","@id":"https:\/\/centrevaldeloirebasketballpatrimoine.org\/#\/schema\/logo\/image\/","url":"https:\/\/i0.wp.com\/centrevaldeloirebasketballpatrimoine.org\/wp-content\/uploads\/2019\/06\/LigueRegionale-CENTRE-VAL-DE-LOIRE-Vertical-694x1024.jpg?fit=694%2C1024&ssl=1","contentUrl":"https:\/\/i0.wp.com\/centrevaldeloirebasketballpatrimoine.org\/wp-content\/uploads\/2019\/06\/LigueRegionale-CENTRE-VAL-DE-LOIRE-Vertical-694x1024.jpg?fit=694%2C1024&ssl=1","width":694,"height":1024,"caption":"Patrimoine Basket Ligue Centre-Val de Loire"},"image":{"@id":"https:\/\/centrevaldeloirebasketballpatrimoine.org\/#\/schema\/logo\/image\/"},"sameAs":["https:\/\/www.facebook.com\/LigueBasketCentre","https:\/\/x.com\/BasketCentre","https:\/\/www.instagram.com\/liguebasketcentre\/","https:\/\/www.linkedin.com\/company\/ligue-du-centre-val-de-loire-de-basketball"]}]}},"_links":{"self":[{"href":"https:\/\/centrevaldeloirebasketballpatrimoine.org\/index.php\/wp-json\/wp\/v2\/pages\/22","targetHints":{"allow":["GET"]}}],"collection":[{"href":"https:\/\/centrevaldeloirebasketballpatrimoine.org\/index.php\/wp-json\/wp\/v2\/pages"}],"about":[{"href":"https:\/\/centrevaldeloirebasketballpatrimoine.org\/index.php\/wp-json\/wp\/v2\/types\/page"}],"author":[{"embeddable":true,"href":"https:\/\/centrevaldeloirebasketballpatrimoine.org\/index.php\/wp-json\/wp\/v2\/users\/1"}],"replies":[{"embeddable":true,"href":"https:\/\/centrevaldeloirebasketballpatrimoine.org\/index.php\/wp-json\/wp\/v2\/comments?post=22"}],"version-history":[{"count":0,"href":"https:\/\/centrevaldeloirebasketballpatrimoine.org\/index.php\/wp-json\/wp\/v2\/pages\/22\/revisions"}],"wp:attachment":[{"href":"https:\/\/centrevaldeloirebasketballpatrimoine.org\/index.php\/wp-json\/wp\/v2\/media?parent=22"}],"curies":[{"name":"wp","href":"https:\/\/api.w.org\/{rel}","templated":true}]}}