{"id":11344,"date":"2020-12-28T16:37:32","date_gmt":"2020-12-28T15:37:32","guid":{"rendered":"https:\/\/centrevaldeloirebasketballpatrimoine.org\/?page_id=11344"},"modified":"2020-12-28T16:37:35","modified_gmt":"2020-12-28T15:37:35","slug":"1989-statistiques-du-7eme-tournoi-mondial-feminin-dorleans-montargis-et-st-jean-de-braye","status":"publish","type":"page","link":"https:\/\/centrevaldeloirebasketballpatrimoine.org\/index.php\/1989-statistiques-du-7eme-tournoi-mondial-feminin-dorleans-montargis-et-st-jean-de-braye\/","title":{"rendered":"1989: Statistiques du 7\u00e8me Tournoi Mondial F\u00e9minin d&rsquo;Orl\u00e9ans, Montargis et St Jean de Braye."},"content":{"rendered":"\n<h2 class=\"has-text-align-center wp-block-heading\"><em><span style=\"color:#a30009\" class=\"has-inline-color\">Statistiques du Tournoi<\/span><\/em><\/h2>\n\n\n\n<h2 class=\"has-text-align-center wp-block-heading\"><em><span class=\"has-inline-color has-primary-color\">Les Meilleures Marqueuses<\/span><\/em><\/h2>\n\n\n\n<div class=\"wp-block-image\"><figure class=\"aligncenter size-large\"><img decoding=\"async\" width=\"613\" height=\"867\" data-src=\"https:\/\/centrevaldeloirebasketballpatrimoine.org\/wp-content\/uploads\/2020\/12\/1T-2.jpg\" alt=\"\" class=\"wp-image-11345 lazyload\" data-srcset=\"https:\/\/centrevaldeloirebasketballpatrimoine.org\/wp-content\/uploads\/2020\/12\/1T-2.jpg 613w, https:\/\/centrevaldeloirebasketballpatrimoine.org\/wp-content\/uploads\/2020\/12\/1T-2-212x300.jpg 212w\" data-sizes=\"(max-width: 613px) 100vw, 613px\" src=\"data:image\/gif;base64,R0lGODlhAQABAAAAACH5BAEKAAEALAAAAAABAAEAAAICTAEAOw==\" style=\"--smush-placeholder-width: 613px; --smush-placeholder-aspect-ratio: 613\/867;\" \/><\/figure><\/div>\n\n\n\n<h3 class=\"has-text-align-center wp-block-heading\"><span class=\"has-inline-color has-primary-color\">Soir\u00e9e du 31 Mai 1989<\/span> <span class=\"has-inline-color has-primary-color\">\u00e0 Orl\u00e9ans<\/span><\/h3>\n\n\n\n<div class=\"wp-block-image\"><figure class=\"aligncenter size-large\"><img decoding=\"async\" width=\"1024\" height=\"774\" data-src=\"https:\/\/centrevaldeloirebasketballpatrimoine.org\/wp-content\/uploads\/2020\/12\/2T-classement-meilleures-marqueuses-1024x774.jpg\" alt=\"\" class=\"wp-image-11346 lazyload\" data-srcset=\"https:\/\/centrevaldeloirebasketballpatrimoine.org\/wp-content\/uploads\/2020\/12\/2T-classement-meilleures-marqueuses-1024x774.jpg 1024w, https:\/\/centrevaldeloirebasketballpatrimoine.org\/wp-content\/uploads\/2020\/12\/2T-classement-meilleures-marqueuses-300x227.jpg 300w, https:\/\/centrevaldeloirebasketballpatrimoine.org\/wp-content\/uploads\/2020\/12\/2T-classement-meilleures-marqueuses-768x581.jpg 768w, https:\/\/centrevaldeloirebasketballpatrimoine.org\/wp-content\/uploads\/2020\/12\/2T-classement-meilleures-marqueuses-80x60.jpg 80w, https:\/\/centrevaldeloirebasketballpatrimoine.org\/wp-content\/uploads\/2020\/12\/2T-classement-meilleures-marqueuses.jpg 1143w\" data-sizes=\"(max-width: 1024px) 100vw, 1024px\" src=\"data:image\/gif;base64,R0lGODlhAQABAAAAACH5BAEKAAEALAAAAAABAAEAAAICTAEAOw==\" style=\"--smush-placeholder-width: 1024px; --smush-placeholder-aspect-ratio: 1024\/774;\" \/><\/figure><\/div>\n\n\n\n<div class=\"wp-block-image\"><figure class=\"aligncenter size-large\"><img decoding=\"async\" width=\"615\" height=\"865\" data-src=\"https:\/\/centrevaldeloirebasketballpatrimoine.org\/wp-content\/uploads\/2020\/12\/3T-3.jpg\" alt=\"\" class=\"wp-image-11349 lazyload\" data-srcset=\"https:\/\/centrevaldeloirebasketballpatrimoine.org\/wp-content\/uploads\/2020\/12\/3T-3.jpg 615w, https:\/\/centrevaldeloirebasketballpatrimoine.org\/wp-content\/uploads\/2020\/12\/3T-3-213x300.jpg 213w\" data-sizes=\"(max-width: 615px) 100vw, 615px\" src=\"data:image\/gif;base64,R0lGODlhAQABAAAAACH5BAEKAAEALAAAAAABAAEAAAICTAEAOw==\" style=\"--smush-placeholder-width: 615px; --smush-placeholder-aspect-ratio: 615\/865;\" \/><\/figure><\/div>\n\n\n\n<h3 class=\"has-text-align-center wp-block-heading\"><span class=\"has-inline-color has-primary-color\">Soir\u00e9e du 1er Juin 1989 \u00e0 Montargis<\/span><\/h3>\n\n\n\n<figure class=\"wp-block-image size-large\"><img decoding=\"async\" width=\"1024\" height=\"801\" data-src=\"https:\/\/centrevaldeloirebasketballpatrimoine.org\/wp-content\/uploads\/2020\/12\/4T-MARQUEUSES-1024x801.jpg\" alt=\"\" class=\"wp-image-11347 lazyload\" data-srcset=\"https:\/\/centrevaldeloirebasketballpatrimoine.org\/wp-content\/uploads\/2020\/12\/4T-MARQUEUSES-1024x801.jpg 1024w, https:\/\/centrevaldeloirebasketballpatrimoine.org\/wp-content\/uploads\/2020\/12\/4T-MARQUEUSES-300x235.jpg 300w, https:\/\/centrevaldeloirebasketballpatrimoine.org\/wp-content\/uploads\/2020\/12\/4T-MARQUEUSES-768x601.jpg 768w, https:\/\/centrevaldeloirebasketballpatrimoine.org\/wp-content\/uploads\/2020\/12\/4T-MARQUEUSES.jpg 1111w\" data-sizes=\"(max-width: 1024px) 100vw, 1024px\" src=\"data:image\/gif;base64,R0lGODlhAQABAAAAACH5BAEKAAEALAAAAAABAAEAAAICTAEAOw==\" style=\"--smush-placeholder-width: 1024px; --smush-placeholder-aspect-ratio: 1024\/801;\" \/><\/figure>\n\n\n\n<div class=\"wp-block-image\"><figure class=\"aligncenter size-large\"><img decoding=\"async\" width=\"617\" height=\"868\" data-src=\"https:\/\/centrevaldeloirebasketballpatrimoine.org\/wp-content\/uploads\/2020\/12\/5T-2.jpg\" alt=\"\" class=\"wp-image-11350 lazyload\" data-srcset=\"https:\/\/centrevaldeloirebasketballpatrimoine.org\/wp-content\/uploads\/2020\/12\/5T-2.jpg 617w, https:\/\/centrevaldeloirebasketballpatrimoine.org\/wp-content\/uploads\/2020\/12\/5T-2-213x300.jpg 213w\" data-sizes=\"(max-width: 617px) 100vw, 617px\" src=\"data:image\/gif;base64,R0lGODlhAQABAAAAACH5BAEKAAEALAAAAAABAAEAAAICTAEAOw==\" style=\"--smush-placeholder-width: 617px; --smush-placeholder-aspect-ratio: 617\/868;\" \/><\/figure><\/div>\n\n\n\n<h3 class=\"has-text-align-center wp-block-heading\"><span class=\"has-inline-color has-primary-color\">Soir\u00e9e du 2 Juin \u00e0 St Jean de Braye<\/span><\/h3>\n\n\n\n<div class=\"wp-block-image\"><figure class=\"aligncenter size-large\"><img decoding=\"async\" width=\"812\" height=\"869\" data-src=\"https:\/\/centrevaldeloirebasketballpatrimoine.org\/wp-content\/uploads\/2020\/12\/6T-Marqueuses.jpg\" alt=\"\" class=\"wp-image-11351 lazyload\" data-srcset=\"https:\/\/centrevaldeloirebasketballpatrimoine.org\/wp-content\/uploads\/2020\/12\/6T-Marqueuses.jpg 812w, https:\/\/centrevaldeloirebasketballpatrimoine.org\/wp-content\/uploads\/2020\/12\/6T-Marqueuses-280x300.jpg 280w, https:\/\/centrevaldeloirebasketballpatrimoine.org\/wp-content\/uploads\/2020\/12\/6T-Marqueuses-768x822.jpg 768w\" data-sizes=\"(max-width: 812px) 100vw, 812px\" src=\"data:image\/gif;base64,R0lGODlhAQABAAAAACH5BAEKAAEALAAAAAABAAEAAAICTAEAOw==\" style=\"--smush-placeholder-width: 812px; --smush-placeholder-aspect-ratio: 812\/869;\" \/><\/figure><\/div>\n\n\n\n<h6 class=\"wp-block-heading\"><em><span style=\"color:#a3000d\" class=\"has-inline-color\">Source: Archives de JC Bois<\/span><\/em><\/h6>\n\n\n\n<p><\/p>\n","protected":false},"excerpt":{"rendered":"<p>Statistiques du Tournoi Les Meilleures Marqueuses Soir\u00e9e du 31 Mai 1989 \u00e0 Orl\u00e9ans Soir\u00e9e du 1er Juin 1989 \u00e0 Montargis Soir\u00e9e du 2 Juin \u00e0 St Jean de Braye Source: [&hellip;]<\/p>\n","protected":false},"author":4,"featured_media":11345,"parent":0,"menu_order":0,"comment_status":"closed","ping_status":"closed","template":"","meta":{"footnotes":""},"class_list":["post-11344","page","type-page","status-publish","has-post-thumbnail","hentry"],"yoast_head":"<!-- This site is optimized with the Yoast SEO plugin v27.3 - https:\/\/yoast.com\/product\/yoast-seo-wordpress\/ -->\n<title>1989: Statistiques du 7\u00e8me Tournoi Mondial F\u00e9minin d&#039;Orl\u00e9ans, Montargis et St Jean de Braye. - patrimoine<\/title>\n<meta name=\"description\" content=\"Patrimoine historique du basket en r\u00e9gion Centre-Val de Loire.\" \/>\n<meta name=\"robots\" content=\"index, follow, max-snippet:-1, max-image-preview:large, max-video-preview:-1\" \/>\n<link rel=\"canonical\" href=\"https:\/\/centrevaldeloirebasketballpatrimoine.org\/index.php\/1989-statistiques-du-7eme-tournoi-mondial-feminin-dorleans-montargis-et-st-jean-de-braye\/\" \/>\n<meta property=\"og:locale\" content=\"fr_FR\" \/>\n<meta property=\"og:type\" content=\"article\" \/>\n<meta property=\"og:title\" content=\"1989: Statistiques du 7\u00e8me Tournoi Mondial F\u00e9minin d&#039;Orl\u00e9ans, Montargis et St Jean de Braye. - patrimoine\" \/>\n<meta property=\"og:description\" content=\"Patrimoine historique du basket en r\u00e9gion Centre-Val de Loire.\" \/>\n<meta property=\"og:url\" content=\"https:\/\/centrevaldeloirebasketballpatrimoine.org\/index.php\/1989-statistiques-du-7eme-tournoi-mondial-feminin-dorleans-montargis-et-st-jean-de-braye\/\" \/>\n<meta property=\"article:publisher\" content=\"https:\/\/www.facebook.com\/LigueBasketCentre\" \/>\n<meta property=\"article:modified_time\" content=\"2020-12-28T15:37:35+00:00\" \/>\n<meta property=\"og:image\" content=\"https:\/\/i0.wp.com\/centrevaldeloirebasketballpatrimoine.org\/wp-content\/uploads\/2020\/12\/1T-2.jpg?fit=613%2C867&ssl=1\" \/>\n\t<meta property=\"og:image:width\" content=\"613\" \/>\n\t<meta property=\"og:image:height\" content=\"867\" \/>\n\t<meta property=\"og:image:type\" content=\"image\/jpeg\" \/>\n<meta name=\"twitter:card\" content=\"summary_large_image\" \/>\n<meta name=\"twitter:site\" content=\"@BasketCentre\" \/>\n<script type=\"application\/ld+json\" class=\"yoast-schema-graph\">{\"@context\":\"https:\\\/\\\/schema.org\",\"@graph\":[{\"@type\":\"WebPage\",\"@id\":\"https:\\\/\\\/centrevaldeloirebasketballpatrimoine.org\\\/index.php\\\/1989-statistiques-du-7eme-tournoi-mondial-feminin-dorleans-montargis-et-st-jean-de-braye\\\/\",\"url\":\"https:\\\/\\\/centrevaldeloirebasketballpatrimoine.org\\\/index.php\\\/1989-statistiques-du-7eme-tournoi-mondial-feminin-dorleans-montargis-et-st-jean-de-braye\\\/\",\"name\":\"1989: Statistiques du 7\u00e8me Tournoi Mondial F\u00e9minin d'Orl\u00e9ans, Montargis et St Jean de Braye. - patrimoine\",\"isPartOf\":{\"@id\":\"https:\\\/\\\/centrevaldeloirebasketballpatrimoine.org\\\/#website\"},\"primaryImageOfPage\":{\"@id\":\"https:\\\/\\\/centrevaldeloirebasketballpatrimoine.org\\\/index.php\\\/1989-statistiques-du-7eme-tournoi-mondial-feminin-dorleans-montargis-et-st-jean-de-braye\\\/#primaryimage\"},\"image\":{\"@id\":\"https:\\\/\\\/centrevaldeloirebasketballpatrimoine.org\\\/index.php\\\/1989-statistiques-du-7eme-tournoi-mondial-feminin-dorleans-montargis-et-st-jean-de-braye\\\/#primaryimage\"},\"thumbnailUrl\":\"https:\\\/\\\/centrevaldeloirebasketballpatrimoine.org\\\/wp-content\\\/uploads\\\/2020\\\/12\\\/1T-2.jpg\",\"datePublished\":\"2020-12-28T15:37:32+00:00\",\"dateModified\":\"2020-12-28T15:37:35+00:00\",\"description\":\"Patrimoine historique du basket en r\u00e9gion Centre-Val de Loire.\",\"breadcrumb\":{\"@id\":\"https:\\\/\\\/centrevaldeloirebasketballpatrimoine.org\\\/index.php\\\/1989-statistiques-du-7eme-tournoi-mondial-feminin-dorleans-montargis-et-st-jean-de-braye\\\/#breadcrumb\"},\"inLanguage\":\"fr-FR\",\"potentialAction\":[{\"@type\":\"ReadAction\",\"target\":[\"https:\\\/\\\/centrevaldeloirebasketballpatrimoine.org\\\/index.php\\\/1989-statistiques-du-7eme-tournoi-mondial-feminin-dorleans-montargis-et-st-jean-de-braye\\\/\"]}]},{\"@type\":\"ImageObject\",\"inLanguage\":\"fr-FR\",\"@id\":\"https:\\\/\\\/centrevaldeloirebasketballpatrimoine.org\\\/index.php\\\/1989-statistiques-du-7eme-tournoi-mondial-feminin-dorleans-montargis-et-st-jean-de-braye\\\/#primaryimage\",\"url\":\"https:\\\/\\\/centrevaldeloirebasketballpatrimoine.org\\\/wp-content\\\/uploads\\\/2020\\\/12\\\/1T-2.jpg\",\"contentUrl\":\"https:\\\/\\\/centrevaldeloirebasketballpatrimoine.org\\\/wp-content\\\/uploads\\\/2020\\\/12\\\/1T-2.jpg\",\"width\":613,\"height\":867},{\"@type\":\"BreadcrumbList\",\"@id\":\"https:\\\/\\\/centrevaldeloirebasketballpatrimoine.org\\\/index.php\\\/1989-statistiques-du-7eme-tournoi-mondial-feminin-dorleans-montargis-et-st-jean-de-braye\\\/#breadcrumb\",\"itemListElement\":[{\"@type\":\"ListItem\",\"position\":1,\"name\":\"Accueil\",\"item\":\"https:\\\/\\\/centrevaldeloirebasketballpatrimoine.org\\\/\"},{\"@type\":\"ListItem\",\"position\":2,\"name\":\"1989: Statistiques du 7\u00e8me Tournoi Mondial F\u00e9minin d&#8217;Orl\u00e9ans, Montargis et St Jean de Braye.\"}]},{\"@type\":\"WebSite\",\"@id\":\"https:\\\/\\\/centrevaldeloirebasketballpatrimoine.org\\\/#website\",\"url\":\"https:\\\/\\\/centrevaldeloirebasketballpatrimoine.org\\\/\",\"name\":\"\",\"description\":\"Site officiel Commission Patrimoine de la Ligue Centre-Val de Loire de BasketBall\",\"publisher\":{\"@id\":\"https:\\\/\\\/centrevaldeloirebasketballpatrimoine.org\\\/#organization\"},\"potentialAction\":[{\"@type\":\"SearchAction\",\"target\":{\"@type\":\"EntryPoint\",\"urlTemplate\":\"https:\\\/\\\/centrevaldeloirebasketballpatrimoine.org\\\/?s={search_term_string}\"},\"query-input\":{\"@type\":\"PropertyValueSpecification\",\"valueRequired\":true,\"valueName\":\"search_term_string\"}}],\"inLanguage\":\"fr-FR\"},{\"@type\":\"Organization\",\"@id\":\"https:\\\/\\\/centrevaldeloirebasketballpatrimoine.org\\\/#organization\",\"name\":\"Patrimoine Basket Ligue Centre-Val de Loire\",\"url\":\"https:\\\/\\\/centrevaldeloirebasketballpatrimoine.org\\\/\",\"logo\":{\"@type\":\"ImageObject\",\"inLanguage\":\"fr-FR\",\"@id\":\"https:\\\/\\\/centrevaldeloirebasketballpatrimoine.org\\\/#\\\/schema\\\/logo\\\/image\\\/\",\"url\":\"https:\\\/\\\/i0.wp.com\\\/centrevaldeloirebasketballpatrimoine.org\\\/wp-content\\\/uploads\\\/2019\\\/06\\\/LigueRegionale-CENTRE-VAL-DE-LOIRE-Vertical-694x1024.jpg?fit=694%2C1024&ssl=1\",\"contentUrl\":\"https:\\\/\\\/i0.wp.com\\\/centrevaldeloirebasketballpatrimoine.org\\\/wp-content\\\/uploads\\\/2019\\\/06\\\/LigueRegionale-CENTRE-VAL-DE-LOIRE-Vertical-694x1024.jpg?fit=694%2C1024&ssl=1\",\"width\":694,\"height\":1024,\"caption\":\"Patrimoine Basket Ligue Centre-Val de Loire\"},\"image\":{\"@id\":\"https:\\\/\\\/centrevaldeloirebasketballpatrimoine.org\\\/#\\\/schema\\\/logo\\\/image\\\/\"},\"sameAs\":[\"https:\\\/\\\/www.facebook.com\\\/LigueBasketCentre\",\"https:\\\/\\\/x.com\\\/BasketCentre\",\"https:\\\/\\\/www.instagram.com\\\/liguebasketcentre\\\/\",\"https:\\\/\\\/www.linkedin.com\\\/company\\\/ligue-du-centre-val-de-loire-de-basketball\"]}]}<\/script>\n<!-- \/ Yoast SEO plugin. -->","yoast_head_json":{"title":"1989: Statistiques du 7\u00e8me Tournoi Mondial F\u00e9minin d'Orl\u00e9ans, Montargis et St Jean de Braye. - patrimoine","description":"Patrimoine historique du basket en r\u00e9gion Centre-Val de Loire.","robots":{"index":"index","follow":"follow","max-snippet":"max-snippet:-1","max-image-preview":"max-image-preview:large","max-video-preview":"max-video-preview:-1"},"canonical":"https:\/\/centrevaldeloirebasketballpatrimoine.org\/index.php\/1989-statistiques-du-7eme-tournoi-mondial-feminin-dorleans-montargis-et-st-jean-de-braye\/","og_locale":"fr_FR","og_type":"article","og_title":"1989: Statistiques du 7\u00e8me Tournoi Mondial F\u00e9minin d'Orl\u00e9ans, Montargis et St Jean de Braye. - patrimoine","og_description":"Patrimoine historique du basket en r\u00e9gion Centre-Val de Loire.","og_url":"https:\/\/centrevaldeloirebasketballpatrimoine.org\/index.php\/1989-statistiques-du-7eme-tournoi-mondial-feminin-dorleans-montargis-et-st-jean-de-braye\/","article_publisher":"https:\/\/www.facebook.com\/LigueBasketCentre","article_modified_time":"2020-12-28T15:37:35+00:00","og_image":[{"width":613,"height":867,"url":"https:\/\/i0.wp.com\/centrevaldeloirebasketballpatrimoine.org\/wp-content\/uploads\/2020\/12\/1T-2.jpg?fit=613%2C867&ssl=1","type":"image\/jpeg"}],"twitter_card":"summary_large_image","twitter_site":"@BasketCentre","schema":{"@context":"https:\/\/schema.org","@graph":[{"@type":"WebPage","@id":"https:\/\/centrevaldeloirebasketballpatrimoine.org\/index.php\/1989-statistiques-du-7eme-tournoi-mondial-feminin-dorleans-montargis-et-st-jean-de-braye\/","url":"https:\/\/centrevaldeloirebasketballpatrimoine.org\/index.php\/1989-statistiques-du-7eme-tournoi-mondial-feminin-dorleans-montargis-et-st-jean-de-braye\/","name":"1989: Statistiques du 7\u00e8me Tournoi Mondial F\u00e9minin d'Orl\u00e9ans, Montargis et St Jean de Braye. - patrimoine","isPartOf":{"@id":"https:\/\/centrevaldeloirebasketballpatrimoine.org\/#website"},"primaryImageOfPage":{"@id":"https:\/\/centrevaldeloirebasketballpatrimoine.org\/index.php\/1989-statistiques-du-7eme-tournoi-mondial-feminin-dorleans-montargis-et-st-jean-de-braye\/#primaryimage"},"image":{"@id":"https:\/\/centrevaldeloirebasketballpatrimoine.org\/index.php\/1989-statistiques-du-7eme-tournoi-mondial-feminin-dorleans-montargis-et-st-jean-de-braye\/#primaryimage"},"thumbnailUrl":"https:\/\/centrevaldeloirebasketballpatrimoine.org\/wp-content\/uploads\/2020\/12\/1T-2.jpg","datePublished":"2020-12-28T15:37:32+00:00","dateModified":"2020-12-28T15:37:35+00:00","description":"Patrimoine historique du basket en r\u00e9gion Centre-Val de Loire.","breadcrumb":{"@id":"https:\/\/centrevaldeloirebasketballpatrimoine.org\/index.php\/1989-statistiques-du-7eme-tournoi-mondial-feminin-dorleans-montargis-et-st-jean-de-braye\/#breadcrumb"},"inLanguage":"fr-FR","potentialAction":[{"@type":"ReadAction","target":["https:\/\/centrevaldeloirebasketballpatrimoine.org\/index.php\/1989-statistiques-du-7eme-tournoi-mondial-feminin-dorleans-montargis-et-st-jean-de-braye\/"]}]},{"@type":"ImageObject","inLanguage":"fr-FR","@id":"https:\/\/centrevaldeloirebasketballpatrimoine.org\/index.php\/1989-statistiques-du-7eme-tournoi-mondial-feminin-dorleans-montargis-et-st-jean-de-braye\/#primaryimage","url":"https:\/\/centrevaldeloirebasketballpatrimoine.org\/wp-content\/uploads\/2020\/12\/1T-2.jpg","contentUrl":"https:\/\/centrevaldeloirebasketballpatrimoine.org\/wp-content\/uploads\/2020\/12\/1T-2.jpg","width":613,"height":867},{"@type":"BreadcrumbList","@id":"https:\/\/centrevaldeloirebasketballpatrimoine.org\/index.php\/1989-statistiques-du-7eme-tournoi-mondial-feminin-dorleans-montargis-et-st-jean-de-braye\/#breadcrumb","itemListElement":[{"@type":"ListItem","position":1,"name":"Accueil","item":"https:\/\/centrevaldeloirebasketballpatrimoine.org\/"},{"@type":"ListItem","position":2,"name":"1989: Statistiques du 7\u00e8me Tournoi Mondial F\u00e9minin d&#8217;Orl\u00e9ans, Montargis et St Jean de Braye."}]},{"@type":"WebSite","@id":"https:\/\/centrevaldeloirebasketballpatrimoine.org\/#website","url":"https:\/\/centrevaldeloirebasketballpatrimoine.org\/","name":"","description":"Site officiel Commission Patrimoine de la Ligue Centre-Val de Loire de BasketBall","publisher":{"@id":"https:\/\/centrevaldeloirebasketballpatrimoine.org\/#organization"},"potentialAction":[{"@type":"SearchAction","target":{"@type":"EntryPoint","urlTemplate":"https:\/\/centrevaldeloirebasketballpatrimoine.org\/?s={search_term_string}"},"query-input":{"@type":"PropertyValueSpecification","valueRequired":true,"valueName":"search_term_string"}}],"inLanguage":"fr-FR"},{"@type":"Organization","@id":"https:\/\/centrevaldeloirebasketballpatrimoine.org\/#organization","name":"Patrimoine Basket Ligue Centre-Val de Loire","url":"https:\/\/centrevaldeloirebasketballpatrimoine.org\/","logo":{"@type":"ImageObject","inLanguage":"fr-FR","@id":"https:\/\/centrevaldeloirebasketballpatrimoine.org\/#\/schema\/logo\/image\/","url":"https:\/\/i0.wp.com\/centrevaldeloirebasketballpatrimoine.org\/wp-content\/uploads\/2019\/06\/LigueRegionale-CENTRE-VAL-DE-LOIRE-Vertical-694x1024.jpg?fit=694%2C1024&ssl=1","contentUrl":"https:\/\/i0.wp.com\/centrevaldeloirebasketballpatrimoine.org\/wp-content\/uploads\/2019\/06\/LigueRegionale-CENTRE-VAL-DE-LOIRE-Vertical-694x1024.jpg?fit=694%2C1024&ssl=1","width":694,"height":1024,"caption":"Patrimoine Basket Ligue Centre-Val de Loire"},"image":{"@id":"https:\/\/centrevaldeloirebasketballpatrimoine.org\/#\/schema\/logo\/image\/"},"sameAs":["https:\/\/www.facebook.com\/LigueBasketCentre","https:\/\/x.com\/BasketCentre","https:\/\/www.instagram.com\/liguebasketcentre\/","https:\/\/www.linkedin.com\/company\/ligue-du-centre-val-de-loire-de-basketball"]}]}},"_links":{"self":[{"href":"https:\/\/centrevaldeloirebasketballpatrimoine.org\/index.php\/wp-json\/wp\/v2\/pages\/11344","targetHints":{"allow":["GET"]}}],"collection":[{"href":"https:\/\/centrevaldeloirebasketballpatrimoine.org\/index.php\/wp-json\/wp\/v2\/pages"}],"about":[{"href":"https:\/\/centrevaldeloirebasketballpatrimoine.org\/index.php\/wp-json\/wp\/v2\/types\/page"}],"author":[{"embeddable":true,"href":"https:\/\/centrevaldeloirebasketballpatrimoine.org\/index.php\/wp-json\/wp\/v2\/users\/4"}],"replies":[{"embeddable":true,"href":"https:\/\/centrevaldeloirebasketballpatrimoine.org\/index.php\/wp-json\/wp\/v2\/comments?post=11344"}],"version-history":[{"count":0,"href":"https:\/\/centrevaldeloirebasketballpatrimoine.org\/index.php\/wp-json\/wp\/v2\/pages\/11344\/revisions"}],"wp:featuredmedia":[{"embeddable":true,"href":"https:\/\/centrevaldeloirebasketballpatrimoine.org\/index.php\/wp-json\/wp\/v2\/media\/11345"}],"wp:attachment":[{"href":"https:\/\/centrevaldeloirebasketballpatrimoine.org\/index.php\/wp-json\/wp\/v2\/media?parent=11344"}],"curies":[{"name":"wp","href":"https:\/\/api.w.org\/{rel}","templated":true}]}}